{"id":108,"date":"2025-09-18T12:12:02","date_gmt":"2025-09-18T10:12:02","guid":{"rendered":"http:\/\/localhost:10249\/?page_id=108"},"modified":"2026-03-03T08:52:30","modified_gmt":"2026-03-03T07:52:30","slug":"jouw-bezoek","status":"publish","type":"page","link":"https:\/\/debevelanden.nl\/de\/jouw-bezoek\/","title":{"rendered":"Dein Besuch"},"content":{"rendered":"<section class=\"block page-header block--page-header\">\n                    <div class=\"block--page-header__shape  block--page-header__shape--noord-beveland\">\n                <svg preserveaspectratio=\"none\"  viewbox=\"0 0 1440 928\"  class=\"h-100 w-100 d-none d-xl-block\" fill=\"none\" xmlns=\"http:\/\/www.w3.org\/2000\/svg\" aria-hidden=\"true\" focusable=\"false\">\n                    <image href=\"https:\/\/debevelanden.nl\/wp-content\/themes\/debevelanden\/resources\/images\/page-header\/noord-beveland.svg\" class=\"h-100 w-100\" x=\"0\" y=\"0\"\/>\n                <\/svg>\n                <svg preserveaspectratio=\"none\"  viewbox=\"0 0 320 332\"  class=\"h-100 w-100 d-block d-xl-none\" fill=\"none\" xmlns=\"http:\/\/www.w3.org\/2000\/svg\" aria-hidden=\"true\" focusable=\"false\">\n                    <image href=\"https:\/\/debevelanden.nl\/wp-content\/themes\/debevelanden\/resources\/images\/page-header\/noord-beveland-mobile.svg\" class=\"h-100 w-100\" x=\"0\" y=\"0\"\/>\n                <\/svg>\n            <\/div>\n                <div class=\"block pb-11\">\n                            <div data-aos=\"fade-up\">\n                                    <\/div>\n                    <\/div>\n        <div class=\"container\">\n            <div class=\"row\">\n                <div class=\"col-xl-9\">\n                    <div class=\"block--page-header__title\" data-aos=\"fade-up\">\n                        <h1 class=\"mb-2 mb-lg-5 h1\" >\n        <span class=\"d-none d-lg-block\">\n            Dein <span class=\"duffy-font\">Besuch<\/span> an <br>De Bevelanden\n        <\/span>\n\n        <span class=\"d-block d-lg-none\">\n            Dein <span class=\"duffy-font\">Besuch<\/span> an <br>De Bevelanden\n        <\/span>\n    <\/h1>\n                    <\/div>\n                <\/div>\n                <div class=\"col-xl-3 mt-auto\">\n                                    <\/div>\n                <div class=\"col-md-11 offset-md-1 mt-6\">\n                    <div data-aos=\"fade-up\" data-aos-delay=\"150\">\n                                                    <figure\n        class=\"image block--page-header__media\"\n        \n    >\n        <img decoding=\"async\"\n            class=\"image__img image-position--center\"\n            src=\"https:\/\/debevelanden.nl\/wp-content\/uploads\/2025\/10\/BD_REGIOPORTAAL_FRANK_021-scaled-e1772114093897.webp\"\n            alt=\"\"\n            loading=\"lazy\"\n        \/>\n                \n    <\/figure>\n                                            <\/div>\n                <\/div>\n            <\/div>\n        <\/div>\n    <\/section>\n\n\n<section class=\"block text-nav block--text-nav\">\n        <div class=\"container\">\n            <div class=\"row\">\n                <div class=\"col-xl-6 offset-xl-1\">\n                    <div class=\"text-wrapper intro-text\"><p>Ob Sie f\u00fcr einen Tag frische Luft schnappen, einen Wochenendausflug planen oder einfach nur entspannen m\u00f6chten: De Bevelanden hei\u00dfen Sie herzlich willkommen. Gehen Sie aufs Rad und erkunden Sie Deiche und D\u00f6rfer, probieren Sie lokale K\u00f6stlichkeiten, tauchen Sie ins Zeel\u00e4ndische Wasser ein oder genie\u00dfen Sie die Stille der Natur. Es gibt unz\u00e4hlige \u00dcbernachtungsm\u00f6glichkeiten, von gem\u00fctlichen B&amp;Bs bis hin zu Campingpl\u00e4tzen mit Aussicht. Und m\u00f6chten Sie Ihr Erlebnis teilen? Lassen Sie es uns wissen, Ihre Geschichte macht De Bevelanden noch sch\u00f6ner.<\/p>\n<\/div>\n                <\/div>\n                <div class=\"col-xl-3 offset-xl-1 mt-8 mt-xl-0\">\n                                            <ul class=\"list-unstyled mt-xxl-2\">\n                                                            <li class=\"mb-3 mb-xxl-6\">\n                                    <a\n                            href=\"#vervoer\"\n                                        aria-label=\"Kommen Sie zu De Bevelanden (zu Abschnitt auf dieser Seite)\"\n                                                    \n                        class=\"btn btn--transparent btn--transparent--dark-green btn--arrow wp-block-text-nav\"\n        >\n                            <i class=\"icon icon-arrow-right\" aria-hidden=\"true\" focusable=\"false\"><\/i>\n                        <span>Komm zu De Bevelanden<\/span>\n        <\/a>\n    \n                                    <\/li>\n                                                            <li class=\"\">\n                                    <a\n                            href=\"#slapen\"\n                                        aria-label=\"Aufenthalt in De Bevelanden (zur\u00fcck zu den Abschnitt auf dieser Seite)\"\n                                                    \n                        class=\"btn btn--transparent btn--transparent--dark-green btn--arrow wp-block-text-nav\"\n        >\n                            <i class=\"icon icon-arrow-right\" aria-hidden=\"true\" focusable=\"false\"><\/i>\n                        <span>Aufenthalt in De Bevelanden<\/span>\n        <\/a>\n    \n                                    <\/li>\n                                                    <\/ul>\n                                    <\/div>\n            <\/div>\n        <\/div>\n    <\/section>\n\n\n<div class=\"hash-target\" id=\"vervoer\"><\/div>\n    <section class=\"block page-items block--page-items\" id=\"&lt;div class=&quot;hash-target&quot; id=&quot;vervoer&quot;&gt;&lt;\/div&gt;\">\n        <div class=\"container\">\n            <div class=\"row mb-5\">\n                <div class=\"col-lg my-auto\">\n                    <h2 class=\"mb-0 h2\" >\n        <span class=\"d-none d-lg-block\">\n            Wie kommst du hierher\n        <\/span>\n\n        <span class=\"d-block d-lg-none\">\n            Wie kommst du hierher\n        <\/span>\n    <\/h2>\n                <\/div>\n            <\/div>\n        <\/div>\n        <div class=\"overflow-hidden\">\n            <div class=\"container\">\n                                    <div class=\"row\">\n                        <div class=\"col-xl-5 col-lg-6\">\n                            <div class=\"text-wrapper mb-6\"><p>De Bevelanden liegen zentral in Zeeland und sind gut erreichbar. Ob Sie mit dem Auto anreisen, entspannt mit \u00f6ffentlichen Verkehrsmitteln reisen oder mit dem Fahrrad in die Region fahren: Die Anreise ist bereits Teil des Erlebnisses. Welche Art des Reisens Sie auch w\u00e4hlen, die Bevelanden hei\u00dfen Sie mit Weite, Ruhe und Ausblicken willkommen.<\/p>\n<\/div>\n                        <\/div>\n                    <\/div>\n                \n                <div class=\"block--page-items__swiper swiper-box\">\n                    <div class=\"swiper-wrapper\">\n                                                    \n                            <div class=\"swiper-slide\">\n                                <a href=\"https:\/\/debevelanden.nl\/de\/jouw-bezoek\/met-de-auto\/\" class=\"tip-item\" aria-label=\"Mehr erfahren \u00fcber Mit dem Auto\">\n                                    <div>\n                                        <img decoding=\"async\" src=\"https:\/\/debevelanden.nl\/wp-content\/uploads\/2026\/02\/DSC07601-1-e1772110440141.webp\" alt=\"Met de auto\" class=\"tip-item__image center\">\n                                        \n                                                                                    \n                                        \n                                        <div class=\"btn btn--transparent btn--transparent--sand-white btn--arrow\">\n                                            <i class=\"icon icon-arrow-right\" aria-hidden=\"true\"><\/i>\n                                            <span>Mit dem Auto<\/span>\n                                        <\/div>\n                                    <\/div>\n                                <\/a>\n                            <\/div>\n                                                    \n                            <div class=\"swiper-slide\">\n                                <a href=\"https:\/\/debevelanden.nl\/de\/jouw-bezoek\/met-het-openbaar-vervoer\/\" class=\"tip-item\" aria-label=\"Mehr erfahren \u00fcber Mit \u00f6ffentlichen Verkehrsmitteln\">\n                                    <div>\n                                        <img decoding=\"async\" src=\"https:\/\/debevelanden.nl\/wp-content\/uploads\/2026\/02\/IMG_9029-1.webp\" alt=\"Met het openbaar vervoer\" class=\"tip-item__image center\">\n                                        \n                                                                                    \n                                        \n                                        <div class=\"btn btn--transparent btn--transparent--sand-white btn--arrow\">\n                                            <i class=\"icon icon-arrow-right\" aria-hidden=\"true\"><\/i>\n                                            <span>Mit \u00f6ffentlichen Verkehrsmitteln<\/span>\n                                        <\/div>\n                                    <\/div>\n                                <\/a>\n                            <\/div>\n                                                    \n                            <div class=\"swiper-slide\">\n                                <a href=\"https:\/\/debevelanden.nl\/de\/jouw-bezoek\/met-de-fiets\/\" class=\"tip-item\" aria-label=\"Lesen Sie mehr \u00fcber Mit dem Fahrrad\">\n                                    <div>\n                                        <img decoding=\"async\" src=\"https:\/\/debevelanden.nl\/wp-content\/uploads\/2026\/02\/ChatGPT-Image-25-feb-2026-09_35_55-kopie.webp\" alt=\"Met de fiets\" class=\"tip-item__image center\">\n                                        \n                                                                                    \n                                        \n                                        <div class=\"btn btn--transparent btn--transparent--sand-white btn--arrow\">\n                                            <i class=\"icon icon-arrow-right\" aria-hidden=\"true\"><\/i>\n                                            <span>Mit dem Fahrrad<\/span>\n                                        <\/div>\n                                    <\/div>\n                                <\/a>\n                            <\/div>\n                                            <\/div>\n                    \n                    <div class=\"row mt-5 mt-lg-0\">\n                        <div class=\"col text-right my-auto\">\n                            <div class=\"swiper-controls d-flex justify-content-end mt-0 mt-lg-5\">\n    <button\n        type=\"button\"\n        class=\"me-5 swiper-button swiper-button--prev block--page-items__swiper__nav block--page-items__swiper__nav-swiper-button--prev\"\n        aria-label=\"Vorheriges Dia\"\n        aria-disabled=\"false\"\n    >\n        <i class=\"icon icon-arrow-left\" aria-hidden=\"true\"><\/i>\n    <\/button>\n    <button\n        type=\"button\"\n        class=\"swiper-button swiper-button--next block--page-items__swiper__nav block--page-items__swiper__nav-swiper-button--next\"\n        aria-label=\"N\u00e4chste Folie\"\n        aria-disabled=\"false\"\n    >\n        <i class=\"icon icon-arrow-right\" aria-hidden=\"true\"><\/i>\n    <\/button>\n<\/div>\n                        <\/div>\n                    <\/div>\n                <\/div>\n            <\/div>\n        <\/div>\n    <\/section>\n\n\n<div class=\"hash-target\" id=\"slapen\"><\/div>\n    <section class=\"block page-items block--page-items\" id=\"&lt;div class=&quot;hash-target&quot; id=&quot;slapen&quot;&gt;&lt;\/div&gt;\">\n        <div class=\"container\">\n            <div class=\"row mb-5\">\n                <div class=\"col-lg my-auto\">\n                    <h2 class=\"mb-0 h2\" >\n        <span class=\"d-none d-lg-block\">\n            Schlaf gut in De Bevelanden\n        <\/span>\n\n        <span class=\"d-block d-lg-none\">\n            Schlaf gut in De Bevelanden\n        <\/span>\n    <\/h2>\n                <\/div>\n            <\/div>\n        <\/div>\n        <div class=\"overflow-hidden\">\n            <div class=\"container\">\n                                    <div class=\"row\">\n                        <div class=\"col-xl-5 col-lg-6\">\n                            <div class=\"text-wrapper mb-6\"><p>Nach einem Tag voller Entdeckungen gibt es nichts Sch\u00f6neres, als sich an einem sch\u00f6nen Ort niederzulassen. Das Angebot an \u00dcbernachtungsm\u00f6glichkeiten ist so vielf\u00e4ltig wie die Bevelanden selbst. Von komfortablen Hotels und charmanten B&amp;Bs bis hin zu Campingpl\u00e4tzen am Wasser und ger\u00e4umigen Gruppenunterk\u00fcnften im Gr\u00fcnen. Hier wachen Sie mit Blick auf Deiche, D\u00f6rfer oder Wasser auf und der Tag klingt in aller Ruhe aus. Was auch immer Ihre W\u00fcnsche oder Ihr Budget sind, es gibt immer einen Ort, an dem Sie sich willkommen f\u00fchlen und sich richtig entspannen k\u00f6nnen.<\/p>\n<\/div>\n                        <\/div>\n                    <\/div>\n                \n                <div class=\"block--page-items__swiper swiper-box\">\n                    <div class=\"swiper-wrapper\">\n                                                    \n                            <div class=\"swiper-slide\">\n                                <a href=\"https:\/\/debevelanden.nl\/de\/jouw-bezoek\/hotel-en-bb\/\" class=\"tip-item\" aria-label=\"Mehr \u00fcber Hotel und B&amp;B\">\n                                    <div>\n                                        <img decoding=\"async\" src=\"https:\/\/debevelanden.nl\/wp-content\/uploads\/2026\/02\/ChatGPT-Image-26-feb-2026-13_49_07-kopie-e1772113486271.webp\" alt=\"Hotel en B&amp;amp;B\" class=\"tip-item__image center\">\n                                        \n                                                                                    \n                                        \n                                        <div class=\"btn btn--transparent btn--transparent--sand-white btn--arrow\">\n                                            <i class=\"icon icon-arrow-right\" aria-hidden=\"true\"><\/i>\n                                            <span>Hotel und B&amp;B<\/span>\n                                        <\/div>\n                                    <\/div>\n                                <\/a>\n                            <\/div>\n                                                    \n                            <div class=\"swiper-slide\">\n                                <a href=\"https:\/\/debevelanden.nl\/de\/jouw-bezoek\/campings\/\" class=\"tip-item\" aria-label=\"Mehr \u00fcber Campingpl\u00e4tze erfahren\">\n                                    <div>\n                                        <img decoding=\"async\" src=\"https:\/\/debevelanden.nl\/wp-content\/uploads\/2026\/02\/ChatGPT-Image-26-feb-2026-11_09_07-kopie-e1772100918341.webp\" alt=\"Campings\" class=\"tip-item__image center\">\n                                        \n                                                                                    \n                                        \n                                        <div class=\"btn btn--transparent btn--transparent--sand-white btn--arrow\">\n                                            <i class=\"icon icon-arrow-right\" aria-hidden=\"true\"><\/i>\n                                            <span>Campingpl\u00e4tze<\/span>\n                                        <\/div>\n                                    <\/div>\n                                <\/a>\n                            <\/div>\n                                                    \n                            <div class=\"swiper-slide\">\n                                <a href=\"https:\/\/debevelanden.nl\/de\/jouw-bezoek\/groepsaccommodaties\/\" class=\"tip-item\" aria-label=\"Mehr \u00fcber Gruppenunterk\u00fcnfte erfahren\">\n                                    <div>\n                                        <img decoding=\"async\" src=\"https:\/\/debevelanden.nl\/wp-content\/uploads\/2026\/02\/ChatGPT-Image-26-feb-2026-13_31_06-kopie.webp\" alt=\"Groepsaccommodaties\" class=\"tip-item__image center\">\n                                        \n                                                                                    \n                                        \n                                        <div class=\"btn btn--transparent btn--transparent--sand-white btn--arrow\">\n                                            <i class=\"icon icon-arrow-right\" aria-hidden=\"true\"><\/i>\n                                            <span>Gruppenunterk\u00fcnfte<\/span>\n                                        <\/div>\n                                    <\/div>\n                                <\/a>\n                            <\/div>\n                                            <\/div>\n                    \n                    <div class=\"row mt-5 mt-lg-0\">\n                        <div class=\"col text-right my-auto\">\n                            <div class=\"swiper-controls d-flex justify-content-end mt-0 mt-lg-5\">\n    <button\n        type=\"button\"\n        class=\"me-5 swiper-button swiper-button--prev block--page-items__swiper__nav block--page-items__swiper__nav-swiper-button--prev\"\n        aria-label=\"Vorheriges Dia\"\n        aria-disabled=\"false\"\n    >\n        <i class=\"icon icon-arrow-left\" aria-hidden=\"true\"><\/i>\n    <\/button>\n    <button\n        type=\"button\"\n        class=\"swiper-button swiper-button--next block--page-items__swiper__nav block--page-items__swiper__nav-swiper-button--next\"\n        aria-label=\"N\u00e4chste Folie\"\n        aria-disabled=\"false\"\n    >\n        <i class=\"icon icon-arrow-right\" aria-hidden=\"true\"><\/i>\n    <\/button>\n<\/div>\n                        <\/div>\n                    <\/div>\n                <\/div>\n            <\/div>\n        <\/div>\n    <\/section>\n\n\n\n\n<section class=\"block quote block--quote\">\n        <div class=\"container\">\n                            <div class=\"row justify-content-sm-center text-sm-center text-xl-left justify-content-xl-start\">\n                    <div class=\"col-sm-10 col-lg-8 col-xl-4 col-xxl-3 offset-xl-1 offset-xxl-2\">\n                        <div class=\"block--quote__text\"><span class=\"duffy-font color-salty-blue\">\u201c<\/span>Warum du in De Bevelanden ein Zuhause findest, selbst wenn du noch nie dort warst.\u201d<\/div>\n                    <\/div>\n                    <div class=\"col-xxl-4 col-xl-5 offset-xl-1 mt-9 mt-xl-auto\">\n                                                                                    <div class=\"row g-2 g-xl-25 justify-content-sm-center justify-content-xl-end align-items-center mt-3 mt-xl-0\">\n                                                                            <div class=\"col-auto\">\n                                            <a\n                            href=\"https:\/\/debevelanden.nl\/de\/de-bevelanders\/\"\n                                                                \n                        class=\"btn btn--transparent btn--transparent--dark-green btn--arrow wp-block-quote\"\n        >\n                            <i class=\"icon icon-arrow-right\" aria-hidden=\"true\" focusable=\"false\"><\/i>\n                        <span>De Bevelanders<\/span>\n        <\/a>\n    \n                                            <\/div>\n                                                                    <\/div>\n                                                                        <\/div>\n                <\/div>\n                    <\/div>\n    <\/section>","protected":false},"excerpt":{"rendered":"","protected":false},"author":1,"featured_media":0,"parent":0,"menu_order":19,"comment_status":"closed","ping_status":"closed","template":"","meta":{"_acf_changed":false,"footnotes":""},"class_list":["post-108","page","type-page","status-publish","hentry"],"acf":[],"yoast_head":"<!-- This site is optimized with the Yoast SEO plugin v27.0 - https:\/\/yoast.com\/product\/yoast-seo-wordpress\/ -->\n<title>Jouw bezoek - De Bevelanden<\/title>\n<meta name=\"description\" content=\"Ontdek de dorpen van De Bevelanden. Van weids en open tot knus en historisch. Beleef een regio verbonden door water en traditie waar je je direct thuis voelt. - Jouw bezoek\" \/>\n<meta name=\"robots\" content=\"index, follow, max-snippet:-1, max-image-preview:large, max-video-preview:-1\" \/>\n<link rel=\"canonical\" href=\"https:\/\/debevelanden.nl\/de\/jouw-bezoek\/\" \/>\n<meta property=\"og:locale\" content=\"de_DE\" \/>\n<meta property=\"og:type\" content=\"article\" \/>\n<meta property=\"og:title\" content=\"Jouw bezoek - De Bevelanden\" \/>\n<meta property=\"og:description\" content=\"Ontdek de dorpen van De Bevelanden. Van weids en open tot knus en historisch. Beleef een regio verbonden door water en traditie waar je je direct thuis voelt. - Jouw bezoek\" \/>\n<meta property=\"og:url\" content=\"https:\/\/debevelanden.nl\/de\/jouw-bezoek\/\" \/>\n<meta property=\"og:site_name\" content=\"De Bevelanden\" \/>\n<meta property=\"article:modified_time\" content=\"2026-03-03T07:52:30+00:00\" \/>\n<meta name=\"twitter:card\" content=\"summary_large_image\" \/>\n<script type=\"application\/ld+json\" class=\"yoast-schema-graph\">{\"@context\":\"https:\/\/schema.org\",\"@graph\":[{\"@type\":\"WebPage\",\"@id\":\"https:\/\/debevelanden.nl\/jouw-bezoek\/\",\"url\":\"https:\/\/debevelanden.nl\/jouw-bezoek\/\",\"name\":\"Jouw bezoek - De Bevelanden\",\"isPartOf\":{\"@id\":\"https:\/\/debevelanden.nl\/#website\"},\"datePublished\":\"2025-09-18T10:12:02+00:00\",\"dateModified\":\"2026-03-03T07:52:30+00:00\",\"description\":\"Ontdek de dorpen van De Bevelanden. Van weids en open tot knus en historisch. Beleef een regio verbonden door water en traditie waar je je direct thuis voelt. - Jouw bezoek\",\"breadcrumb\":{\"@id\":\"https:\/\/debevelanden.nl\/jouw-bezoek\/#breadcrumb\"},\"inLanguage\":\"de\",\"potentialAction\":[{\"@type\":\"ReadAction\",\"target\":[\"https:\/\/debevelanden.nl\/jouw-bezoek\/\"]}]},{\"@type\":\"BreadcrumbList\",\"@id\":\"https:\/\/debevelanden.nl\/jouw-bezoek\/#breadcrumb\",\"itemListElement\":[{\"@type\":\"ListItem\",\"position\":1,\"name\":\"Home\",\"item\":\"https:\/\/debevelanden.nl\/\"},{\"@type\":\"ListItem\",\"position\":2,\"name\":\"Jouw bezoek\"}]},{\"@type\":\"WebSite\",\"@id\":\"https:\/\/debevelanden.nl\/#website\",\"url\":\"https:\/\/debevelanden.nl\/\",\"name\":\"De Bevelanden\",\"description\":\"\",\"potentialAction\":[{\"@type\":\"SearchAction\",\"target\":{\"@type\":\"EntryPoint\",\"urlTemplate\":\"https:\/\/debevelanden.nl\/?s={search_term_string}\"},\"query-input\":{\"@type\":\"PropertyValueSpecification\",\"valueRequired\":true,\"valueName\":\"search_term_string\"}}],\"inLanguage\":\"de\"}]}<\/script>\n<!-- \/ Yoast SEO plugin. -->","yoast_head_json":{"title":"Jouw bezoek - De Bevelanden","description":"Ontdek de dorpen van De Bevelanden. Van weids en open tot knus en historisch. Beleef een regio verbonden door water en traditie waar je je direct thuis voelt. - Jouw bezoek","robots":{"index":"index","follow":"follow","max-snippet":"max-snippet:-1","max-image-preview":"max-image-preview:large","max-video-preview":"max-video-preview:-1"},"canonical":"https:\/\/debevelanden.nl\/de\/jouw-bezoek\/","og_locale":"de_DE","og_type":"article","og_title":"Jouw bezoek - De Bevelanden","og_description":"Ontdek de dorpen van De Bevelanden. Van weids en open tot knus en historisch. Beleef een regio verbonden door water en traditie waar je je direct thuis voelt. - Jouw bezoek","og_url":"https:\/\/debevelanden.nl\/de\/jouw-bezoek\/","og_site_name":"De Bevelanden","article_modified_time":"2026-03-03T07:52:30+00:00","twitter_card":"summary_large_image","schema":{"@context":"https:\/\/schema.org","@graph":[{"@type":"WebPage","@id":"https:\/\/debevelanden.nl\/jouw-bezoek\/","url":"https:\/\/debevelanden.nl\/jouw-bezoek\/","name":"Jouw bezoek - De Bevelanden","isPartOf":{"@id":"https:\/\/debevelanden.nl\/#website"},"datePublished":"2025-09-18T10:12:02+00:00","dateModified":"2026-03-03T07:52:30+00:00","description":"Ontdek de dorpen van De Bevelanden. Van weids en open tot knus en historisch. Beleef een regio verbonden door water en traditie waar je je direct thuis voelt. - Jouw bezoek","breadcrumb":{"@id":"https:\/\/debevelanden.nl\/jouw-bezoek\/#breadcrumb"},"inLanguage":"de","potentialAction":[{"@type":"ReadAction","target":["https:\/\/debevelanden.nl\/jouw-bezoek\/"]}]},{"@type":"BreadcrumbList","@id":"https:\/\/debevelanden.nl\/jouw-bezoek\/#breadcrumb","itemListElement":[{"@type":"ListItem","position":1,"name":"Home","item":"https:\/\/debevelanden.nl\/"},{"@type":"ListItem","position":2,"name":"Jouw bezoek"}]},{"@type":"WebSite","@id":"https:\/\/debevelanden.nl\/#website","url":"https:\/\/debevelanden.nl\/","name":"De Bevelanden","description":"","potentialAction":[{"@type":"SearchAction","target":{"@type":"EntryPoint","urlTemplate":"https:\/\/debevelanden.nl\/?s={search_term_string}"},"query-input":{"@type":"PropertyValueSpecification","valueRequired":true,"valueName":"search_term_string"}}],"inLanguage":"de"}]}},"_links":{"self":[{"href":"https:\/\/debevelanden.nl\/de\/wp-json\/wp\/v2\/pages\/108","targetHints":{"allow":["GET"]}}],"collection":[{"href":"https:\/\/debevelanden.nl\/de\/wp-json\/wp\/v2\/pages"}],"about":[{"href":"https:\/\/debevelanden.nl\/de\/wp-json\/wp\/v2\/types\/page"}],"author":[{"embeddable":true,"href":"https:\/\/debevelanden.nl\/de\/wp-json\/wp\/v2\/users\/1"}],"replies":[{"embeddable":true,"href":"https:\/\/debevelanden.nl\/de\/wp-json\/wp\/v2\/comments?post=108"}],"version-history":[{"count":14,"href":"https:\/\/debevelanden.nl\/de\/wp-json\/wp\/v2\/pages\/108\/revisions"}],"predecessor-version":[{"id":1618,"href":"https:\/\/debevelanden.nl\/de\/wp-json\/wp\/v2\/pages\/108\/revisions\/1618"}],"wp:attachment":[{"href":"https:\/\/debevelanden.nl\/de\/wp-json\/wp\/v2\/media?parent=108"}],"curies":[{"name":"wp","href":"https:\/\/api.w.org\/{rel}","templated":true}]}}