{"id":11,"date":"2025-09-11T11:06:36","date_gmt":"2025-09-11T09:06:36","guid":{"rendered":"http:\/\/localhost:10249\/?page_id=11"},"modified":"2026-03-03T09:16:53","modified_gmt":"2026-03-03T08:16:53","slug":"privacy","status":"publish","type":"page","link":"https:\/\/debevelanden.nl\/de\/privacy\/","title":{"rendered":"Datenschutz"},"content":{"rendered":"<section class=\"block text block--text\">\n        <div class=\"container\">\n            <div class=\"row justify-content-center\">\n                <div class=\"col-xl-6 col-xxl-5\">\n                    <h1 class=\"wp-block-text h1\" >\n        <span class=\"d-none d-lg-block\">\n            Datenschutz\n        <\/span>\n\n        <span class=\"d-block d-lg-none\">\n            Datenschutz\n        <\/span>\n    <\/h1>\n                    <div class=\"text-wrapper\"><h4>1. Einleitung<\/h4>\n<p>In dieser Datenschutzerkl\u00e4rung k\u00f6nnen Sie nachlesen, wie wir mit Ihren (personenbezogenen) Daten umgehen. Haben Sie Fragen zu den Informationen in dieser Erkl\u00e4rung? Nehmen Sie dann mit uns Kontakt auf.<\/p>\n<h4>2. Anwendung<\/h4>\n<p>Diese Datenschutzerkl\u00e4rung gilt f\u00fcr alle Website-Besuche, Transaktionen und Vereinbarungen mit De Bevelanden.<\/p>\n<p>Gesch\u00e4ftsdaten<br \/>\nName: De Bevelanden<br \/>\nAdresse: Voorstraat 31, 4491 EV Wissenkerke<br \/>\nE-Mail: beleving@debevelanden.nl<br \/>\nWebseite: https:\/\/debevelanden.nl<\/p>\n<p>Die Webseite von De Bevelanden (https:\/\/debevelanden.nl) verarbeitet datenschutzsensible Daten, auch personenbezogene Daten genannt. De Bevelanden ist f\u00fcr die Verarbeitung dieser Daten verantwortlich und legt gro\u00dfen Wert auf einen sorgf\u00e4ltigen Umgang mit personenbezogenen Daten.<\/p>\n<p>Bei unserer Verarbeitung halten wir uns an die Anforderungen, die die Datenschutz-Grundverordnung (DSGVO) stellt. In dieser Datenschutzerkl\u00e4rung erkl\u00e4ren wir, welche personenbezogenen Daten wir sammeln. Au\u00dferdem erkl\u00e4ren wir, zu welchem Zweck wir diese Daten verwenden.<\/p>\n<h4>3. Personenbezogene Daten<\/h4>\n<p>Was sind personenbezogene Daten? Personenbezogene Daten sind Daten, die sich direkt auf eine Person beziehen oder Informationen, die auf eine Person zur\u00fcckgef\u00fchrt werden k\u00f6nnen. Beispiele f\u00fcr personenbezogene Daten sind: Name, Adresse, Wohnort, Telefonnummer, Postleitzahl, Hausnummer, Ethnie, Religion, Gesundheit usw.<\/p>\n<p>Bei Ihrem Websitebesuch oder Ihrer Zusammenarbeit mit De Bevelanden sind nicht alle diese Daten relevant. Wir bitten Sie, nur die personenbezogenen Daten anzugeben, die Sie f\u00fcr unsere Zusammenarbeit f\u00fcr erforderlich halten.<\/p>\n<h4>4. Zwecke<\/h4>\n<p>De Bevelanden sammelt personenbezogene Daten \u00fcber https:\/\/debevelanden.nl auf verschiedene Weise:<\/p>\n<p>Auf der Webseite formulieren<br \/>\n\u00dcber Google Analytics<\/p>\n<h4>Formulieren auf der Webseite<\/h4>\n<p>Die Webseite von De Bevelandenenth\u00e4lt eine Reihe von Formularen. In diesen Formularen bitten wir Sie um verschiedene personenbezogene Daten. Mit den Formularen k\u00f6nnen Sie sich \u00fcber die Dienstleistungen von De Bevelanden informieren. Beispiele f\u00fcr diese Formulare sind: \u2018Bewerbungsformular\u2019, \u2018Kontaktformular\u2019, \u2018Brosch\u00fcrenanfrage\u2019 usw.<\/p>\n<p>In den Formularen bitten wir Sie zum Beispiel um:<\/p>\n<p>Ihr Name<br \/>\nIhre Telefonnummer<br \/>\nIhre E-Mail-Adresse<br \/>\nIhr Unternehmen<\/p>\n<p>Mit diesen Formularen k\u00f6nnen Sie uns eine Frage stellen, sich f\u00fcr den Newsletter anmelden oder eine Anfrage f\u00fcr eine unserer Dienstleistungen stellen. Die Daten, die wir mit den Formularen sammeln, verwenden wir, um Ihre (An)frage zu beantworten. Dies tun wir per E-Mail oder telefonisch.<\/p>\n<p>Die von Ihnen in die Formulare eingegebenen Daten werden von uns f\u00fcr einen begrenzten Zeitraum gespeichert. Bei nachfolgenden Anfragen k\u00f6nnen wir leicht auf diese Daten zugreifen, solange sie noch in unserem System vorhanden sind. Anhand der Fragen und Antworten k\u00f6nnen wir auch unsere Mitarbeiter schulen, um Fragen besser bearbeiten zu k\u00f6nnen. Wir speichern die eingegebenen Daten maximal sechs Monate, nachdem Sie sie eingegeben haben.<\/p>\n<h4>Google Analytik<\/h4>\n<p>Die Webseite von De Bevelanden verwendet Google Analytics. Wir nutzen dieses Werkzeug, um anonyme, analytische Daten von unseren Webseitenbesuchern zu sammeln. Diese Webseitenstatistiken nutzen wir, um von unseren Webseitenbesuchern zu lernen und daraufhin unsere Produkte und Dienstleistungen anzupassen. Die Daten, die wir sammeln, sind anonym, wir k\u00f6nnen anhand der Informationen nicht herausfinden, wer die Personen hinter den Daten sind.<\/p>\n<p>Die gesammelten Informationen werden in Google-Rechenzentren gespeichert. Standorte der Rechenzentren:<\/p>\n<p>https:\/\/www.google.com\/about\/datacenters\/inside\/locations\/index.html<\/p>\n<p>\u00dcber die Verarbeitung dieser Daten haben wir mit Google Vereinbarungen \u00fcber eine Auftragsverarbeitungsvereinbarung getroffen. Google hat keine Erlaubnis, diese Daten f\u00fcr andere Anwendungen zu nutzen. Mehr \u00fcber die Datenschutzrichtlinien von Google finden Sie hier:<\/p>\n<p>https:\/\/policies.google.com\/privacy?hl=nl<\/p>\n<h4>5. Weitergabe an Dritte<\/h4>\n<p>Wir geben Ihre personenbezogenen Daten nur an Dritte (Unternehmen oder Institutionen) weiter, wenn dies gesetzlich vorgeschrieben ist. Zum Beispiel, wenn die Polizei dies bei Verdacht auf eine Straftat fordert.<\/p>\n<p>De Bevelanden arbeitet mit Subverarbeitern zusammen, beispielsweise mit unserem Website-Manager. Die Partner, mit denen wir zusammenarbeiten, k\u00f6nnen Ihre personenbezogenen Daten oder die Ihrer Kunden einsehen. Die Zusammenarbeit mit diesen Subverarbeitern ist f\u00fcr De Bevelanden f\u00fcr unsere Dienstleistung wesentlich. Um sicherzustellen, dass diese Subverarbeiter korrekt mit diesen Daten umgehen, hat De Bevelanden Verarbeitungsvertr\u00e4ge mit ihren Lieferanten abgeschlossen.<\/p>\n<p>Zus\u00e4tzlich befinden sich auf unserer Website Links zu Social-Media-Seiten. Wenn Sie auf diese Links klicken, sammeln diese Social-Media-Anbieter m\u00f6glicherweise personenbezogene Daten. Diese Erkl\u00e4rung gilt nur f\u00fcr https:\/\/debevelanden.nl. Wir k\u00f6nnen nicht garantieren, dass andere Parteien sorgf\u00e4ltig mit Ihren personenbezogenen Daten umgehen.<\/p>\n<h4>6. Einsicht, \u00c4nderung oder L\u00f6schung von personenbezogenen Daten<\/h4>\n<p>M\u00f6chten Sie etwas \u00fcber die personenbezogenen Daten wissen, die wir von Ihnen gesammelt haben? Nehmen Sie dann Kontakt mit uns auf. Die Kontaktdaten finden Sie unter Punkt 2 dieser Datenschutzerkl\u00e4rung. Bez\u00fcglich Ihrer personenbezogenen Daten d\u00fcrfen Sie uns jederzeit bitten um:<\/p>\n<p>Einsicht in die personenbezogenen Daten, die wir von Ihnen haben<br \/>\nErkl\u00e4rung dar\u00fcber, was wir mit Ihren personenbezogenen Daten machen<br \/>\nIhre pers\u00f6nlichen Daten anzupassen, falls diese inkorrekt sind<br \/>\nIhre pers\u00f6nlichen Daten zu l\u00f6schen, wenn diese nicht korrekt oder veraltet sind<\/p>\n<p>Dar\u00fcber hinaus k\u00f6nnen Sie Ihre Einwilligung zur Speicherung und Verarbeitung Ihrer personenbezogenen Daten jederzeit widerrufen oder der Art und Weise, wie wir Ihre personenbezogenen Daten verwenden, widersprechen.<\/p>\n<h4>7. Datenspeicherung<\/h4>\n<p>De Bevelanden speichert Ihre personenbezogenen Daten nicht l\u00e4nger als f\u00fcr die Erbringung unserer Dienstleistungen erforderlich. Sobald diese Daten nicht mehr ben\u00f6tigt werden, werden wir sie l\u00f6schen.<\/p>\n<h4>8. Sicherheit<\/h4>\n<p>De Bevelanden trifft passende Ma\u00dfnahmen zum Schutz personenbezogener Daten:<\/p>\n<p>Der Zugang zu pers\u00f6nlichen Daten wird mit einem Benutzernamen und Passwort gesch\u00fctzt<br \/>\nPersonenbezogene Daten werden auf einem gesch\u00fctzten System gespeichert, auf das nur Mitarbeiter von De Bevelanden zugreifen konnten.<br \/>\nMitarbeiter von De Bevelanden gehen vertraulich mit personenbezogenen Daten um<br \/>\nDe Bevelanden verwendet ein SSL-Zertifikat (Secure Socket Layer)<\/p>\n<h4>9. Beschwerden<\/h4>\n<p>Haben Sie eine Beschwerde dar\u00fcber, wie De Bevelanden mit Ihren pers\u00f6nlichen Daten umgeht? Wenden Sie sich in diesem Fall zuerst an uns. Wir werden Ihre Beschwerde anh\u00f6ren und bearbeiten. Sollten Sie danach der Meinung sein, dass wir keine gemeinsame L\u00f6sung finden k\u00f6nnen, k\u00f6nnen Sie einen Hinweis an die Beh\u00f6rde f\u00fcr personenbezogene Daten senden:<\/p>\n<p>https:\/\/autoriteitpersoonsgegevens.nl\/nl\/contact-met-de-autoriteit-persoonsgegevens\/tip-ons<\/p>\n<p>oder vor Gericht gehen.<\/p>\n<p>Fragen zu dieser Datenschutzerkl\u00e4rung? Kontaktieren Sie uns gerne per E-Mail unter beleving@debevelanden.nl.<\/p>\n<\/div>\n                    \n                                    <\/div>\n            <\/div>\n        <\/div>\n    <\/section>","protected":false},"excerpt":{"rendered":"","protected":false},"author":1,"featured_media":0,"parent":0,"menu_order":21,"comment_status":"closed","ping_status":"closed","template":"","meta":{"_acf_changed":false,"footnotes":""},"class_list":["post-11","page","type-page","status-publish","hentry"],"acf":[],"yoast_head":"<!-- This site is optimized with the Yoast SEO plugin v27.0 - https:\/\/yoast.com\/product\/yoast-seo-wordpress\/ -->\n<title>Privacy - De Bevelanden<\/title>\n<meta name=\"description\" content=\"Ontdek de dorpen van De Bevelanden. Van weids en open tot knus en historisch. Beleef een regio verbonden door water en traditie waar je je direct thuis voelt. - Privacy\" \/>\n<meta name=\"robots\" content=\"noindex, nofollow\" \/>\n<meta property=\"og:locale\" content=\"de_DE\" \/>\n<meta property=\"og:type\" content=\"article\" \/>\n<meta property=\"og:title\" content=\"Privacy - De Bevelanden\" \/>\n<meta property=\"og:description\" content=\"Ontdek de dorpen van De Bevelanden. Van weids en open tot knus en historisch. Beleef een regio verbonden door water en traditie waar je je direct thuis voelt. - Privacy\" \/>\n<meta property=\"og:url\" content=\"https:\/\/debevelanden.nl\/de\/privacy\/\" \/>\n<meta property=\"og:site_name\" content=\"De Bevelanden\" \/>\n<meta property=\"article:modified_time\" content=\"2026-03-03T08:16:53+00:00\" \/>\n<meta name=\"twitter:card\" content=\"summary_large_image\" \/>\n<script type=\"application\/ld+json\" class=\"yoast-schema-graph\">{\"@context\":\"https:\/\/schema.org\",\"@graph\":[{\"@type\":\"WebPage\",\"@id\":\"https:\/\/debevelanden.nl\/privacy\/\",\"url\":\"https:\/\/debevelanden.nl\/privacy\/\",\"name\":\"Privacy - De Bevelanden\",\"isPartOf\":{\"@id\":\"https:\/\/debevelanden.nl\/#website\"},\"datePublished\":\"2025-09-11T09:06:36+00:00\",\"dateModified\":\"2026-03-03T08:16:53+00:00\",\"description\":\"Ontdek de dorpen van De Bevelanden. Van weids en open tot knus en historisch. Beleef een regio verbonden door water en traditie waar je je direct thuis voelt. - Privacy\",\"breadcrumb\":{\"@id\":\"https:\/\/debevelanden.nl\/privacy\/#breadcrumb\"},\"inLanguage\":\"de\",\"potentialAction\":[{\"@type\":\"ReadAction\",\"target\":[\"https:\/\/debevelanden.nl\/privacy\/\"]}]},{\"@type\":\"BreadcrumbList\",\"@id\":\"https:\/\/debevelanden.nl\/privacy\/#breadcrumb\",\"itemListElement\":[{\"@type\":\"ListItem\",\"position\":1,\"name\":\"Home\",\"item\":\"https:\/\/debevelanden.nl\/\"},{\"@type\":\"ListItem\",\"position\":2,\"name\":\"Privacy\"}]},{\"@type\":\"WebSite\",\"@id\":\"https:\/\/debevelanden.nl\/#website\",\"url\":\"https:\/\/debevelanden.nl\/\",\"name\":\"De Bevelanden\",\"description\":\"\",\"potentialAction\":[{\"@type\":\"SearchAction\",\"target\":{\"@type\":\"EntryPoint\",\"urlTemplate\":\"https:\/\/debevelanden.nl\/?s={search_term_string}\"},\"query-input\":{\"@type\":\"PropertyValueSpecification\",\"valueRequired\":true,\"valueName\":\"search_term_string\"}}],\"inLanguage\":\"de\"}]}<\/script>\n<!-- \/ Yoast SEO plugin. -->","yoast_head_json":{"title":"Privacy - De Bevelanden","description":"Ontdek de dorpen van De Bevelanden. Van weids en open tot knus en historisch. Beleef een regio verbonden door water en traditie waar je je direct thuis voelt. - Privacy","robots":{"index":"noindex","follow":"nofollow"},"og_locale":"de_DE","og_type":"article","og_title":"Privacy - De Bevelanden","og_description":"Ontdek de dorpen van De Bevelanden. Van weids en open tot knus en historisch. Beleef een regio verbonden door water en traditie waar je je direct thuis voelt. - Privacy","og_url":"https:\/\/debevelanden.nl\/de\/privacy\/","og_site_name":"De Bevelanden","article_modified_time":"2026-03-03T08:16:53+00:00","twitter_card":"summary_large_image","schema":{"@context":"https:\/\/schema.org","@graph":[{"@type":"WebPage","@id":"https:\/\/debevelanden.nl\/privacy\/","url":"https:\/\/debevelanden.nl\/privacy\/","name":"Privacy - De Bevelanden","isPartOf":{"@id":"https:\/\/debevelanden.nl\/#website"},"datePublished":"2025-09-11T09:06:36+00:00","dateModified":"2026-03-03T08:16:53+00:00","description":"Ontdek de dorpen van De Bevelanden. Van weids en open tot knus en historisch. Beleef een regio verbonden door water en traditie waar je je direct thuis voelt. - Privacy","breadcrumb":{"@id":"https:\/\/debevelanden.nl\/privacy\/#breadcrumb"},"inLanguage":"de","potentialAction":[{"@type":"ReadAction","target":["https:\/\/debevelanden.nl\/privacy\/"]}]},{"@type":"BreadcrumbList","@id":"https:\/\/debevelanden.nl\/privacy\/#breadcrumb","itemListElement":[{"@type":"ListItem","position":1,"name":"Home","item":"https:\/\/debevelanden.nl\/"},{"@type":"ListItem","position":2,"name":"Privacy"}]},{"@type":"WebSite","@id":"https:\/\/debevelanden.nl\/#website","url":"https:\/\/debevelanden.nl\/","name":"De Bevelanden","description":"","potentialAction":[{"@type":"SearchAction","target":{"@type":"EntryPoint","urlTemplate":"https:\/\/debevelanden.nl\/?s={search_term_string}"},"query-input":{"@type":"PropertyValueSpecification","valueRequired":true,"valueName":"search_term_string"}}],"inLanguage":"de"}]}},"_links":{"self":[{"href":"https:\/\/debevelanden.nl\/de\/wp-json\/wp\/v2\/pages\/11","targetHints":{"allow":["GET"]}}],"collection":[{"href":"https:\/\/debevelanden.nl\/de\/wp-json\/wp\/v2\/pages"}],"about":[{"href":"https:\/\/debevelanden.nl\/de\/wp-json\/wp\/v2\/types\/page"}],"author":[{"embeddable":true,"href":"https:\/\/debevelanden.nl\/de\/wp-json\/wp\/v2\/users\/1"}],"replies":[{"embeddable":true,"href":"https:\/\/debevelanden.nl\/de\/wp-json\/wp\/v2\/comments?post=11"}],"version-history":[{"count":3,"href":"https:\/\/debevelanden.nl\/de\/wp-json\/wp\/v2\/pages\/11\/revisions"}],"predecessor-version":[{"id":1672,"href":"https:\/\/debevelanden.nl\/de\/wp-json\/wp\/v2\/pages\/11\/revisions\/1672"}],"wp:attachment":[{"href":"https:\/\/debevelanden.nl\/de\/wp-json\/wp\/v2\/media?parent=11"}],"curies":[{"name":"wp","href":"https:\/\/api.w.org\/{rel}","templated":true}]}}