{"id":120,"date":"2025-09-19T08:31:22","date_gmt":"2025-09-19T06:31:22","guid":{"rendered":"http:\/\/localhost:10249\/?page_id=120"},"modified":"2026-02-18T13:50:53","modified_gmt":"2026-02-18T12:50:53","slug":"de-bevelanders","status":"publish","type":"page","link":"https:\/\/debevelanden.nl\/de\/de-bevelanders\/","title":{"rendered":"De Bevelanders"},"content":{"rendered":"<section class=\"block page-header block--page-header\">\n                    <div class=\"block--page-header__shape  block--page-header__shape--noord-beveland\">\n                <svg preserveaspectratio=\"none\"  viewbox=\"0 0 1440 928\"  class=\"h-100 w-100 d-none d-xl-block\" fill=\"none\" xmlns=\"http:\/\/www.w3.org\/2000\/svg\" aria-hidden=\"true\" focusable=\"false\">\n                    <image href=\"https:\/\/debevelanden.nl\/wp-content\/themes\/debevelanden\/resources\/images\/page-header\/noord-beveland.svg\" class=\"h-100 w-100\" x=\"0\" y=\"0\"\/>\n                <\/svg>\n                <svg preserveaspectratio=\"none\"  viewbox=\"0 0 320 332\"  class=\"h-100 w-100 d-block d-xl-none\" fill=\"none\" xmlns=\"http:\/\/www.w3.org\/2000\/svg\" aria-hidden=\"true\" focusable=\"false\">\n                    <image href=\"https:\/\/debevelanden.nl\/wp-content\/themes\/debevelanden\/resources\/images\/page-header\/noord-beveland-mobile.svg\" class=\"h-100 w-100\" x=\"0\" y=\"0\"\/>\n                <\/svg>\n            <\/div>\n                <div class=\"block pb-11\">\n                            <div data-aos=\"fade-up\">\n                                    <\/div>\n                    <\/div>\n        <div class=\"container\">\n            <div class=\"row\">\n                <div class=\"col-xl-9\">\n                    <div class=\"block--page-header__title\" data-aos=\"fade-up\">\n                        <h1 class=\"mb-2 mb-lg-5 h1\" >\n        <span class=\"d-none d-lg-block\">\n            De Bevelanden, <br> reich an <span class=\"duffy-font\">Erz\u00e4hlungen<\/span>\n        <\/span>\n\n        <span class=\"d-block d-lg-none\">\n            De Bevelanden, reich an <span class=\"duffy-font\">Erz\u00e4hlungen<\/span>\n        <\/span>\n    <\/h1>\n                    <\/div>\n                <\/div>\n                <div class=\"col-xl-3 mt-auto\">\n                                    <\/div>\n                <div class=\"col-md-11 offset-md-1 mt-6\">\n                    <div data-aos=\"fade-up\" data-aos-delay=\"150\">\n                                                    <figure\n        class=\"image block--page-header__media\"\n        \n    >\n        <img decoding=\"async\"\n            class=\"image__img image-position--center\"\n            src=\"https:\/\/debevelanden.nl\/wp-content\/uploads\/2026\/02\/DSC09167-1.webp\"\n            alt=\"\"\n            loading=\"lazy\"\n        \/>\n                \n    <\/figure>\n                                            <\/div>\n                <\/div>\n            <\/div>\n        <\/div>\n    <\/section>\n\n\n<section class=\"block text-nav block--text-nav\">\n        <div class=\"container\">\n            <div class=\"row\">\n                <div class=\"col-xl-6 offset-xl-1\">\n                    <div class=\"text-wrapper intro-text\"><p>De Bevelanden ist keine Kulisse. Sie lebt. In den Menschen, die dort leben, arbeiten, sich k\u00fcmmern, s\u00e4en und ernten. Mit seel\u00e4ndischer N\u00fcchternheit, Stolz und Tradition erz\u00e4hlen sie die wahre Geschichte dieser Region. H\u00f6ren Sie ihnen zu, und Sie werden eine Region entdecken, die nicht nach Aufmerksamkeit schreit, sondern Sie gerade durch ihre Einfachheit ber\u00fchrt.<\/p>\n<\/div>\n                <\/div>\n                <div class=\"col-xl-3 offset-xl-1 mt-8 mt-xl-0\">\n                                            <ul class=\"list-unstyled mt-xxl-2\">\n                                                            <li class=\"mb-3 mb-xxl-6\">\n                                    <a\n                            href=\"#verhalen\"\n                                        aria-label=\"Erz\u00e4hlungen (zur\u00fcck zum Abschnitt auf dieser Seite)\"\n                                                    \n                        class=\"btn btn--transparent btn--transparent--dark-green btn--arrow wp-block-text-nav\"\n        >\n                            <i class=\"icon icon-arrow-right\" aria-hidden=\"true\" focusable=\"false\"><\/i>\n                        <span>Geschichten<\/span>\n        <\/a>\n    \n                                    <\/li>\n                                                            <li class=\"\">\n                                    <button\n            type=\"button\"\n            data-modal=\"2\"\n            aria-controls=\"modal--2\"\n            aria-expanded=\"false\"\n                            \n                        class=\"btn btn--transparent btn--transparent--dark-green btn--arrow wp-block-text-nav\"\n        >\n                            <i class=\"icon icon-arrow-right\" aria-hidden=\"true\" focusable=\"false\"><\/i>\n                        <span>Geschichte teilen<\/span>\n        <\/button>\n    \n            \n                                                                <\/li>\n                                                    <\/ul>\n                                    <\/div>\n            <\/div>\n        <\/div>\n    <\/section>\n\n\n<div class=\"hash-target\" id=\"verhalen\"><\/div>\n    <section class=\"block story-items block--story-items\">\n        <div class=\"container\">\n            <h2 class=\"mb-6 h2\" >\n        <span class=\"d-none d-lg-block\">\n            F\u00fcnf einzigartige Geschichten\n        <\/span>\n\n        <span class=\"d-block d-lg-none\">\n            F\u00fcnf einzigartige Geschichten\n        <\/span>\n    <\/h2>\n            <div class=\"block--story-items__posts d-block d-lg-flex align-items-start\">\n                                                        <div class=\"block--story-items__posts__item block--story-items__posts__item--1 first\">\n                        <a class=\"d-block\" href=\"https:\/\/debevelanden.nl\/de\/de-bevelanders\/john-sommeijer\/\" aria-label=\"Erfahren Sie mehr \u00fcber John Sommeijer\">\n                            <figure class=\"image block--story-items__posts__item__image\">\n                                <img decoding=\"async\" class=\"image__img image-position--center\" src=\"https:\/\/debevelanden.nl\/wp-content\/uploads\/2026\/02\/DSC07191.webp\" alt=\"John Sommeijer\" loading=\"lazy\">\n                                \n                                <span class=\"block--story-items__posts__item__image__layer\"><\/span>\n                                <div class=\"municipality-label\">\n                                     \n                                        <img decoding=\"async\" class=\"me-3\" src=\"https:\/\/debevelanden.nl\/wp-content\/uploads\/2025\/09\/borsele-icon.svg\" alt=\"\" loading=\"lazy\">\n                                                                        <span class=\"color-sand-white\">Borsele<\/span>\n                                <\/div>\n                            <\/figure>\n                        <\/a>\n                    <\/div>\n                                                        <div class=\"block--story-items__posts__item block--story-items__posts__item--2\">\n                        <a class=\"d-block\" href=\"https:\/\/debevelanden.nl\/de\/de-bevelanders\/jean-dhooge\/\" aria-label=\"Mehr \u00fcber Jean Dhooge erfahren\">\n                            <figure class=\"image block--story-items__posts__item__image\">\n                                <img decoding=\"async\" class=\"image__img image-position--center\" src=\"https:\/\/debevelanden.nl\/wp-content\/uploads\/2026\/02\/BD_REGIOPORTAAL_JEAN_03-e1770128532166.webp\" alt=\"Jean Dhooge\" loading=\"lazy\">\n                                \n                                <span class=\"block--story-items__posts__item__image__layer\"><\/span>\n                                <div class=\"municipality-label\">\n                                     \n                                        <img decoding=\"async\" class=\"me-3\" src=\"https:\/\/debevelanden.nl\/wp-content\/uploads\/2025\/09\/reimerswaal-icon.svg\" alt=\"\" loading=\"lazy\">\n                                                                        <span class=\"color-sand-white\">Reimerswaal<\/span>\n                                <\/div>\n                            <\/figure>\n                        <\/a>\n                    <\/div>\n                                                        <div class=\"block--story-items__posts__item block--story-items__posts__item--3\">\n                        <a class=\"d-block\" href=\"https:\/\/debevelanden.nl\/de\/de-bevelanders\/joeri-van-liere\/\" aria-label=\"Mehr \u00fcber Joeri van Liere erfahren\">\n                            <figure class=\"image block--story-items__posts__item__image\">\n                                <img decoding=\"async\" class=\"image__img image-position--center\" src=\"https:\/\/debevelanden.nl\/wp-content\/uploads\/2025\/10\/DSC09275.jpg\" alt=\"Joeri van Liere\" loading=\"lazy\">\n                                \n                                <span class=\"block--story-items__posts__item__image__layer\"><\/span>\n                                <div class=\"municipality-label\">\n                                     \n                                        <img decoding=\"async\" class=\"me-3\" src=\"https:\/\/debevelanden.nl\/wp-content\/uploads\/2025\/09\/kapelle-icon.svg\" alt=\"\" loading=\"lazy\">\n                                                                        <span class=\"color-sand-white\">Kapelle<\/span>\n                                <\/div>\n                            <\/figure>\n                        <\/a>\n                    <\/div>\n                                                        <div class=\"block--story-items__posts__item block--story-items__posts__item--4\">\n                        <a class=\"d-block\" href=\"https:\/\/debevelanden.nl\/de\/de-bevelanders\/janne-van-gilst\/\" aria-label=\"Mehr \u00fcber Janne van Gilst erfahren\">\n                            <figure class=\"image block--story-items__posts__item__image\">\n                                <img decoding=\"async\" class=\"image__img image-position--center\" src=\"https:\/\/debevelanden.nl\/wp-content\/uploads\/2025\/10\/DSC09482-1.webp\" alt=\"Janne van Gilst\" loading=\"lazy\">\n                                \n                                <span class=\"block--story-items__posts__item__image__layer\"><\/span>\n                                <div class=\"municipality-label\">\n                                     \n                                        <img decoding=\"async\" class=\"me-3\" src=\"https:\/\/debevelanden.nl\/wp-content\/uploads\/2025\/09\/noord-beveland-icon.svg\" alt=\"\" loading=\"lazy\">\n                                                                        <span class=\"color-sand-white\">Noord-Beveland<\/span>\n                                <\/div>\n                            <\/figure>\n                        <\/a>\n                    <\/div>\n                                                        <div class=\"block--story-items__posts__item block--story-items__posts__item--5  last\">\n                        <a class=\"d-block\" href=\"https:\/\/debevelanden.nl\/de\/de-bevelanders\/frank-de-klerk\/\" aria-label=\"Mehr \u00fcber Frank de Klerk erfahren\">\n                            <figure class=\"image block--story-items__posts__item__image\">\n                                <img decoding=\"async\" class=\"image__img image-position--center\" src=\"https:\/\/debevelanden.nl\/wp-content\/uploads\/2025\/10\/BD_REGIOPORTAAL_FRANK_001-scaled.webp\" alt=\"Frank de Klerk\" loading=\"lazy\">\n                                \n                                <span class=\"block--story-items__posts__item__image__layer\"><\/span>\n                                <div class=\"municipality-label\">\n                                     \n                                        <img decoding=\"async\" class=\"me-3\" src=\"https:\/\/debevelanden.nl\/wp-content\/uploads\/2025\/09\/goes-icon.svg\" alt=\"\" loading=\"lazy\">\n                                                                        <span class=\"color-sand-white\">Goes<\/span>\n                                <\/div>\n                            <\/figure>\n                        <\/a>\n                    <\/div>\n                            <\/div>\n        <\/div>\n    <\/section>\n\n\n<section class=\"block quote block--quote\">\n        <div class=\"container\">\n             \n                <div class=\"row justify-content-sm-center text-sm-center\">\n                    <div class=\"col-sm-10 col-lg-8 col-xl-6\">\n                        <div class=\"block--quote__text\"><span class=\"duffy-font color-salty-blue\">\u201c<\/span>Sind Sie ein Bevelander und m\u00f6chten Ihre Geschichte erz\u00e4hlen? Wir w\u00fcrden uns freuen, davon zu h\u00f6ren!\u201d<\/div>\n                                                                                    <div class=\"row g-2 g-xl-25 justify-content-sm-center align-items-center mt-3\">\n                                                                            <div class=\"col-auto\">\n                                            <button\n            type=\"button\"\n            data-modal=\"2\"\n            aria-controls=\"modal--2\"\n            aria-expanded=\"false\"\n                            \n                        class=\"btn btn--dark-green wp-block-quote\"\n        >\n                        <span>Teile deine Geschichte<\/span>\n        <\/button>\n    \n            \n                                                                        <\/div>\n                                                                    <\/div>\n                                                                        <\/div>\n                <\/div>\n                    <\/div>\n    <\/section>","protected":false},"excerpt":{"rendered":"","protected":false},"author":1,"featured_media":0,"parent":0,"menu_order":15,"comment_status":"closed","ping_status":"closed","template":"","meta":{"_acf_changed":false,"footnotes":""},"class_list":["post-120","page","type-page","status-publish","hentry"],"acf":[],"yoast_head":"<!-- This site is optimized with the Yoast SEO plugin v27.0 - https:\/\/yoast.com\/product\/yoast-seo-wordpress\/ -->\n<title>De Bevelanders - De Bevelanden<\/title>\n<meta name=\"description\" content=\"Ontdek de dorpen van De Bevelanden. Van weids en open tot knus en historisch. Beleef een regio verbonden door water en traditie waar je je direct thuis voelt. - De Bevelanders\" \/>\n<meta name=\"robots\" content=\"index, follow, max-snippet:-1, max-image-preview:large, max-video-preview:-1\" \/>\n<link rel=\"canonical\" href=\"https:\/\/debevelanden.nl\/de\/de-bevelanders\/\" \/>\n<meta property=\"og:locale\" content=\"de_DE\" \/>\n<meta property=\"og:type\" content=\"article\" \/>\n<meta property=\"og:title\" content=\"De Bevelanders - De Bevelanden\" \/>\n<meta property=\"og:description\" content=\"Ontdek de dorpen van De Bevelanden. Van weids en open tot knus en historisch. Beleef een regio verbonden door water en traditie waar je je direct thuis voelt. - De Bevelanders\" \/>\n<meta property=\"og:url\" content=\"https:\/\/debevelanden.nl\/de\/de-bevelanders\/\" \/>\n<meta property=\"og:site_name\" content=\"De Bevelanden\" \/>\n<meta property=\"article:modified_time\" content=\"2026-02-18T12:50:53+00:00\" \/>\n<meta name=\"twitter:card\" content=\"summary_large_image\" \/>\n<script type=\"application\/ld+json\" class=\"yoast-schema-graph\">{\"@context\":\"https:\/\/schema.org\",\"@graph\":[{\"@type\":\"WebPage\",\"@id\":\"https:\/\/debevelanden.nl\/de-bevelanders\/\",\"url\":\"https:\/\/debevelanden.nl\/de-bevelanders\/\",\"name\":\"De Bevelanders - De Bevelanden\",\"isPartOf\":{\"@id\":\"https:\/\/debevelanden.nl\/#website\"},\"datePublished\":\"2025-09-19T06:31:22+00:00\",\"dateModified\":\"2026-02-18T12:50:53+00:00\",\"description\":\"Ontdek de dorpen van De Bevelanden. Van weids en open tot knus en historisch. Beleef een regio verbonden door water en traditie waar je je direct thuis voelt. - De Bevelanders\",\"breadcrumb\":{\"@id\":\"https:\/\/debevelanden.nl\/de-bevelanders\/#breadcrumb\"},\"inLanguage\":\"de\",\"potentialAction\":[{\"@type\":\"ReadAction\",\"target\":[\"https:\/\/debevelanden.nl\/de-bevelanders\/\"]}]},{\"@type\":\"BreadcrumbList\",\"@id\":\"https:\/\/debevelanden.nl\/de-bevelanders\/#breadcrumb\",\"itemListElement\":[{\"@type\":\"ListItem\",\"position\":1,\"name\":\"Home\",\"item\":\"https:\/\/debevelanden.nl\/\"},{\"@type\":\"ListItem\",\"position\":2,\"name\":\"De Bevelanders\"}]},{\"@type\":\"WebSite\",\"@id\":\"https:\/\/debevelanden.nl\/#website\",\"url\":\"https:\/\/debevelanden.nl\/\",\"name\":\"De Bevelanden\",\"description\":\"\",\"potentialAction\":[{\"@type\":\"SearchAction\",\"target\":{\"@type\":\"EntryPoint\",\"urlTemplate\":\"https:\/\/debevelanden.nl\/?s={search_term_string}\"},\"query-input\":{\"@type\":\"PropertyValueSpecification\",\"valueRequired\":true,\"valueName\":\"search_term_string\"}}],\"inLanguage\":\"de\"}]}<\/script>\n<!-- \/ Yoast SEO plugin. -->","yoast_head_json":{"title":"De Bevelanders - De Bevelanden","description":"Ontdek de dorpen van De Bevelanden. Van weids en open tot knus en historisch. Beleef een regio verbonden door water en traditie waar je je direct thuis voelt. - De Bevelanders","robots":{"index":"index","follow":"follow","max-snippet":"max-snippet:-1","max-image-preview":"max-image-preview:large","max-video-preview":"max-video-preview:-1"},"canonical":"https:\/\/debevelanden.nl\/de\/de-bevelanders\/","og_locale":"de_DE","og_type":"article","og_title":"De Bevelanders - De Bevelanden","og_description":"Ontdek de dorpen van De Bevelanden. Van weids en open tot knus en historisch. Beleef een regio verbonden door water en traditie waar je je direct thuis voelt. - De Bevelanders","og_url":"https:\/\/debevelanden.nl\/de\/de-bevelanders\/","og_site_name":"De Bevelanden","article_modified_time":"2026-02-18T12:50:53+00:00","twitter_card":"summary_large_image","schema":{"@context":"https:\/\/schema.org","@graph":[{"@type":"WebPage","@id":"https:\/\/debevelanden.nl\/de-bevelanders\/","url":"https:\/\/debevelanden.nl\/de-bevelanders\/","name":"De Bevelanders - De Bevelanden","isPartOf":{"@id":"https:\/\/debevelanden.nl\/#website"},"datePublished":"2025-09-19T06:31:22+00:00","dateModified":"2026-02-18T12:50:53+00:00","description":"Ontdek de dorpen van De Bevelanden. Van weids en open tot knus en historisch. Beleef een regio verbonden door water en traditie waar je je direct thuis voelt. - De Bevelanders","breadcrumb":{"@id":"https:\/\/debevelanden.nl\/de-bevelanders\/#breadcrumb"},"inLanguage":"de","potentialAction":[{"@type":"ReadAction","target":["https:\/\/debevelanden.nl\/de-bevelanders\/"]}]},{"@type":"BreadcrumbList","@id":"https:\/\/debevelanden.nl\/de-bevelanders\/#breadcrumb","itemListElement":[{"@type":"ListItem","position":1,"name":"Home","item":"https:\/\/debevelanden.nl\/"},{"@type":"ListItem","position":2,"name":"De Bevelanders"}]},{"@type":"WebSite","@id":"https:\/\/debevelanden.nl\/#website","url":"https:\/\/debevelanden.nl\/","name":"De Bevelanden","description":"","potentialAction":[{"@type":"SearchAction","target":{"@type":"EntryPoint","urlTemplate":"https:\/\/debevelanden.nl\/?s={search_term_string}"},"query-input":{"@type":"PropertyValueSpecification","valueRequired":true,"valueName":"search_term_string"}}],"inLanguage":"de"}]}},"_links":{"self":[{"href":"https:\/\/debevelanden.nl\/de\/wp-json\/wp\/v2\/pages\/120","targetHints":{"allow":["GET"]}}],"collection":[{"href":"https:\/\/debevelanden.nl\/de\/wp-json\/wp\/v2\/pages"}],"about":[{"href":"https:\/\/debevelanden.nl\/de\/wp-json\/wp\/v2\/types\/page"}],"author":[{"embeddable":true,"href":"https:\/\/debevelanden.nl\/de\/wp-json\/wp\/v2\/users\/1"}],"replies":[{"embeddable":true,"href":"https:\/\/debevelanden.nl\/de\/wp-json\/wp\/v2\/comments?post=120"}],"version-history":[{"count":5,"href":"https:\/\/debevelanden.nl\/de\/wp-json\/wp\/v2\/pages\/120\/revisions"}],"predecessor-version":[{"id":1211,"href":"https:\/\/debevelanden.nl\/de\/wp-json\/wp\/v2\/pages\/120\/revisions\/1211"}],"wp:attachment":[{"href":"https:\/\/debevelanden.nl\/de\/wp-json\/wp\/v2\/media?parent=120"}],"curies":[{"name":"wp","href":"https:\/\/api.w.org\/{rel}","templated":true}]}}