{"id":1441,"date":"2026-02-25T14:53:04","date_gmt":"2026-02-25T13:53:04","guid":{"rendered":"https:\/\/debevelanden.nl\/?post_type=tip&#038;p=1441"},"modified":"2026-02-26T10:53:03","modified_gmt":"2026-02-26T09:53:03","slug":"met-de-auto","status":"publish","type":"page","link":"https:\/\/debevelanden.nl\/de\/jouw-bezoek\/met-de-auto\/","title":{"rendered":"Mit dem Auto"},"content":{"rendered":"<section class=\"block page-header block--page-header\">\n                    <div class=\"block--page-header__shape  block--page-header__shape--kapelle\">\n                <svg preserveaspectratio=\"none\"  viewbox=\"0 0 1440 1184\"  class=\"h-100 w-100 d-none d-xl-block\" fill=\"none\" xmlns=\"http:\/\/www.w3.org\/2000\/svg\" aria-hidden=\"true\" focusable=\"false\">\n                    <image href=\"https:\/\/debevelanden.nl\/wp-content\/themes\/debevelanden\/resources\/images\/page-header\/kapelle.svg\" class=\"h-100 w-100\" x=\"0\" y=\"0\"\/>\n                <\/svg>\n                <svg preserveaspectratio=\"none\"  viewbox=\"0 0 320 453\"  class=\"h-100 w-100 d-block d-xl-none\" fill=\"none\" xmlns=\"http:\/\/www.w3.org\/2000\/svg\" aria-hidden=\"true\" focusable=\"false\">\n                    <image href=\"https:\/\/debevelanden.nl\/wp-content\/themes\/debevelanden\/resources\/images\/page-header\/kapelle-mobile.svg\" class=\"h-100 w-100\" x=\"0\" y=\"0\"\/>\n                <\/svg>\n            <\/div>\n                <div class=\"block pb-11\">\n                            <div data-aos=\"fade-up\">\n                                    <\/div>\n                    <\/div>\n        <div class=\"container\">\n            <div class=\"row\">\n                <div class=\"col-xl-9\">\n                    <div class=\"block--page-header__title\" data-aos=\"fade-up\">\n                        <h1 class=\"mb-2 mb-lg-5 h1\" >\n        <span class=\"d-none d-lg-block\">\n            Mit dem <span class=\"duffy-font\">Auto<\/span>\n        <\/span>\n\n        <span class=\"d-block d-lg-none\">\n            Mit dem <span class=\"duffy-font\">Auto<\/span>\n        <\/span>\n    <\/h1>\n                    <\/div>\n                <\/div>\n                <div class=\"col-xl-3 mt-auto\">\n                                    <\/div>\n                <div class=\"col-md-11 offset-md-1 mt-6\">\n                    <div data-aos=\"fade-up\" data-aos-delay=\"150\">\n                                                    <figure\n        class=\"image block--page-header__media\"\n        \n    >\n        <img decoding=\"async\"\n            class=\"image__img image-position--center\"\n            src=\"https:\/\/debevelanden.nl\/wp-content\/uploads\/2026\/02\/DSC07601-1-e1772110440141.webp\"\n            alt=\"\"\n            loading=\"lazy\"\n        \/>\n                \n    <\/figure>\n                                            <\/div>\n                <\/div>\n            <\/div>\n        <\/div>\n    <\/section>\n\n\n<section class=\"block quote-text block--quote-text\">\n                <div class=\"container position-relative z-1\">\n            <div class=\"row justify-content-sm-center text-sm-center text-xl-left justify-content-xl-start\">\n                <div class=\"col-sm-10 col-lg-8 col-xl-4 col-xxl-3 offset-xl-1 offset-xxl-2\">\n                    <div class=\"block--quote-text__text\"><span class=\"duffy-font color-dune-pink\">\u201c<\/span>Mit dem Auto liegt die Region buchst\u00e4blich zu deinen F\u00fc\u00dfen.\u201d<\/div>\n                <\/div>\n                <div class=\"col-xxl-4 col-xl-5 offset-xl-1 mt-9 mt-xl-0\">\n                    <div class=\"text-wrapper intro-text\"><p>Ein Ausflug in die Bevelanden? Mit dem Auto liegt die Region buchst\u00e4blich zu Ihren F\u00fc\u00dfen. \u00dcber die Autobahn, die Zeelandbrug oder den Oosterscheldedamm fahren Sie in die Bevelanden ein, und dann f\u00fchren Sie Provinzstra\u00dfen und verschlungene Polderwege weiter in die Landschaft. Unterwegs wechseln sich Ausblicke auf Felder, Deiche und Wasser ab. Innerhalb kurzer Zeit sind Sie im lebhaften Zentrum von Goes, schlendern Sie durch ein stimmungsvolles Dorf wie Nisse oder Colijnsplaat oder parken Sie bei einer der Einbuchtungen von Noord-Beveland. Die Entfernungen sind \u00fcberschaubar, und Sie k\u00f6nnen oft in der N\u00e4he des Zentrums, des Strandes oder eines Naturschutzgebiets parken.<\/p>\n<\/div>\n                                    <\/div>\n            <\/div>\n        <\/div>\n            <\/section>\n\n\n<section class=\"block space block--space block--double-spacing\"><\/section>\n\n\n<section class=\"block tip-items block--tip-items\">\n        <div class=\"container\">\n            <div class=\"row mb-5\">\n                <div class=\"col-lg my-auto\">\n                    <h2 class=\"mb-0 h2\" >\n        <span class=\"d-none d-lg-block\">\n            Geh auf Entdeckung\n        <\/span>\n\n        <span class=\"d-block d-lg-none\">\n            Geh auf Entdeckung\n        <\/span>\n    <\/h2>\n                <\/div>\n                <div class=\"col-lg-auto my-auto d-none d-lg-block\">\n                                            <a href=\"https:\/\/debevelanden.nl\/de\/tips\/\" class=\"btn btn--dark-green wp-block-quote\">\n                            <span>Alle Tipps<\/span>\n                        <\/a>\n                                    <\/div>\n            <\/div>\n        <\/div>\n        <div class=\"overflow-hidden\">\n            <div class=\"container\">\n                                <div class=\"block--tip-items__swiper swiper-box\">\n                    <div class=\"swiper-wrapper\">\n                                                    \n                                                            <div class=\"swiper-slide\">\n                                    <a href=\"https:\/\/debevelanden.nl\/de\/tips\/goese-sas\/\" class=\"tip-item\" aria-label=\"Erfahren Sie mehr \u00fcber Goese Sas\">\n                                        <div>\n                                            <img decoding=\"async\" src=\"https:\/\/debevelanden.nl\/wp-content\/uploads\/2026\/02\/DSC08835-1.webp\" alt=\"Goese Sas\" class=\"tip-item__image center\">\n                                            \n\n                                            <div class=\"btn btn--transparent btn--transparent--sand-white btn--arrow\">\n                                                <i class=\"icon icon-arrow-right\" aria-hidden=\"true\"><\/i>\n                                                <span>Goesund Sas<\/span>\n                                            <\/div>\n                                        <\/div>\n                                    <\/a>\n                                <\/div>\n                                                                                \n                                                            <div class=\"swiper-slide\">\n                                    <a href=\"https:\/\/debevelanden.nl\/de\/tips\/boerderijwinkel-hoogstrate\/\" class=\"tip-item\" aria-label=\"Erfahren Sie mehr \u00fcber den Bauernhofladen Hoogstrate\">\n                                        <div>\n                                            <img decoding=\"async\" src=\"https:\/\/debevelanden.nl\/wp-content\/uploads\/2026\/02\/DSC07484-1.webp\" alt=\"Boerderijwinkel Hoogstrate\" class=\"tip-item__image center\">\n                                            \n\n                                            <div class=\"btn btn--transparent btn--transparent--sand-white btn--arrow\">\n                                                <i class=\"icon icon-arrow-right\" aria-hidden=\"true\"><\/i>\n                                                <span>Bauernhofladen Hoogstrate<\/span>\n                                            <\/div>\n                                        <\/div>\n                                    <\/a>\n                                <\/div>\n                                                                                \n                                                            <div class=\"swiper-slide\">\n                                    <a href=\"https:\/\/debevelanden.nl\/de\/tips\/scheepvaart-westerschelde\/\" class=\"tip-item\" aria-label=\"Mehr \u00fcber Schifffahrt Westerschelde erfahren\">\n                                        <div>\n                                            <img decoding=\"async\" src=\"https:\/\/debevelanden.nl\/wp-content\/uploads\/2026\/02\/DSC09597.webp\" alt=\"Scheepvaart Westerschelde\" class=\"tip-item__image center\">\n                                            \n\n                                            <div class=\"btn btn--transparent btn--transparent--sand-white btn--arrow\">\n                                                <i class=\"icon icon-arrow-right\" aria-hidden=\"true\"><\/i>\n                                                <span>Schifffahrt Westerschelde<\/span>\n                                            <\/div>\n                                        <\/div>\n                                    <\/a>\n                                <\/div>\n                                                                                \n                                                            <div class=\"swiper-slide\">\n                                    <a href=\"https:\/\/debevelanden.nl\/de\/tips\/inlagen-noord-beveland\/\" class=\"tip-item\" aria-label=\"Mehr \u00fcber Einlagen Noord-Beveland\">\n                                        <div>\n                                            <img decoding=\"async\" src=\"https:\/\/debevelanden.nl\/wp-content\/uploads\/2026\/02\/DJI_0634_1.webp\" alt=\"Inlagen Noord-Beveland\" class=\"tip-item__image center\">\n                                            \n\n                                            <div class=\"btn btn--transparent btn--transparent--sand-white btn--arrow\">\n                                                <i class=\"icon icon-arrow-right\" aria-hidden=\"true\"><\/i>\n                                                <span>Einlagen Noord-Beveland<\/span>\n                                            <\/div>\n                                        <\/div>\n                                    <\/a>\n                                <\/div>\n                                                                                \n                                                            <div class=\"swiper-slide\">\n                                    <a href=\"https:\/\/debevelanden.nl\/de\/tips\/fort-ellewoutsdijk\/\" class=\"tip-item\" aria-label=\"Lesen Sie mehr \u00fcber Fort Ellewoutsdijk\">\n                                        <div>\n                                            <img decoding=\"async\" src=\"https:\/\/debevelanden.nl\/wp-content\/uploads\/2026\/02\/DJI_0675-2.webp\" alt=\"Fort Ellewoutsdijk\" class=\"tip-item__image center\">\n                                            \n\n                                            <div class=\"btn btn--transparent btn--transparent--sand-white btn--arrow\">\n                                                <i class=\"icon icon-arrow-right\" aria-hidden=\"true\"><\/i>\n                                                <span>Fort Ellewoutsdijk<\/span>\n                                            <\/div>\n                                        <\/div>\n                                    <\/a>\n                                <\/div>\n                                                                                \n                                                            <div class=\"swiper-slide\">\n                                    <a href=\"https:\/\/debevelanden.nl\/de\/tips\/beste-fietsgemeente-noord-beveland\/\" class=\"tip-item\" aria-label=\"Erfahren Sie mehr \u00fcber die beste Fahrradgemeinde Noord-Beveland\">\n                                        <div>\n                                            <img decoding=\"async\" src=\"https:\/\/debevelanden.nl\/wp-content\/uploads\/2026\/02\/ChatGPT-Image-24-feb-2026-15_49_50-kopie.webp\" alt=\"Beste fietsgemeente Noord-Beveland\" class=\"tip-item__image center\">\n                                            \n\n                                            <div class=\"btn btn--transparent btn--transparent--sand-white btn--arrow\">\n                                                <i class=\"icon icon-arrow-right\" aria-hidden=\"true\"><\/i>\n                                                <span>Beste fietsgemeente Noord-Beveland<\/span>\n                                            <\/div>\n                                        <\/div>\n                                    <\/a>\n                                <\/div>\n                                                                        <\/div>\n                    <div class=\"row mt-5 mt-lg-0\">\n                        <div class=\"col-auto d-block d-lg-none my-auto\">\n                                                            <a href=\"https:\/\/debevelanden.nl\/de\/tips\/\" class=\"btn btn--dark-green wp-block-quote\">\n                                    <span>Alle Tipps<\/span>\n                                <\/a>\n                                                    <\/div>\n                        <div class=\"col text-right my-auto\">\n                            <div class=\"swiper-controls d-flex justify-content-end mt-0 mt-lg-5\">\n    <button\n        type=\"button\"\n        class=\"me-5 swiper-button swiper-button--prev block--tip-items__swiper__nav block--tip-items__swiper__nav-swiper-button--prev\"\n        aria-label=\"Vorheriges Dia\"\n        aria-disabled=\"false\"\n    >\n        <i class=\"icon icon-arrow-left\" aria-hidden=\"true\"><\/i>\n    <\/button>\n    <button\n        type=\"button\"\n        class=\"swiper-button swiper-button--next block--tip-items__swiper__nav block--tip-items__swiper__nav-swiper-button--next\"\n        aria-label=\"N\u00e4chste Folie\"\n        aria-disabled=\"false\"\n    >\n        <i class=\"icon icon-arrow-right\" aria-hidden=\"true\"><\/i>\n    <\/button>\n<\/div>\n                        <\/div>\n                    <\/div>\n                <\/div>\n            <\/div>\n        <\/div>\n    <\/section>","protected":false},"excerpt":{"rendered":"","protected":false},"author":1,"featured_media":1523,"parent":108,"menu_order":3,"comment_status":"closed","ping_status":"closed","template":"","meta":{"_acf_changed":false,"footnotes":""},"class_list":["post-1441","page","type-page","status-publish","has-post-thumbnail","hentry"],"acf":[],"yoast_head":"<!-- This site is optimized with the Yoast SEO plugin v27.0 - https:\/\/yoast.com\/product\/yoast-seo-wordpress\/ -->\n<title>Met de auto - De Bevelanden<\/title>\n<meta name=\"description\" content=\"Ontdek de dorpen van De Bevelanden. Van weids en open tot knus en historisch. Beleef een regio verbonden door water en traditie waar je je direct thuis voelt. - Met de auto\" \/>\n<meta name=\"robots\" content=\"index, follow, max-snippet:-1, max-image-preview:large, max-video-preview:-1\" \/>\n<link rel=\"canonical\" href=\"https:\/\/debevelanden.nl\/de\/jouw-bezoek\/met-de-auto\/\" \/>\n<meta property=\"og:locale\" content=\"de_DE\" \/>\n<meta property=\"og:type\" content=\"article\" \/>\n<meta property=\"og:title\" content=\"Met de auto - De Bevelanden\" \/>\n<meta property=\"og:description\" content=\"Ontdek de dorpen van De Bevelanden. Van weids en open tot knus en historisch. Beleef een regio verbonden door water en traditie waar je je direct thuis voelt. - Met de auto\" \/>\n<meta property=\"og:url\" content=\"https:\/\/debevelanden.nl\/de\/jouw-bezoek\/met-de-auto\/\" \/>\n<meta property=\"og:site_name\" content=\"De Bevelanden\" \/>\n<meta property=\"article:modified_time\" content=\"2026-02-26T09:53:03+00:00\" \/>\n<meta property=\"og:image\" content=\"https:\/\/debevelanden.nl\/wp-content\/uploads\/2026\/02\/DSC07601-1-e1772110440141.webp\" \/>\n\t<meta property=\"og:image:width\" content=\"1498\" \/>\n\t<meta property=\"og:image:height\" content=\"1280\" \/>\n\t<meta property=\"og:image:type\" content=\"image\/webp\" \/>\n<meta name=\"twitter:card\" content=\"summary_large_image\" \/>\n<script type=\"application\/ld+json\" class=\"yoast-schema-graph\">{\"@context\":\"https:\/\/schema.org\",\"@graph\":[{\"@type\":\"WebPage\",\"@id\":\"https:\/\/debevelanden.nl\/jouw-bezoek\/met-de-auto\/\",\"url\":\"https:\/\/debevelanden.nl\/jouw-bezoek\/met-de-auto\/\",\"name\":\"Met de auto - De Bevelanden\",\"isPartOf\":{\"@id\":\"https:\/\/debevelanden.nl\/#website\"},\"primaryImageOfPage\":{\"@id\":\"https:\/\/debevelanden.nl\/jouw-bezoek\/met-de-auto\/#primaryimage\"},\"image\":{\"@id\":\"https:\/\/debevelanden.nl\/jouw-bezoek\/met-de-auto\/#primaryimage\"},\"thumbnailUrl\":\"https:\/\/debevelanden.nl\/wp-content\/uploads\/2026\/02\/DSC07601-1-e1772110440141.webp\",\"datePublished\":\"2026-02-25T13:53:04+00:00\",\"dateModified\":\"2026-02-26T09:53:03+00:00\",\"description\":\"Ontdek de dorpen van De Bevelanden. Van weids en open tot knus en historisch. Beleef een regio verbonden door water en traditie waar je je direct thuis voelt. - Met de auto\",\"breadcrumb\":{\"@id\":\"https:\/\/debevelanden.nl\/jouw-bezoek\/met-de-auto\/#breadcrumb\"},\"inLanguage\":\"de\",\"potentialAction\":[{\"@type\":\"ReadAction\",\"target\":[\"https:\/\/debevelanden.nl\/jouw-bezoek\/met-de-auto\/\"]}]},{\"@type\":\"ImageObject\",\"inLanguage\":\"de\",\"@id\":\"https:\/\/debevelanden.nl\/jouw-bezoek\/met-de-auto\/#primaryimage\",\"url\":\"https:\/\/debevelanden.nl\/wp-content\/uploads\/2026\/02\/DSC07601-1-e1772110440141.webp\",\"contentUrl\":\"https:\/\/debevelanden.nl\/wp-content\/uploads\/2026\/02\/DSC07601-1-e1772110440141.webp\",\"width\":1498,\"height\":1280},{\"@type\":\"BreadcrumbList\",\"@id\":\"https:\/\/debevelanden.nl\/jouw-bezoek\/met-de-auto\/#breadcrumb\",\"itemListElement\":[{\"@type\":\"ListItem\",\"position\":1,\"name\":\"Home\",\"item\":\"https:\/\/debevelanden.nl\/\"},{\"@type\":\"ListItem\",\"position\":2,\"name\":\"Jouw bezoek\",\"item\":\"https:\/\/debevelanden.nl\/jouw-bezoek\/\"},{\"@type\":\"ListItem\",\"position\":3,\"name\":\"Met de auto\"}]},{\"@type\":\"WebSite\",\"@id\":\"https:\/\/debevelanden.nl\/#website\",\"url\":\"https:\/\/debevelanden.nl\/\",\"name\":\"De Bevelanden\",\"description\":\"\",\"potentialAction\":[{\"@type\":\"SearchAction\",\"target\":{\"@type\":\"EntryPoint\",\"urlTemplate\":\"https:\/\/debevelanden.nl\/?s={search_term_string}\"},\"query-input\":{\"@type\":\"PropertyValueSpecification\",\"valueRequired\":true,\"valueName\":\"search_term_string\"}}],\"inLanguage\":\"de\"}]}<\/script>\n<!-- \/ Yoast SEO plugin. -->","yoast_head_json":{"title":"Met de auto - De Bevelanden","description":"Ontdek de dorpen van De Bevelanden. Van weids en open tot knus en historisch. Beleef een regio verbonden door water en traditie waar je je direct thuis voelt. - Met de auto","robots":{"index":"index","follow":"follow","max-snippet":"max-snippet:-1","max-image-preview":"max-image-preview:large","max-video-preview":"max-video-preview:-1"},"canonical":"https:\/\/debevelanden.nl\/de\/jouw-bezoek\/met-de-auto\/","og_locale":"de_DE","og_type":"article","og_title":"Met de auto - De Bevelanden","og_description":"Ontdek de dorpen van De Bevelanden. Van weids en open tot knus en historisch. Beleef een regio verbonden door water en traditie waar je je direct thuis voelt. - Met de auto","og_url":"https:\/\/debevelanden.nl\/de\/jouw-bezoek\/met-de-auto\/","og_site_name":"De Bevelanden","article_modified_time":"2026-02-26T09:53:03+00:00","og_image":[{"width":1498,"height":1280,"url":"https:\/\/debevelanden.nl\/wp-content\/uploads\/2026\/02\/DSC07601-1-e1772110440141.webp","type":"image\/webp"}],"twitter_card":"summary_large_image","schema":{"@context":"https:\/\/schema.org","@graph":[{"@type":"WebPage","@id":"https:\/\/debevelanden.nl\/jouw-bezoek\/met-de-auto\/","url":"https:\/\/debevelanden.nl\/jouw-bezoek\/met-de-auto\/","name":"Met de auto - De Bevelanden","isPartOf":{"@id":"https:\/\/debevelanden.nl\/#website"},"primaryImageOfPage":{"@id":"https:\/\/debevelanden.nl\/jouw-bezoek\/met-de-auto\/#primaryimage"},"image":{"@id":"https:\/\/debevelanden.nl\/jouw-bezoek\/met-de-auto\/#primaryimage"},"thumbnailUrl":"https:\/\/debevelanden.nl\/wp-content\/uploads\/2026\/02\/DSC07601-1-e1772110440141.webp","datePublished":"2026-02-25T13:53:04+00:00","dateModified":"2026-02-26T09:53:03+00:00","description":"Ontdek de dorpen van De Bevelanden. Van weids en open tot knus en historisch. Beleef een regio verbonden door water en traditie waar je je direct thuis voelt. - Met de auto","breadcrumb":{"@id":"https:\/\/debevelanden.nl\/jouw-bezoek\/met-de-auto\/#breadcrumb"},"inLanguage":"de","potentialAction":[{"@type":"ReadAction","target":["https:\/\/debevelanden.nl\/jouw-bezoek\/met-de-auto\/"]}]},{"@type":"ImageObject","inLanguage":"de","@id":"https:\/\/debevelanden.nl\/jouw-bezoek\/met-de-auto\/#primaryimage","url":"https:\/\/debevelanden.nl\/wp-content\/uploads\/2026\/02\/DSC07601-1-e1772110440141.webp","contentUrl":"https:\/\/debevelanden.nl\/wp-content\/uploads\/2026\/02\/DSC07601-1-e1772110440141.webp","width":1498,"height":1280},{"@type":"BreadcrumbList","@id":"https:\/\/debevelanden.nl\/jouw-bezoek\/met-de-auto\/#breadcrumb","itemListElement":[{"@type":"ListItem","position":1,"name":"Home","item":"https:\/\/debevelanden.nl\/"},{"@type":"ListItem","position":2,"name":"Jouw bezoek","item":"https:\/\/debevelanden.nl\/jouw-bezoek\/"},{"@type":"ListItem","position":3,"name":"Met de auto"}]},{"@type":"WebSite","@id":"https:\/\/debevelanden.nl\/#website","url":"https:\/\/debevelanden.nl\/","name":"De Bevelanden","description":"","potentialAction":[{"@type":"SearchAction","target":{"@type":"EntryPoint","urlTemplate":"https:\/\/debevelanden.nl\/?s={search_term_string}"},"query-input":{"@type":"PropertyValueSpecification","valueRequired":true,"valueName":"search_term_string"}}],"inLanguage":"de"}]}},"_links":{"self":[{"href":"https:\/\/debevelanden.nl\/de\/wp-json\/wp\/v2\/pages\/1441","targetHints":{"allow":["GET"]}}],"collection":[{"href":"https:\/\/debevelanden.nl\/de\/wp-json\/wp\/v2\/pages"}],"about":[{"href":"https:\/\/debevelanden.nl\/de\/wp-json\/wp\/v2\/types\/page"}],"author":[{"embeddable":true,"href":"https:\/\/debevelanden.nl\/de\/wp-json\/wp\/v2\/users\/1"}],"replies":[{"embeddable":true,"href":"https:\/\/debevelanden.nl\/de\/wp-json\/wp\/v2\/comments?post=1441"}],"version-history":[{"count":3,"href":"https:\/\/debevelanden.nl\/de\/wp-json\/wp\/v2\/pages\/1441\/revisions"}],"predecessor-version":[{"id":1526,"href":"https:\/\/debevelanden.nl\/de\/wp-json\/wp\/v2\/pages\/1441\/revisions\/1526"}],"up":[{"embeddable":true,"href":"https:\/\/debevelanden.nl\/de\/wp-json\/wp\/v2\/pages\/108"}],"wp:featuredmedia":[{"embeddable":true,"href":"https:\/\/debevelanden.nl\/de\/wp-json\/wp\/v2\/media\/1523"}],"wp:attachment":[{"href":"https:\/\/debevelanden.nl\/de\/wp-json\/wp\/v2\/media?parent=1441"}],"curies":[{"name":"wp","href":"https:\/\/api.w.org\/{rel}","templated":true}]}}