{"id":1464,"date":"2026-02-25T15:21:33","date_gmt":"2026-02-25T14:21:33","guid":{"rendered":"https:\/\/debevelanden.nl\/?page_id=1464"},"modified":"2026-02-26T10:29:01","modified_gmt":"2026-02-26T09:29:01","slug":"met-de-fiets","status":"publish","type":"page","link":"https:\/\/debevelanden.nl\/de\/jouw-bezoek\/met-de-fiets\/","title":{"rendered":"Mit dem Fahrrad"},"content":{"rendered":"<section class=\"block page-header block--page-header\">\n                    <div class=\"block--page-header__shape  block--page-header__shape--borsele\">\n                <svg preserveaspectratio=\"none\"  viewbox=\"0 0 1440 1262\"  class=\"h-100 w-100 d-none d-xl-block\" fill=\"none\" xmlns=\"http:\/\/www.w3.org\/2000\/svg\" aria-hidden=\"true\" focusable=\"false\">\n                    <image href=\"https:\/\/debevelanden.nl\/wp-content\/themes\/debevelanden\/resources\/images\/page-header\/borsele.svg\" class=\"h-100 w-100\" x=\"0\" y=\"0\"\/>\n                <\/svg>\n                <svg preserveaspectratio=\"none\"  viewbox=\"0 0 321 288\"  class=\"h-100 w-100 d-block d-xl-none\" fill=\"none\" xmlns=\"http:\/\/www.w3.org\/2000\/svg\" aria-hidden=\"true\" focusable=\"false\">\n                    <image href=\"https:\/\/debevelanden.nl\/wp-content\/themes\/debevelanden\/resources\/images\/page-header\/borsele-mobile.svg\" class=\"h-100 w-100\" x=\"0\" y=\"0\"\/>\n                <\/svg>\n            <\/div>\n                <div class=\"block pb-11\">\n                            <div data-aos=\"fade-up\">\n                                    <\/div>\n                    <\/div>\n        <div class=\"container\">\n            <div class=\"row\">\n                <div class=\"col-xl-9\">\n                    <div class=\"block--page-header__title\" data-aos=\"fade-up\">\n                        <h1 class=\"mb-2 mb-lg-5 h1\" >\n        <span class=\"d-none d-lg-block\">\n            Mit dem <span class=\"duffy-font\">Fahrrad<\/span>\n        <\/span>\n\n        <span class=\"d-block d-lg-none\">\n            Mit dem <span class=\"duffy-font\">Fahrrad<\/span>\n        <\/span>\n    <\/h1>\n                    <\/div>\n                <\/div>\n                <div class=\"col-xl-3 mt-auto\">\n                                    <\/div>\n                <div class=\"col-md-11 offset-md-1 mt-6\">\n                    <div data-aos=\"fade-up\" data-aos-delay=\"150\">\n                                                    <figure\n        class=\"image block--page-header__media\"\n        \n    >\n        <img decoding=\"async\"\n            class=\"image__img image-position--center\"\n            src=\"https:\/\/debevelanden.nl\/wp-content\/uploads\/2026\/02\/ChatGPT-Image-25-feb-2026-09_35_55-kopie.webp\"\n            alt=\"\"\n            loading=\"lazy\"\n        \/>\n                \n    <\/figure>\n                                            <\/div>\n                <\/div>\n            <\/div>\n        <\/div>\n    <\/section>\n\n\n<section class=\"block quote-text block--quote-text\">\n                <div class=\"container position-relative z-1\">\n            <div class=\"row justify-content-sm-center text-sm-center text-xl-left justify-content-xl-start\">\n                <div class=\"col-sm-10 col-lg-8 col-xl-4 col-xxl-3 offset-xl-1 offset-xxl-2\">\n                    <div class=\"block--quote-text__text\"><span class=\"duffy-font color-light-green\">\u201c<\/span>De Bevelanden ist die Region schlechthin, um sie auf zwei R\u00e4dern zu erkunden.\u201d<\/div>\n                <\/div>\n                <div class=\"col-xxl-4 col-xl-5 offset-xl-1 mt-9 mt-xl-0\">\n                    <div class=\"text-wrapper intro-text\"><p>Wohnst du in der N\u00e4he oder nimmst du das Fahrrad mit? De Bevelanden ist die ideale Region, um sie auf zwei R\u00e4dern zu erkunden. Die Entfernungen sind \u00fcberschaubar und die Routen f\u00fchren dich entlang von Deichen, durch Polder und durch stimmungsvolle D\u00f6rfer. Radwege schl\u00e4ngeln sich am Wasser entlang und \u00fcber stille Landstra\u00dfen, wo sich die Landschaft st\u00e4ndig ver\u00e4ndert. An einem Sommertag scheint die Sonne warm auf dein Gesicht, w\u00e4hrend das Schilf entlang der Deiche leise rauscht. Im Herbst gibt eine kr\u00e4ftige Brise im R\u00fccken den besonderen Schwung. Radfahrend erlebst du den Rhythmus der Region hautnah: die Aussicht, die Stille und der Freiraum machen jede Fahrt zu einer entspannten Entdeckungsreise.<\/p>\n<\/div>\n                                    <\/div>\n            <\/div>\n        <\/div>\n            <\/section>\n\n\n<section class=\"block space block--space block--double-spacing\"><\/section>\n\n\n<section class=\"block tip-items block--tip-items\">\n        <div class=\"container\">\n            <div class=\"row mb-5\">\n                <div class=\"col-lg my-auto\">\n                    <h2 class=\"mb-0 h2\" >\n        <span class=\"d-none d-lg-block\">\n            Geh auf Entdeckung\n        <\/span>\n\n        <span class=\"d-block d-lg-none\">\n            Geh auf Entdeckung\n        <\/span>\n    <\/h2>\n                <\/div>\n                <div class=\"col-lg-auto my-auto d-none d-lg-block\">\n                                            <a href=\"https:\/\/debevelanden.nl\/de\/tips\/\" class=\"btn btn--dark-green wp-block-quote\">\n                            <span>Alle Tipps<\/span>\n                        <\/a>\n                                    <\/div>\n            <\/div>\n        <\/div>\n        <div class=\"overflow-hidden\">\n            <div class=\"container\">\n                                <div class=\"block--tip-items__swiper swiper-box\">\n                    <div class=\"swiper-wrapper\">\n                                                    \n                                                            <div class=\"swiper-slide\">\n                                    <a href=\"https:\/\/debevelanden.nl\/de\/tips\/het-veerse-meer\/\" class=\"tip-item\" aria-label=\"Mehr \u00fcber Het Veerse Meer erfahren\">\n                                        <div>\n                                            <img decoding=\"async\" src=\"https:\/\/debevelanden.nl\/wp-content\/uploads\/2026\/02\/DSC09022-3.webp\" alt=\"Het Veerse Meer\" class=\"tip-item__image center\">\n                                            \n\n                                            <div class=\"btn btn--transparent btn--transparent--sand-white btn--arrow\">\n                                                <i class=\"icon icon-arrow-right\" aria-hidden=\"true\"><\/i>\n                                                <span>Das Veerse Meer<\/span>\n                                            <\/div>\n                                        <\/div>\n                                    <\/a>\n                                <\/div>\n                                                                                \n                                                            <div class=\"swiper-slide\">\n                                    <a href=\"https:\/\/debevelanden.nl\/de\/tips\/scheepvaart-westerschelde\/\" class=\"tip-item\" aria-label=\"Mehr \u00fcber Schifffahrt Westerschelde erfahren\">\n                                        <div>\n                                            <img decoding=\"async\" src=\"https:\/\/debevelanden.nl\/wp-content\/uploads\/2026\/02\/DSC09597.webp\" alt=\"Scheepvaart Westerschelde\" class=\"tip-item__image center\">\n                                            \n\n                                            <div class=\"btn btn--transparent btn--transparent--sand-white btn--arrow\">\n                                                <i class=\"icon icon-arrow-right\" aria-hidden=\"true\"><\/i>\n                                                <span>Schifffahrt Westerschelde<\/span>\n                                            <\/div>\n                                        <\/div>\n                                    <\/a>\n                                <\/div>\n                                                                                \n                                                            <div class=\"swiper-slide\">\n                                    <a href=\"https:\/\/debevelanden.nl\/de\/tips\/goese-sas\/\" class=\"tip-item\" aria-label=\"Erfahren Sie mehr \u00fcber Goese Sas\">\n                                        <div>\n                                            <img decoding=\"async\" src=\"https:\/\/debevelanden.nl\/wp-content\/uploads\/2026\/02\/DSC08835-1.webp\" alt=\"Goese Sas\" class=\"tip-item__image center\">\n                                            \n\n                                            <div class=\"btn btn--transparent btn--transparent--sand-white btn--arrow\">\n                                                <i class=\"icon icon-arrow-right\" aria-hidden=\"true\"><\/i>\n                                                <span>Goesund Sas<\/span>\n                                            <\/div>\n                                        <\/div>\n                                    <\/a>\n                                <\/div>\n                                                                                \n                                                            <div class=\"swiper-slide\">\n                                    <a href=\"https:\/\/debevelanden.nl\/de\/tips\/kanaal-door-zuid-beveland\/\" class=\"tip-item\" aria-label=\"Erfahren Sie mehr \u00fcber den Kanal durch Zuid-Beveland\">\n                                        <div>\n                                            <img decoding=\"async\" src=\"https:\/\/debevelanden.nl\/wp-content\/uploads\/2026\/02\/DSC07369-1.webp\" alt=\"Kanaal door Zuid-Beveland\" class=\"tip-item__image center\">\n                                            \n\n                                            <div class=\"btn btn--transparent btn--transparent--sand-white btn--arrow\">\n                                                <i class=\"icon icon-arrow-right\" aria-hidden=\"true\"><\/i>\n                                                <span>Kanal durch Zuid-Beveland<\/span>\n                                            <\/div>\n                                        <\/div>\n                                    <\/a>\n                                <\/div>\n                                                                                \n                                                            <div class=\"swiper-slide\">\n                                    <a href=\"https:\/\/debevelanden.nl\/de\/tips\/parlevinkers\/\" class=\"tip-item\" aria-label=\"Mehr \u00fcber Parlevinkers erfahren\">\n                                        <div>\n                                            <img decoding=\"async\" src=\"https:\/\/debevelanden.nl\/wp-content\/uploads\/2026\/02\/DSC06990.webp\" alt=\"Parlevinkers\" class=\"tip-item__image center\">\n                                            \n\n                                            <div class=\"btn btn--transparent btn--transparent--sand-white btn--arrow\">\n                                                <i class=\"icon icon-arrow-right\" aria-hidden=\"true\"><\/i>\n                                                <span>Parlamentarier<\/span>\n                                            <\/div>\n                                        <\/div>\n                                    <\/a>\n                                <\/div>\n                                                                                \n                                                            <div class=\"swiper-slide\">\n                                    <a href=\"https:\/\/debevelanden.nl\/de\/tips\/nisse-dorpsplein\/\" class=\"tip-item\" aria-label=\"Mehr \u00fcber Nisse (Dorferplatz) erfahren\">\n                                        <div>\n                                            <img decoding=\"async\" src=\"https:\/\/debevelanden.nl\/wp-content\/uploads\/2026\/02\/DSC07754.webp\" alt=\"Nisse (dorpsplein)\" class=\"tip-item__image center\">\n                                            \n\n                                            <div class=\"btn btn--transparent btn--transparent--sand-white btn--arrow\">\n                                                <i class=\"icon icon-arrow-right\" aria-hidden=\"true\"><\/i>\n                                                <span>Nisse (Dorpsplein)<\/span>\n                                            <\/div>\n                                        <\/div>\n                                    <\/a>\n                                <\/div>\n                                                                        <\/div>\n                    <div class=\"row mt-5 mt-lg-0\">\n                        <div class=\"col-auto d-block d-lg-none my-auto\">\n                                                            <a href=\"https:\/\/debevelanden.nl\/de\/tips\/\" class=\"btn btn--dark-green wp-block-quote\">\n                                    <span>Alle Tipps<\/span>\n                                <\/a>\n                                                    <\/div>\n                        <div class=\"col text-right my-auto\">\n                            <div class=\"swiper-controls d-flex justify-content-end mt-0 mt-lg-5\">\n    <button\n        type=\"button\"\n        class=\"me-5 swiper-button swiper-button--prev block--tip-items__swiper__nav block--tip-items__swiper__nav-swiper-button--prev\"\n        aria-label=\"Vorheriges Dia\"\n        aria-disabled=\"false\"\n    >\n        <i class=\"icon icon-arrow-left\" aria-hidden=\"true\"><\/i>\n    <\/button>\n    <button\n        type=\"button\"\n        class=\"swiper-button swiper-button--next block--tip-items__swiper__nav block--tip-items__swiper__nav-swiper-button--next\"\n        aria-label=\"N\u00e4chste Folie\"\n        aria-disabled=\"false\"\n    >\n        <i class=\"icon icon-arrow-right\" aria-hidden=\"true\"><\/i>\n    <\/button>\n<\/div>\n                        <\/div>\n                    <\/div>\n                <\/div>\n            <\/div>\n        <\/div>\n    <\/section>","protected":false},"excerpt":{"rendered":"","protected":false},"author":1,"featured_media":1414,"parent":108,"menu_order":8,"comment_status":"closed","ping_status":"closed","template":"","meta":{"_acf_changed":false,"footnotes":""},"class_list":["post-1464","page","type-page","status-publish","has-post-thumbnail","hentry"],"acf":[],"yoast_head":"<!-- This site is optimized with the Yoast SEO plugin v27.0 - https:\/\/yoast.com\/product\/yoast-seo-wordpress\/ -->\n<title>Met de fiets - De Bevelanden<\/title>\n<meta name=\"description\" content=\"Ontdek de dorpen van De Bevelanden. Van weids en open tot knus en historisch. Beleef een regio verbonden door water en traditie waar je je direct thuis voelt. - Met de fiets\" \/>\n<meta name=\"robots\" content=\"index, follow, max-snippet:-1, max-image-preview:large, max-video-preview:-1\" \/>\n<link rel=\"canonical\" href=\"https:\/\/debevelanden.nl\/de\/jouw-bezoek\/met-de-fiets\/\" \/>\n<meta property=\"og:locale\" content=\"de_DE\" \/>\n<meta property=\"og:type\" content=\"article\" \/>\n<meta property=\"og:title\" content=\"Met de fiets - De Bevelanden\" \/>\n<meta property=\"og:description\" content=\"Ontdek de dorpen van De Bevelanden. Van weids en open tot knus en historisch. Beleef een regio verbonden door water en traditie waar je je direct thuis voelt. - Met de fiets\" \/>\n<meta property=\"og:url\" content=\"https:\/\/debevelanden.nl\/de\/jouw-bezoek\/met-de-fiets\/\" \/>\n<meta property=\"og:site_name\" content=\"De Bevelanden\" \/>\n<meta property=\"article:modified_time\" content=\"2026-02-26T09:29:01+00:00\" \/>\n<meta property=\"og:image\" content=\"https:\/\/debevelanden.nl\/wp-content\/uploads\/2026\/02\/ChatGPT-Image-25-feb-2026-09_35_55-kopie.webp\" \/>\n\t<meta property=\"og:image:width\" content=\"1536\" \/>\n\t<meta property=\"og:image:height\" content=\"1024\" \/>\n\t<meta property=\"og:image:type\" content=\"image\/webp\" \/>\n<meta name=\"twitter:card\" content=\"summary_large_image\" \/>\n<script type=\"application\/ld+json\" class=\"yoast-schema-graph\">{\"@context\":\"https:\/\/schema.org\",\"@graph\":[{\"@type\":\"WebPage\",\"@id\":\"https:\/\/debevelanden.nl\/jouw-bezoek\/met-de-fiets\/\",\"url\":\"https:\/\/debevelanden.nl\/jouw-bezoek\/met-de-fiets\/\",\"name\":\"Met de fiets - De Bevelanden\",\"isPartOf\":{\"@id\":\"https:\/\/debevelanden.nl\/#website\"},\"primaryImageOfPage\":{\"@id\":\"https:\/\/debevelanden.nl\/jouw-bezoek\/met-de-fiets\/#primaryimage\"},\"image\":{\"@id\":\"https:\/\/debevelanden.nl\/jouw-bezoek\/met-de-fiets\/#primaryimage\"},\"thumbnailUrl\":\"https:\/\/debevelanden.nl\/wp-content\/uploads\/2026\/02\/ChatGPT-Image-25-feb-2026-09_35_55-kopie.webp\",\"datePublished\":\"2026-02-25T14:21:33+00:00\",\"dateModified\":\"2026-02-26T09:29:01+00:00\",\"description\":\"Ontdek de dorpen van De Bevelanden. Van weids en open tot knus en historisch. Beleef een regio verbonden door water en traditie waar je je direct thuis voelt. - Met de fiets\",\"breadcrumb\":{\"@id\":\"https:\/\/debevelanden.nl\/jouw-bezoek\/met-de-fiets\/#breadcrumb\"},\"inLanguage\":\"de\",\"potentialAction\":[{\"@type\":\"ReadAction\",\"target\":[\"https:\/\/debevelanden.nl\/jouw-bezoek\/met-de-fiets\/\"]}]},{\"@type\":\"ImageObject\",\"inLanguage\":\"de\",\"@id\":\"https:\/\/debevelanden.nl\/jouw-bezoek\/met-de-fiets\/#primaryimage\",\"url\":\"https:\/\/debevelanden.nl\/wp-content\/uploads\/2026\/02\/ChatGPT-Image-25-feb-2026-09_35_55-kopie.webp\",\"contentUrl\":\"https:\/\/debevelanden.nl\/wp-content\/uploads\/2026\/02\/ChatGPT-Image-25-feb-2026-09_35_55-kopie.webp\",\"width\":1536,\"height\":1024},{\"@type\":\"BreadcrumbList\",\"@id\":\"https:\/\/debevelanden.nl\/jouw-bezoek\/met-de-fiets\/#breadcrumb\",\"itemListElement\":[{\"@type\":\"ListItem\",\"position\":1,\"name\":\"Home\",\"item\":\"https:\/\/debevelanden.nl\/\"},{\"@type\":\"ListItem\",\"position\":2,\"name\":\"Jouw bezoek\",\"item\":\"https:\/\/debevelanden.nl\/jouw-bezoek\/\"},{\"@type\":\"ListItem\",\"position\":3,\"name\":\"Met de fiets\"}]},{\"@type\":\"WebSite\",\"@id\":\"https:\/\/debevelanden.nl\/#website\",\"url\":\"https:\/\/debevelanden.nl\/\",\"name\":\"De Bevelanden\",\"description\":\"\",\"potentialAction\":[{\"@type\":\"SearchAction\",\"target\":{\"@type\":\"EntryPoint\",\"urlTemplate\":\"https:\/\/debevelanden.nl\/?s={search_term_string}\"},\"query-input\":{\"@type\":\"PropertyValueSpecification\",\"valueRequired\":true,\"valueName\":\"search_term_string\"}}],\"inLanguage\":\"de\"}]}<\/script>\n<!-- \/ Yoast SEO plugin. -->","yoast_head_json":{"title":"Met de fiets - De Bevelanden","description":"Ontdek de dorpen van De Bevelanden. Van weids en open tot knus en historisch. Beleef een regio verbonden door water en traditie waar je je direct thuis voelt. - Met de fiets","robots":{"index":"index","follow":"follow","max-snippet":"max-snippet:-1","max-image-preview":"max-image-preview:large","max-video-preview":"max-video-preview:-1"},"canonical":"https:\/\/debevelanden.nl\/de\/jouw-bezoek\/met-de-fiets\/","og_locale":"de_DE","og_type":"article","og_title":"Met de fiets - De Bevelanden","og_description":"Ontdek de dorpen van De Bevelanden. Van weids en open tot knus en historisch. Beleef een regio verbonden door water en traditie waar je je direct thuis voelt. - Met de fiets","og_url":"https:\/\/debevelanden.nl\/de\/jouw-bezoek\/met-de-fiets\/","og_site_name":"De Bevelanden","article_modified_time":"2026-02-26T09:29:01+00:00","og_image":[{"width":1536,"height":1024,"url":"https:\/\/debevelanden.nl\/wp-content\/uploads\/2026\/02\/ChatGPT-Image-25-feb-2026-09_35_55-kopie.webp","type":"image\/webp"}],"twitter_card":"summary_large_image","schema":{"@context":"https:\/\/schema.org","@graph":[{"@type":"WebPage","@id":"https:\/\/debevelanden.nl\/jouw-bezoek\/met-de-fiets\/","url":"https:\/\/debevelanden.nl\/jouw-bezoek\/met-de-fiets\/","name":"Met de fiets - De Bevelanden","isPartOf":{"@id":"https:\/\/debevelanden.nl\/#website"},"primaryImageOfPage":{"@id":"https:\/\/debevelanden.nl\/jouw-bezoek\/met-de-fiets\/#primaryimage"},"image":{"@id":"https:\/\/debevelanden.nl\/jouw-bezoek\/met-de-fiets\/#primaryimage"},"thumbnailUrl":"https:\/\/debevelanden.nl\/wp-content\/uploads\/2026\/02\/ChatGPT-Image-25-feb-2026-09_35_55-kopie.webp","datePublished":"2026-02-25T14:21:33+00:00","dateModified":"2026-02-26T09:29:01+00:00","description":"Ontdek de dorpen van De Bevelanden. Van weids en open tot knus en historisch. Beleef een regio verbonden door water en traditie waar je je direct thuis voelt. - Met de fiets","breadcrumb":{"@id":"https:\/\/debevelanden.nl\/jouw-bezoek\/met-de-fiets\/#breadcrumb"},"inLanguage":"de","potentialAction":[{"@type":"ReadAction","target":["https:\/\/debevelanden.nl\/jouw-bezoek\/met-de-fiets\/"]}]},{"@type":"ImageObject","inLanguage":"de","@id":"https:\/\/debevelanden.nl\/jouw-bezoek\/met-de-fiets\/#primaryimage","url":"https:\/\/debevelanden.nl\/wp-content\/uploads\/2026\/02\/ChatGPT-Image-25-feb-2026-09_35_55-kopie.webp","contentUrl":"https:\/\/debevelanden.nl\/wp-content\/uploads\/2026\/02\/ChatGPT-Image-25-feb-2026-09_35_55-kopie.webp","width":1536,"height":1024},{"@type":"BreadcrumbList","@id":"https:\/\/debevelanden.nl\/jouw-bezoek\/met-de-fiets\/#breadcrumb","itemListElement":[{"@type":"ListItem","position":1,"name":"Home","item":"https:\/\/debevelanden.nl\/"},{"@type":"ListItem","position":2,"name":"Jouw bezoek","item":"https:\/\/debevelanden.nl\/jouw-bezoek\/"},{"@type":"ListItem","position":3,"name":"Met de fiets"}]},{"@type":"WebSite","@id":"https:\/\/debevelanden.nl\/#website","url":"https:\/\/debevelanden.nl\/","name":"De Bevelanden","description":"","potentialAction":[{"@type":"SearchAction","target":{"@type":"EntryPoint","urlTemplate":"https:\/\/debevelanden.nl\/?s={search_term_string}"},"query-input":{"@type":"PropertyValueSpecification","valueRequired":true,"valueName":"search_term_string"}}],"inLanguage":"de"}]}},"_links":{"self":[{"href":"https:\/\/debevelanden.nl\/de\/wp-json\/wp\/v2\/pages\/1464","targetHints":{"allow":["GET"]}}],"collection":[{"href":"https:\/\/debevelanden.nl\/de\/wp-json\/wp\/v2\/pages"}],"about":[{"href":"https:\/\/debevelanden.nl\/de\/wp-json\/wp\/v2\/types\/page"}],"author":[{"embeddable":true,"href":"https:\/\/debevelanden.nl\/de\/wp-json\/wp\/v2\/users\/1"}],"replies":[{"embeddable":true,"href":"https:\/\/debevelanden.nl\/de\/wp-json\/wp\/v2\/comments?post=1464"}],"version-history":[{"count":4,"href":"https:\/\/debevelanden.nl\/de\/wp-json\/wp\/v2\/pages\/1464\/revisions"}],"predecessor-version":[{"id":1500,"href":"https:\/\/debevelanden.nl\/de\/wp-json\/wp\/v2\/pages\/1464\/revisions\/1500"}],"up":[{"embeddable":true,"href":"https:\/\/debevelanden.nl\/de\/wp-json\/wp\/v2\/pages\/108"}],"wp:featuredmedia":[{"embeddable":true,"href":"https:\/\/debevelanden.nl\/de\/wp-json\/wp\/v2\/media\/1414"}],"wp:attachment":[{"href":"https:\/\/debevelanden.nl\/de\/wp-json\/wp\/v2\/media?parent=1464"}],"curies":[{"name":"wp","href":"https:\/\/api.w.org\/{rel}","templated":true}]}}