{"id":1484,"date":"2026-02-25T15:46:13","date_gmt":"2026-02-25T14:46:13","guid":{"rendered":"https:\/\/debevelanden.nl\/?page_id=1484"},"modified":"2026-03-02T14:29:24","modified_gmt":"2026-03-02T13:29:24","slug":"hotel-en-bb","status":"publish","type":"page","link":"https:\/\/debevelanden.nl\/de\/jouw-bezoek\/hotel-en-bb\/","title":{"rendered":"Hotel und B&amp;B"},"content":{"rendered":"<section class=\"block page-header block--page-header\">\n                    <div class=\"block--page-header__shape  block--page-header__shape--goes\">\n                <svg preserveaspectratio=\"none\"  viewbox=\"0 0 1440 776\"  class=\"h-100 w-100 d-none d-xl-block\" fill=\"none\" xmlns=\"http:\/\/www.w3.org\/2000\/svg\" aria-hidden=\"true\" focusable=\"false\">\n                    <image href=\"https:\/\/debevelanden.nl\/wp-content\/themes\/debevelanden\/resources\/images\/page-header\/goes.svg\" class=\"h-100 w-100\" x=\"0\" y=\"0\"\/>\n                <\/svg>\n                <svg preserveaspectratio=\"none\"  viewbox=\"0 0 321 238\"  class=\"h-100 w-100 d-block d-xl-none\" fill=\"none\" xmlns=\"http:\/\/www.w3.org\/2000\/svg\" aria-hidden=\"true\" focusable=\"false\">\n                    <image href=\"https:\/\/debevelanden.nl\/wp-content\/themes\/debevelanden\/resources\/images\/page-header\/goes-mobile.svg\" class=\"h-100 w-100\" x=\"0\" y=\"0\"\/>\n                <\/svg>\n            <\/div>\n                <div class=\"block pb-11\">\n                            <div data-aos=\"fade-up\">\n                                    <\/div>\n                    <\/div>\n        <div class=\"container\">\n            <div class=\"row\">\n                <div class=\"col-xl-9\">\n                    <div class=\"block--page-header__title\" data-aos=\"fade-up\">\n                        <h1 class=\"mb-2 mb-lg-5 h1\" >\n        <span class=\"d-none d-lg-block\">\n            <span class=\"duffy-font\">Hotel und B&amp;B<\/span>\n        <\/span>\n\n        <span class=\"d-block d-lg-none\">\n            <span class=\"duffy-font\">Hotel und B&amp;B<\/span>\n        <\/span>\n    <\/h1>\n                    <\/div>\n                <\/div>\n                <div class=\"col-xl-3 mt-auto\">\n                                    <\/div>\n                <div class=\"col-md-11 offset-md-1 mt-6\">\n                    <div data-aos=\"fade-up\" data-aos-delay=\"150\">\n                                                    <figure\n        class=\"image block--page-header__media\"\n        \n    >\n        <img decoding=\"async\"\n            class=\"image__img image-position--center\"\n            src=\"https:\/\/debevelanden.nl\/wp-content\/uploads\/2026\/02\/ChatGPT-Image-26-feb-2026-13_49_07-kopie-e1772113486271.webp\"\n            alt=\"\"\n            loading=\"lazy\"\n        \/>\n                \n    <\/figure>\n                                            <\/div>\n                <\/div>\n            <\/div>\n        <\/div>\n    <\/section>\n\n\n<section class=\"block quote-text block--quote-text\">\n                <div class=\"container position-relative z-1\">\n            <div class=\"row justify-content-sm-center text-sm-center text-xl-left justify-content-xl-start\">\n                <div class=\"col-sm-10 col-lg-8 col-xl-4 col-xxl-3 offset-xl-1 offset-xxl-2\">\n                    <div class=\"block--quote-text__text\"><span class=\"duffy-font color-sun-orange\">\u201c<\/span>Ein Wochenende auf den Bevelanden beginnt an einem Ort, an dem Sie sich wirklich entspannen k\u00f6nnen.\u201d<\/div>\n                <\/div>\n                <div class=\"col-xxl-4 col-xl-5 offset-xl-1 mt-9 mt-xl-0\">\n                    <div class=\"text-wrapper intro-text\"><p>Ein Wochenendausflug zu den Bevelanden beginnt mit einem Ort, an dem Sie sich wirklich entspannen k\u00f6nnen. In der Region finden Sie eine vielf\u00e4ltige Auswahl an Hotels und Bed &amp; Breakfasts, jedes mit seiner eigenen Atmosph\u00e4re und seinem eigenen Charakter. Von einem komfortablen Hotel im pulsierenden Goes bis zu einem kleinen B&amp;B in einem ruhigen Dorf, wo Sie morgens mit Blick auf Deiche, Wasser oder Obstg\u00e4rten aufwachen.<\/p>\n<\/div>\n                                    <\/div>\n            <\/div>\n        <\/div>\n            <\/section>\n\n\n<section class=\"block text block--text\">\n        <div class=\"container\">\n            <div class=\"row justify-content-center\">\n                <div class=\"col-xl-6 col-xxl-5\">\n                                        <div class=\"text-wrapper\"><p>Einige Unterk\u00fcnfte befinden sich mitten im Zentrum, nur wenige Gehminuten von Gesch\u00e4ften und Restaurants entfernt. Andere liegen eher am Rande eines Dorfes oder in Wassern\u00e4he, wo Stille und Weite im Vordergrund stehen. Denken Sie an eine \u00dcbernachtung in Yerseke, mit der salzigen Luft der Oosterschelde in der N\u00e4he oder in Colijnsplaat mit Blick auf die Zeelandbrug, die sich abends stimmungsvoll beleuchtet.<\/p>\n<p>Das Angebot ist vielf\u00e4ltig, ebenso wie die Preise. Von luxuri\u00f6sen Zimmern mit umfassenden Einrichtungen bis hin zu einfachen gastfreundlichen Adressen, bei denen pers\u00f6nlicher Kontakt im Mittelpunkt steht. In den Bevelanden gibt es immer eine Unterkunft, die Ihren W\u00fcnschen und Ihrem Budget entspricht.<\/p>\n<\/div>\n                    \n                                    <\/div>\n            <\/div>\n        <\/div>\n    <\/section>\n\n\n<section class=\"block space block--space block--double-spacing\"><\/section>\n\n\n<section class=\"block tip-items block--tip-items\">\n        <div class=\"container\">\n            <div class=\"row mb-5\">\n                <div class=\"col-lg my-auto\">\n                    <h2 class=\"mb-0 h2\" >\n        <span class=\"d-none d-lg-block\">\n            Geh auf Entdeckung\n        <\/span>\n\n        <span class=\"d-block d-lg-none\">\n            Geh auf Entdeckung\n        <\/span>\n    <\/h2>\n                <\/div>\n                <div class=\"col-lg-auto my-auto d-none d-lg-block\">\n                                            <a href=\"https:\/\/debevelanden.nl\/de\/tips\/\" class=\"btn btn--dark-green wp-block-quote\">\n                            <span>Alle Tipps<\/span>\n                        <\/a>\n                                    <\/div>\n            <\/div>\n        <\/div>\n        <div class=\"overflow-hidden\">\n            <div class=\"container\">\n                                <div class=\"block--tip-items__swiper swiper-box\">\n                    <div class=\"swiper-wrapper\">\n                                                    \n                                                            <div class=\"swiper-slide\">\n                                    <a href=\"https:\/\/debevelanden.nl\/de\/tips\/stoomtrein-goes-borsele\/\" class=\"tip-item\" aria-label=\"Lesen Sie mehr \u00fcber Dampfeisenbahn Goes-Borsele\">\n                                        <div>\n                                            <img decoding=\"async\" src=\"https:\/\/debevelanden.nl\/wp-content\/uploads\/2026\/02\/20240821-8A1A9147HKK.webp\" alt=\"Stoomtrein Goes-Borsele\" class=\"tip-item__image center\">\n                                            <span class=\"image__author\"><span class=\"visually-hidden\">Foto gemacht von: <span data-no-translation>Stoomtrein Goes-Borsele \/ Kristian De Winter<\/span><\/span><span aria-hidden=\"true\">Foto: <span data-no-translation>Stoomtrein Goes-Borsele \/ Kristian De Winter<\/span><\/span><\/span>\n\n                                            <div class=\"btn btn--transparent btn--transparent--sand-white btn--arrow\">\n                                                <i class=\"icon icon-arrow-right\" aria-hidden=\"true\"><\/i>\n                                                <span>Dampflokomotive Goes-Borsele<\/span>\n                                            <\/div>\n                                        <\/div>\n                                    <\/a>\n                                <\/div>\n                                                                                \n                                                            <div class=\"swiper-slide\">\n                                    <a href=\"https:\/\/debevelanden.nl\/de\/tips\/aanmeren-in-wemeldinge\/\" class=\"tip-item\" aria-label=\"Mehr \u00fcber Anlegen in Wemeldinge\">\n                                        <div>\n                                            <img decoding=\"async\" src=\"https:\/\/debevelanden.nl\/wp-content\/uploads\/2026\/02\/DSC07005-e1772115679371.webp\" alt=\"Aanmeren in Wemeldinge\" class=\"tip-item__image center\">\n                                            \n\n                                            <div class=\"btn btn--transparent btn--transparent--sand-white btn--arrow\">\n                                                <i class=\"icon icon-arrow-right\" aria-hidden=\"true\"><\/i>\n                                                <span>Anlegen in Wemeldinge<\/span>\n                                            <\/div>\n                                        <\/div>\n                                    <\/a>\n                                <\/div>\n                                                                                \n                                                            <div class=\"swiper-slide\">\n                                    <a href=\"https:\/\/debevelanden.nl\/de\/tips\/goese-sas\/\" class=\"tip-item\" aria-label=\"Erfahren Sie mehr \u00fcber Goese Sas\">\n                                        <div>\n                                            <img decoding=\"async\" src=\"https:\/\/debevelanden.nl\/wp-content\/uploads\/2026\/02\/DSC08835-1.webp\" alt=\"Goese Sas\" class=\"tip-item__image center\">\n                                            \n\n                                            <div class=\"btn btn--transparent btn--transparent--sand-white btn--arrow\">\n                                                <i class=\"icon icon-arrow-right\" aria-hidden=\"true\"><\/i>\n                                                <span>Goesund Sas<\/span>\n                                            <\/div>\n                                        <\/div>\n                                    <\/a>\n                                <\/div>\n                                                                                \n                                                            <div class=\"swiper-slide\">\n                                    <a href=\"https:\/\/debevelanden.nl\/de\/tips\/weekmarkten-in-de-bevelanden\/\" class=\"tip-item\" aria-label=\"Mehr lesen \u00fcber Wochenm\u00e4rkte in den Bevelanden\">\n                                        <div>\n                                            <img decoding=\"async\" src=\"https:\/\/debevelanden.nl\/wp-content\/uploads\/2026\/02\/DSC07438-1.webp\" alt=\"Weekmarkten in de Bevelanden\" class=\"tip-item__image center\">\n                                            \n\n                                            <div class=\"btn btn--transparent btn--transparent--sand-white btn--arrow\">\n                                                <i class=\"icon icon-arrow-right\" aria-hidden=\"true\"><\/i>\n                                                <span>Wochenm\u00e4rkte in den Bevelanden<\/span>\n                                            <\/div>\n                                        <\/div>\n                                    <\/a>\n                                <\/div>\n                                                                                \n                                                            <div class=\"swiper-slide\">\n                                    <a href=\"https:\/\/debevelanden.nl\/de\/tips\/getijdenbakken\/\" class=\"tip-item\" aria-label=\"Weiterlesen \u00fcber Gezeitenbecken\">\n                                        <div>\n                                            <img decoding=\"async\" src=\"https:\/\/debevelanden.nl\/wp-content\/uploads\/2026\/02\/DSC07288.webp\" alt=\"Getijdenbakken\" class=\"tip-item__image center\">\n                                            \n\n                                            <div class=\"btn btn--transparent btn--transparent--sand-white btn--arrow\">\n                                                <i class=\"icon icon-arrow-right\" aria-hidden=\"true\"><\/i>\n                                                <span>Gezeitenbecken<\/span>\n                                            <\/div>\n                                        <\/div>\n                                    <\/a>\n                                <\/div>\n                                                                                \n                                                            <div class=\"swiper-slide\">\n                                    <a href=\"https:\/\/debevelanden.nl\/de\/tips\/oesterputten-in-yerseke\/\" class=\"tip-item\" aria-label=\"Mehr \u00fcber Austernpfannen in Yerseke erfahren\">\n                                        <div>\n                                            <img decoding=\"async\" src=\"https:\/\/debevelanden.nl\/wp-content\/uploads\/2026\/02\/DSC07408.webp\" alt=\"Oesterputten in Yerseke\" class=\"tip-item__image center\">\n                                            \n\n                                            <div class=\"btn btn--transparent btn--transparent--sand-white btn--arrow\">\n                                                <i class=\"icon icon-arrow-right\" aria-hidden=\"true\"><\/i>\n                                                <span>Austern ausnehmen in Yerseke<\/span>\n                                            <\/div>\n                                        <\/div>\n                                    <\/a>\n                                <\/div>\n                                                                        <\/div>\n                    <div class=\"row mt-5 mt-lg-0\">\n                        <div class=\"col-auto d-block d-lg-none my-auto\">\n                                                            <a href=\"https:\/\/debevelanden.nl\/de\/tips\/\" class=\"btn btn--dark-green wp-block-quote\">\n                                    <span>Alle Tipps<\/span>\n                                <\/a>\n                                                    <\/div>\n                        <div class=\"col text-right my-auto\">\n                            <div class=\"swiper-controls d-flex justify-content-end mt-0 mt-lg-5\">\n    <button\n        type=\"button\"\n        class=\"me-5 swiper-button swiper-button--prev block--tip-items__swiper__nav block--tip-items__swiper__nav-swiper-button--prev\"\n        aria-label=\"Vorheriges Dia\"\n        aria-disabled=\"false\"\n    >\n        <i class=\"icon icon-arrow-left\" aria-hidden=\"true\"><\/i>\n    <\/button>\n    <button\n        type=\"button\"\n        class=\"swiper-button swiper-button--next block--tip-items__swiper__nav block--tip-items__swiper__nav-swiper-button--next\"\n        aria-label=\"N\u00e4chste Folie\"\n        aria-disabled=\"false\"\n    >\n        <i class=\"icon icon-arrow-right\" aria-hidden=\"true\"><\/i>\n    <\/button>\n<\/div>\n                        <\/div>\n                    <\/div>\n                <\/div>\n            <\/div>\n        <\/div>\n    <\/section>","protected":false},"excerpt":{"rendered":"","protected":false},"author":1,"featured_media":1594,"parent":108,"menu_order":4,"comment_status":"closed","ping_status":"closed","template":"","meta":{"_acf_changed":false,"footnotes":""},"class_list":["post-1484","page","type-page","status-publish","has-post-thumbnail","hentry"],"acf":[],"yoast_head":"<!-- This site is optimized with the Yoast SEO plugin v27.0 - https:\/\/yoast.com\/product\/yoast-seo-wordpress\/ -->\n<title>Hotel en B&amp;B - De Bevelanden<\/title>\n<meta name=\"description\" content=\"Ontdek de dorpen van De Bevelanden. Van weids en open tot knus en historisch. Beleef een regio verbonden door water en traditie waar je je direct thuis voelt. - Hotel en B&amp;B\" \/>\n<meta name=\"robots\" content=\"index, follow, max-snippet:-1, max-image-preview:large, max-video-preview:-1\" \/>\n<link rel=\"canonical\" href=\"https:\/\/debevelanden.nl\/de\/jouw-bezoek\/hotel-en-bb\/\" \/>\n<meta property=\"og:locale\" content=\"de_DE\" \/>\n<meta property=\"og:type\" content=\"article\" \/>\n<meta property=\"og:title\" content=\"Hotel en B&amp;B - De Bevelanden\" \/>\n<meta property=\"og:description\" content=\"Ontdek de dorpen van De Bevelanden. Van weids en open tot knus en historisch. Beleef een regio verbonden door water en traditie waar je je direct thuis voelt. - Hotel en B&amp;B\" \/>\n<meta property=\"og:url\" content=\"https:\/\/debevelanden.nl\/de\/jouw-bezoek\/hotel-en-bb\/\" \/>\n<meta property=\"og:site_name\" content=\"De Bevelanden\" \/>\n<meta property=\"article:modified_time\" content=\"2026-03-02T13:29:24+00:00\" \/>\n<meta property=\"og:image\" content=\"https:\/\/debevelanden.nl\/wp-content\/uploads\/2026\/02\/ChatGPT-Image-26-feb-2026-13_49_07-kopie-e1772113486271.webp\" \/>\n\t<meta property=\"og:image:width\" content=\"1536\" \/>\n\t<meta property=\"og:image:height\" content=\"760\" \/>\n\t<meta property=\"og:image:type\" content=\"image\/webp\" \/>\n<meta name=\"twitter:card\" content=\"summary_large_image\" \/>\n<script type=\"application\/ld+json\" class=\"yoast-schema-graph\">{\"@context\":\"https:\/\/schema.org\",\"@graph\":[{\"@type\":\"WebPage\",\"@id\":\"https:\/\/debevelanden.nl\/jouw-bezoek\/hotel-en-bb\/\",\"url\":\"https:\/\/debevelanden.nl\/jouw-bezoek\/hotel-en-bb\/\",\"name\":\"Hotel en B&amp;B - De Bevelanden\",\"isPartOf\":{\"@id\":\"https:\/\/debevelanden.nl\/#website\"},\"primaryImageOfPage\":{\"@id\":\"https:\/\/debevelanden.nl\/jouw-bezoek\/hotel-en-bb\/#primaryimage\"},\"image\":{\"@id\":\"https:\/\/debevelanden.nl\/jouw-bezoek\/hotel-en-bb\/#primaryimage\"},\"thumbnailUrl\":\"https:\/\/debevelanden.nl\/wp-content\/uploads\/2026\/02\/ChatGPT-Image-26-feb-2026-13_49_07-kopie-e1772113486271.webp\",\"datePublished\":\"2026-02-25T14:46:13+00:00\",\"dateModified\":\"2026-03-02T13:29:24+00:00\",\"description\":\"Ontdek de dorpen van De Bevelanden. Van weids en open tot knus en historisch. Beleef een regio verbonden door water en traditie waar je je direct thuis voelt. - Hotel en B&amp;B\",\"breadcrumb\":{\"@id\":\"https:\/\/debevelanden.nl\/jouw-bezoek\/hotel-en-bb\/#breadcrumb\"},\"inLanguage\":\"de\",\"potentialAction\":[{\"@type\":\"ReadAction\",\"target\":[\"https:\/\/debevelanden.nl\/jouw-bezoek\/hotel-en-bb\/\"]}]},{\"@type\":\"ImageObject\",\"inLanguage\":\"de\",\"@id\":\"https:\/\/debevelanden.nl\/jouw-bezoek\/hotel-en-bb\/#primaryimage\",\"url\":\"https:\/\/debevelanden.nl\/wp-content\/uploads\/2026\/02\/ChatGPT-Image-26-feb-2026-13_49_07-kopie-e1772113486271.webp\",\"contentUrl\":\"https:\/\/debevelanden.nl\/wp-content\/uploads\/2026\/02\/ChatGPT-Image-26-feb-2026-13_49_07-kopie-e1772113486271.webp\",\"width\":1536,\"height\":760},{\"@type\":\"BreadcrumbList\",\"@id\":\"https:\/\/debevelanden.nl\/jouw-bezoek\/hotel-en-bb\/#breadcrumb\",\"itemListElement\":[{\"@type\":\"ListItem\",\"position\":1,\"name\":\"Home\",\"item\":\"https:\/\/debevelanden.nl\/\"},{\"@type\":\"ListItem\",\"position\":2,\"name\":\"Jouw bezoek\",\"item\":\"https:\/\/debevelanden.nl\/jouw-bezoek\/\"},{\"@type\":\"ListItem\",\"position\":3,\"name\":\"Hotel en B&amp;B\"}]},{\"@type\":\"WebSite\",\"@id\":\"https:\/\/debevelanden.nl\/#website\",\"url\":\"https:\/\/debevelanden.nl\/\",\"name\":\"De Bevelanden\",\"description\":\"\",\"potentialAction\":[{\"@type\":\"SearchAction\",\"target\":{\"@type\":\"EntryPoint\",\"urlTemplate\":\"https:\/\/debevelanden.nl\/?s={search_term_string}\"},\"query-input\":{\"@type\":\"PropertyValueSpecification\",\"valueRequired\":true,\"valueName\":\"search_term_string\"}}],\"inLanguage\":\"de\"}]}<\/script>\n<!-- \/ Yoast SEO plugin. -->","yoast_head_json":{"title":"Hotel en B&amp;B - De Bevelanden","description":"Ontdek de dorpen van De Bevelanden. Van weids en open tot knus en historisch. Beleef een regio verbonden door water en traditie waar je je direct thuis voelt. - Hotel en B&amp;B","robots":{"index":"index","follow":"follow","max-snippet":"max-snippet:-1","max-image-preview":"max-image-preview:large","max-video-preview":"max-video-preview:-1"},"canonical":"https:\/\/debevelanden.nl\/de\/jouw-bezoek\/hotel-en-bb\/","og_locale":"de_DE","og_type":"article","og_title":"Hotel en B&amp;B - De Bevelanden","og_description":"Ontdek de dorpen van De Bevelanden. Van weids en open tot knus en historisch. Beleef een regio verbonden door water en traditie waar je je direct thuis voelt. - Hotel en B&amp;B","og_url":"https:\/\/debevelanden.nl\/de\/jouw-bezoek\/hotel-en-bb\/","og_site_name":"De Bevelanden","article_modified_time":"2026-03-02T13:29:24+00:00","og_image":[{"width":1536,"height":760,"url":"https:\/\/debevelanden.nl\/wp-content\/uploads\/2026\/02\/ChatGPT-Image-26-feb-2026-13_49_07-kopie-e1772113486271.webp","type":"image\/webp"}],"twitter_card":"summary_large_image","schema":{"@context":"https:\/\/schema.org","@graph":[{"@type":"WebPage","@id":"https:\/\/debevelanden.nl\/jouw-bezoek\/hotel-en-bb\/","url":"https:\/\/debevelanden.nl\/jouw-bezoek\/hotel-en-bb\/","name":"Hotel en B&amp;B - De Bevelanden","isPartOf":{"@id":"https:\/\/debevelanden.nl\/#website"},"primaryImageOfPage":{"@id":"https:\/\/debevelanden.nl\/jouw-bezoek\/hotel-en-bb\/#primaryimage"},"image":{"@id":"https:\/\/debevelanden.nl\/jouw-bezoek\/hotel-en-bb\/#primaryimage"},"thumbnailUrl":"https:\/\/debevelanden.nl\/wp-content\/uploads\/2026\/02\/ChatGPT-Image-26-feb-2026-13_49_07-kopie-e1772113486271.webp","datePublished":"2026-02-25T14:46:13+00:00","dateModified":"2026-03-02T13:29:24+00:00","description":"Ontdek de dorpen van De Bevelanden. Van weids en open tot knus en historisch. Beleef een regio verbonden door water en traditie waar je je direct thuis voelt. - Hotel en B&amp;B","breadcrumb":{"@id":"https:\/\/debevelanden.nl\/jouw-bezoek\/hotel-en-bb\/#breadcrumb"},"inLanguage":"de","potentialAction":[{"@type":"ReadAction","target":["https:\/\/debevelanden.nl\/jouw-bezoek\/hotel-en-bb\/"]}]},{"@type":"ImageObject","inLanguage":"de","@id":"https:\/\/debevelanden.nl\/jouw-bezoek\/hotel-en-bb\/#primaryimage","url":"https:\/\/debevelanden.nl\/wp-content\/uploads\/2026\/02\/ChatGPT-Image-26-feb-2026-13_49_07-kopie-e1772113486271.webp","contentUrl":"https:\/\/debevelanden.nl\/wp-content\/uploads\/2026\/02\/ChatGPT-Image-26-feb-2026-13_49_07-kopie-e1772113486271.webp","width":1536,"height":760},{"@type":"BreadcrumbList","@id":"https:\/\/debevelanden.nl\/jouw-bezoek\/hotel-en-bb\/#breadcrumb","itemListElement":[{"@type":"ListItem","position":1,"name":"Home","item":"https:\/\/debevelanden.nl\/"},{"@type":"ListItem","position":2,"name":"Jouw bezoek","item":"https:\/\/debevelanden.nl\/jouw-bezoek\/"},{"@type":"ListItem","position":3,"name":"Hotel en B&amp;B"}]},{"@type":"WebSite","@id":"https:\/\/debevelanden.nl\/#website","url":"https:\/\/debevelanden.nl\/","name":"De Bevelanden","description":"","potentialAction":[{"@type":"SearchAction","target":{"@type":"EntryPoint","urlTemplate":"https:\/\/debevelanden.nl\/?s={search_term_string}"},"query-input":{"@type":"PropertyValueSpecification","valueRequired":true,"valueName":"search_term_string"}}],"inLanguage":"de"}]}},"_links":{"self":[{"href":"https:\/\/debevelanden.nl\/de\/wp-json\/wp\/v2\/pages\/1484","targetHints":{"allow":["GET"]}}],"collection":[{"href":"https:\/\/debevelanden.nl\/de\/wp-json\/wp\/v2\/pages"}],"about":[{"href":"https:\/\/debevelanden.nl\/de\/wp-json\/wp\/v2\/types\/page"}],"author":[{"embeddable":true,"href":"https:\/\/debevelanden.nl\/de\/wp-json\/wp\/v2\/users\/1"}],"replies":[{"embeddable":true,"href":"https:\/\/debevelanden.nl\/de\/wp-json\/wp\/v2\/comments?post=1484"}],"version-history":[{"count":5,"href":"https:\/\/debevelanden.nl\/de\/wp-json\/wp\/v2\/pages\/1484\/revisions"}],"predecessor-version":[{"id":1597,"href":"https:\/\/debevelanden.nl\/de\/wp-json\/wp\/v2\/pages\/1484\/revisions\/1597"}],"up":[{"embeddable":true,"href":"https:\/\/debevelanden.nl\/de\/wp-json\/wp\/v2\/pages\/108"}],"wp:featuredmedia":[{"embeddable":true,"href":"https:\/\/debevelanden.nl\/de\/wp-json\/wp\/v2\/media\/1594"}],"wp:attachment":[{"href":"https:\/\/debevelanden.nl\/de\/wp-json\/wp\/v2\/media?parent=1484"}],"curies":[{"name":"wp","href":"https:\/\/api.w.org\/{rel}","templated":true}]}}