{"id":1492,"date":"2026-02-25T15:54:23","date_gmt":"2026-02-25T14:54:23","guid":{"rendered":"https:\/\/debevelanden.nl\/?page_id=1492"},"modified":"2026-03-02T14:30:42","modified_gmt":"2026-03-02T13:30:42","slug":"groepsaccommodaties","status":"publish","type":"page","link":"https:\/\/debevelanden.nl\/de\/jouw-bezoek\/groepsaccommodaties\/","title":{"rendered":"Gruppenunterk\u00fcnfte"},"content":{"rendered":"<section class=\"block page-header block--page-header\">\n                    <div class=\"block--page-header__shape  block--page-header__shape--kapelle\">\n                <svg preserveaspectratio=\"none\"  viewbox=\"0 0 1440 1184\"  class=\"h-100 w-100 d-none d-xl-block\" fill=\"none\" xmlns=\"http:\/\/www.w3.org\/2000\/svg\" aria-hidden=\"true\" focusable=\"false\">\n                    <image href=\"https:\/\/debevelanden.nl\/wp-content\/themes\/debevelanden\/resources\/images\/page-header\/kapelle.svg\" class=\"h-100 w-100\" x=\"0\" y=\"0\"\/>\n                <\/svg>\n                <svg preserveaspectratio=\"none\"  viewbox=\"0 0 320 453\"  class=\"h-100 w-100 d-block d-xl-none\" fill=\"none\" xmlns=\"http:\/\/www.w3.org\/2000\/svg\" aria-hidden=\"true\" focusable=\"false\">\n                    <image href=\"https:\/\/debevelanden.nl\/wp-content\/themes\/debevelanden\/resources\/images\/page-header\/kapelle-mobile.svg\" class=\"h-100 w-100\" x=\"0\" y=\"0\"\/>\n                <\/svg>\n            <\/div>\n                <div class=\"block pb-11\">\n                            <div data-aos=\"fade-up\">\n                                    <\/div>\n                    <\/div>\n        <div class=\"container\">\n            <div class=\"row\">\n                <div class=\"col-xl-9\">\n                    <div class=\"block--page-header__title\" data-aos=\"fade-up\">\n                        <h1 class=\"mb-2 mb-lg-5 h1\" >\n        <span class=\"d-none d-lg-block\">\n            <span class=\"duffy-font\">Gruppenunterk\u00fcnfte <\/span>\n        <\/span>\n\n        <span class=\"d-block d-lg-none\">\n            <span class=\"duffy-font\">Gruppenunterk\u00fcnfte <\/span>\n        <\/span>\n    <\/h1>\n                    <\/div>\n                <\/div>\n                <div class=\"col-xl-3 mt-auto\">\n                                    <\/div>\n                <div class=\"col-md-11 offset-md-1 mt-6\">\n                    <div data-aos=\"fade-up\" data-aos-delay=\"150\">\n                                                    <figure\n        class=\"image block--page-header__media\"\n        \n    >\n        <img decoding=\"async\"\n            class=\"image__img image-position--top\"\n            src=\"https:\/\/debevelanden.nl\/wp-content\/uploads\/2026\/02\/ChatGPT-Image-26-feb-2026-13_31_06-kopie.webp\"\n            alt=\"\"\n            loading=\"lazy\"\n        \/>\n                \n    <\/figure>\n                                            <\/div>\n                <\/div>\n            <\/div>\n        <\/div>\n    <\/section>\n\n\n<section class=\"block quote-text block--quote-text\">\n                <div class=\"container position-relative z-1\">\n            <div class=\"row justify-content-sm-center text-sm-center text-xl-left justify-content-xl-start\">\n                <div class=\"col-sm-10 col-lg-8 col-xl-4 col-xxl-3 offset-xl-1 offset-xxl-2\">\n                    <div class=\"block--quote-text__text\"><span class=\"duffy-font color-dune-pink\">\u201c<\/span>Ein Gruppenaufenthalt in den Bevelanden bietet Raum f\u00fcr gemeinsame Erinnerungen.\u201d<\/div>\n                <\/div>\n                <div class=\"col-xxl-4 col-xl-5 offset-xl-1 mt-9 mt-xl-0\">\n                    <div class=\"text-wrapper intro-text\"><p>De Bevelanden mit Freunden oder Familie entdecken? In der Region gibt es diverse Gruppenunterk\u00fcnfte, in denen das Zusammensein im Mittelpunkt steht. Von ger\u00e4umigen Ferienh\u00e4usern im Gr\u00fcnen bis hin zu komfortablen Unterk\u00fcnften in einem Ferienpark: Die Auswahl f\u00fcr kleine und gro\u00dfe Gruppen ist riesig.<\/p>\n<\/div>\n                                    <\/div>\n            <\/div>\n        <\/div>\n            <\/section>\n\n\n<section class=\"block text block--text\">\n        <div class=\"container\">\n            <div class=\"row justify-content-center\">\n                <div class=\"col-xl-6 col-xxl-5\">\n                                        <div class=\"text-wrapper\"><p>Auf einem Ferienpark genie\u00dfen Sie zus\u00e4tzliche Einrichtungen, wie Spielpl\u00e4tze, Gastronomie oder Fahrradverleih. Andere Unterk\u00fcnfte liegen gerade frei und l\u00e4ndlich, mit Aussicht \u00fcber Weiden oder direkt am Wasser. Hier beginnt der Tag gemeinsam an einem langen Tisch, mit Pl\u00e4nen f\u00fcr eine Wanderung, Radtour oder Besuch eines Dorfes in der N\u00e4he.<\/p>\n<p>Die Atmosph\u00e4re unterscheidet sich je nach Standort: modern und geradlinig oder warm und l\u00e4ndlich. Eine Gruppenunterkunft in de Bevelanden bietet Platz, um gemeinsam Erinnerungen zu schaffen. Tags\u00fcber die Region erkunden, abends bei einem Blick auf die Bevelander Landschaft den Tag Revue passieren lassen, das ist gemeinsames Genie\u00dfen vom Feinsten.<\/p>\n<\/div>\n                    \n                                    <\/div>\n            <\/div>\n        <\/div>\n    <\/section>\n\n\n<section class=\"block space block--space block--double-spacing\"><\/section>\n\n\n<section class=\"block tip-items block--tip-items\">\n        <div class=\"container\">\n            <div class=\"row mb-5\">\n                <div class=\"col-lg my-auto\">\n                    <h2 class=\"mb-0 h2\" >\n        <span class=\"d-none d-lg-block\">\n            Geh auf Entdeckung\n        <\/span>\n\n        <span class=\"d-block d-lg-none\">\n            Geh auf Entdeckung\n        <\/span>\n    <\/h2>\n                <\/div>\n                <div class=\"col-lg-auto my-auto d-none d-lg-block\">\n                                            <a href=\"https:\/\/debevelanden.nl\/de\/tips\/\" class=\"btn btn--dark-green wp-block-quote\">\n                            <span>Alle Tipps<\/span>\n                        <\/a>\n                                    <\/div>\n            <\/div>\n        <\/div>\n        <div class=\"overflow-hidden\">\n            <div class=\"container\">\n                                <div class=\"block--tip-items__swiper swiper-box\">\n                    <div class=\"swiper-wrapper\">\n                                                    \n                                                            <div class=\"swiper-slide\">\n                                    <a href=\"https:\/\/debevelanden.nl\/de\/tips\/het-veerse-meer\/\" class=\"tip-item\" aria-label=\"Mehr \u00fcber Het Veerse Meer erfahren\">\n                                        <div>\n                                            <img decoding=\"async\" src=\"https:\/\/debevelanden.nl\/wp-content\/uploads\/2026\/02\/DSC09022-3.webp\" alt=\"Het Veerse Meer\" class=\"tip-item__image center\">\n                                            \n\n                                            <div class=\"btn btn--transparent btn--transparent--sand-white btn--arrow\">\n                                                <i class=\"icon icon-arrow-right\" aria-hidden=\"true\"><\/i>\n                                                <span>Das Veerse Meer<\/span>\n                                            <\/div>\n                                        <\/div>\n                                    <\/a>\n                                <\/div>\n                                                                                \n                                                            <div class=\"swiper-slide\">\n                                    <a href=\"https:\/\/debevelanden.nl\/de\/tips\/boonmans-wijnmakerij\/\" class=\"tip-item\" aria-label=\"Erfahren Sie mehr \u00fcber die Boonmans Wijnmakerij.\">\n                                        <div>\n                                            <img decoding=\"async\" src=\"https:\/\/debevelanden.nl\/wp-content\/uploads\/2026\/02\/DSC0378-e1772440416400.webp\" alt=\"Boonmans Wijnmakerij\" class=\"tip-item__image center\">\n                                            \n\n                                            <div class=\"btn btn--transparent btn--transparent--sand-white btn--arrow\">\n                                                <i class=\"icon icon-arrow-right\" aria-hidden=\"true\"><\/i>\n                                                <span>Boonmans Weinherstellung<\/span>\n                                            <\/div>\n                                        <\/div>\n                                    <\/a>\n                                <\/div>\n                                                                                \n                                                            <div class=\"swiper-slide\">\n                                    <a href=\"https:\/\/debevelanden.nl\/de\/tips\/theater-de-mythe\/\" class=\"tip-item\" aria-label=\"Mehr \u00fcber Theater de Mythe erfahren\">\n                                        <div>\n                                            <img decoding=\"async\" src=\"https:\/\/debevelanden.nl\/wp-content\/uploads\/2026\/02\/mythe-avond-2.webp\" alt=\"Theater de Mythe\" class=\"tip-item__image center\">\n                                            <span class=\"image__author\"><span class=\"visually-hidden\">Foto gemacht von: <span data-no-translation>Theater de Mythe<\/span><\/span><span aria-hidden=\"true\">Foto: <span data-no-translation>Theater de Mythe<\/span><\/span><\/span>\n\n                                            <div class=\"btn btn--transparent btn--transparent--sand-white btn--arrow\">\n                                                <i class=\"icon icon-arrow-right\" aria-hidden=\"true\"><\/i>\n                                                <span>Theater der Mythos<\/span>\n                                            <\/div>\n                                        <\/div>\n                                    <\/a>\n                                <\/div>\n                                                                                \n                                                            <div class=\"swiper-slide\">\n                                    <a href=\"https:\/\/debevelanden.nl\/de\/tips\/een-rondje-colijnsplaat\/\" class=\"tip-item\" aria-label=\"Mehr erfahren \u00fcber Eine Runde Colijnsplaat\">\n                                        <div>\n                                            <img decoding=\"async\" src=\"https:\/\/debevelanden.nl\/wp-content\/uploads\/2026\/02\/DSC09123-1.webp\" alt=\"Een rondje Colijnsplaat\" class=\"tip-item__image center\">\n                                            \n\n                                            <div class=\"btn btn--transparent btn--transparent--sand-white btn--arrow\">\n                                                <i class=\"icon icon-arrow-right\" aria-hidden=\"true\"><\/i>\n                                                <span>Eine Runde Colijnsplaat<\/span>\n                                            <\/div>\n                                        <\/div>\n                                    <\/a>\n                                <\/div>\n                                                                                \n                                                            <div class=\"swiper-slide\">\n                                    <a href=\"https:\/\/debevelanden.nl\/de\/tips\/boerderijwinkel-hoogstrate\/\" class=\"tip-item\" aria-label=\"Erfahren Sie mehr \u00fcber den Bauernhofladen Hoogstrate\">\n                                        <div>\n                                            <img decoding=\"async\" src=\"https:\/\/debevelanden.nl\/wp-content\/uploads\/2026\/02\/DSC07484-1.webp\" alt=\"Boerderijwinkel Hoogstrate\" class=\"tip-item__image center\">\n                                            \n\n                                            <div class=\"btn btn--transparent btn--transparent--sand-white btn--arrow\">\n                                                <i class=\"icon icon-arrow-right\" aria-hidden=\"true\"><\/i>\n                                                <span>Bauernhofladen Hoogstrate<\/span>\n                                            <\/div>\n                                        <\/div>\n                                    <\/a>\n                                <\/div>\n                                                                                \n                                                            <div class=\"swiper-slide\">\n                                    <a href=\"https:\/\/debevelanden.nl\/de\/tips\/winkelstad-goes\/\" class=\"tip-item\" aria-label=\"Mehr erfahren \u00fcber Winkelstadt Goes\">\n                                        <div>\n                                            <img decoding=\"async\" src=\"https:\/\/debevelanden.nl\/wp-content\/uploads\/2026\/02\/DSC09807.webp\" alt=\"Winkelstad Goes\" class=\"tip-item__image center\">\n                                            \n\n                                            <div class=\"btn btn--transparent btn--transparent--sand-white btn--arrow\">\n                                                <i class=\"icon icon-arrow-right\" aria-hidden=\"true\"><\/i>\n                                                <span>Winkelstadt Goes<\/span>\n                                            <\/div>\n                                        <\/div>\n                                    <\/a>\n                                <\/div>\n                                                                        <\/div>\n                    <div class=\"row mt-5 mt-lg-0\">\n                        <div class=\"col-auto d-block d-lg-none my-auto\">\n                                                            <a href=\"https:\/\/debevelanden.nl\/de\/tips\/\" class=\"btn btn--dark-green wp-block-quote\">\n                                    <span>Alle Tipps<\/span>\n                                <\/a>\n                                                    <\/div>\n                        <div class=\"col text-right my-auto\">\n                            <div class=\"swiper-controls d-flex justify-content-end mt-0 mt-lg-5\">\n    <button\n        type=\"button\"\n        class=\"me-5 swiper-button swiper-button--prev block--tip-items__swiper__nav block--tip-items__swiper__nav-swiper-button--prev\"\n        aria-label=\"Vorheriges Dia\"\n        aria-disabled=\"false\"\n    >\n        <i class=\"icon icon-arrow-left\" aria-hidden=\"true\"><\/i>\n    <\/button>\n    <button\n        type=\"button\"\n        class=\"swiper-button swiper-button--next block--tip-items__swiper__nav block--tip-items__swiper__nav-swiper-button--next\"\n        aria-label=\"N\u00e4chste Folie\"\n        aria-disabled=\"false\"\n    >\n        <i class=\"icon icon-arrow-right\" aria-hidden=\"true\"><\/i>\n    <\/button>\n<\/div>\n                        <\/div>\n                    <\/div>\n                <\/div>\n            <\/div>\n        <\/div>\n    <\/section>","protected":false},"excerpt":{"rendered":"","protected":false},"author":1,"featured_media":1561,"parent":108,"menu_order":6,"comment_status":"closed","ping_status":"closed","template":"","meta":{"_acf_changed":false,"footnotes":""},"class_list":["post-1492","page","type-page","status-publish","has-post-thumbnail","hentry"],"acf":[],"yoast_head":"<!-- This site is optimized with the Yoast SEO plugin v27.0 - https:\/\/yoast.com\/product\/yoast-seo-wordpress\/ -->\n<title>Groepsaccommodaties - De Bevelanden<\/title>\n<meta name=\"description\" content=\"Ontdek de dorpen van De Bevelanden. Van weids en open tot knus en historisch. Beleef een regio verbonden door water en traditie waar je je direct thuis voelt. - Groepsaccommodaties\" \/>\n<meta name=\"robots\" content=\"index, follow, max-snippet:-1, max-image-preview:large, max-video-preview:-1\" \/>\n<link rel=\"canonical\" href=\"https:\/\/debevelanden.nl\/de\/jouw-bezoek\/groepsaccommodaties\/\" \/>\n<meta property=\"og:locale\" content=\"de_DE\" \/>\n<meta property=\"og:type\" content=\"article\" \/>\n<meta property=\"og:title\" content=\"Groepsaccommodaties - De Bevelanden\" \/>\n<meta property=\"og:description\" content=\"Ontdek de dorpen van De Bevelanden. Van weids en open tot knus en historisch. Beleef een regio verbonden door water en traditie waar je je direct thuis voelt. - Groepsaccommodaties\" \/>\n<meta property=\"og:url\" content=\"https:\/\/debevelanden.nl\/de\/jouw-bezoek\/groepsaccommodaties\/\" \/>\n<meta property=\"og:site_name\" content=\"De Bevelanden\" \/>\n<meta property=\"article:modified_time\" content=\"2026-03-02T13:30:42+00:00\" \/>\n<meta property=\"og:image\" content=\"https:\/\/debevelanden.nl\/wp-content\/uploads\/2026\/02\/ChatGPT-Image-26-feb-2026-13_31_06-kopie.webp\" \/>\n\t<meta property=\"og:image:width\" content=\"1536\" \/>\n\t<meta property=\"og:image:height\" content=\"1024\" \/>\n\t<meta property=\"og:image:type\" content=\"image\/webp\" \/>\n<meta name=\"twitter:card\" content=\"summary_large_image\" \/>\n<script type=\"application\/ld+json\" class=\"yoast-schema-graph\">{\"@context\":\"https:\/\/schema.org\",\"@graph\":[{\"@type\":\"WebPage\",\"@id\":\"https:\/\/debevelanden.nl\/jouw-bezoek\/groepsaccommodaties\/\",\"url\":\"https:\/\/debevelanden.nl\/jouw-bezoek\/groepsaccommodaties\/\",\"name\":\"Groepsaccommodaties - De Bevelanden\",\"isPartOf\":{\"@id\":\"https:\/\/debevelanden.nl\/#website\"},\"primaryImageOfPage\":{\"@id\":\"https:\/\/debevelanden.nl\/jouw-bezoek\/groepsaccommodaties\/#primaryimage\"},\"image\":{\"@id\":\"https:\/\/debevelanden.nl\/jouw-bezoek\/groepsaccommodaties\/#primaryimage\"},\"thumbnailUrl\":\"https:\/\/debevelanden.nl\/wp-content\/uploads\/2026\/02\/ChatGPT-Image-26-feb-2026-13_31_06-kopie.webp\",\"datePublished\":\"2026-02-25T14:54:23+00:00\",\"dateModified\":\"2026-03-02T13:30:42+00:00\",\"description\":\"Ontdek de dorpen van De Bevelanden. Van weids en open tot knus en historisch. Beleef een regio verbonden door water en traditie waar je je direct thuis voelt. - Groepsaccommodaties\",\"breadcrumb\":{\"@id\":\"https:\/\/debevelanden.nl\/jouw-bezoek\/groepsaccommodaties\/#breadcrumb\"},\"inLanguage\":\"de\",\"potentialAction\":[{\"@type\":\"ReadAction\",\"target\":[\"https:\/\/debevelanden.nl\/jouw-bezoek\/groepsaccommodaties\/\"]}]},{\"@type\":\"ImageObject\",\"inLanguage\":\"de\",\"@id\":\"https:\/\/debevelanden.nl\/jouw-bezoek\/groepsaccommodaties\/#primaryimage\",\"url\":\"https:\/\/debevelanden.nl\/wp-content\/uploads\/2026\/02\/ChatGPT-Image-26-feb-2026-13_31_06-kopie.webp\",\"contentUrl\":\"https:\/\/debevelanden.nl\/wp-content\/uploads\/2026\/02\/ChatGPT-Image-26-feb-2026-13_31_06-kopie.webp\",\"width\":1536,\"height\":1024},{\"@type\":\"BreadcrumbList\",\"@id\":\"https:\/\/debevelanden.nl\/jouw-bezoek\/groepsaccommodaties\/#breadcrumb\",\"itemListElement\":[{\"@type\":\"ListItem\",\"position\":1,\"name\":\"Home\",\"item\":\"https:\/\/debevelanden.nl\/\"},{\"@type\":\"ListItem\",\"position\":2,\"name\":\"Jouw bezoek\",\"item\":\"https:\/\/debevelanden.nl\/jouw-bezoek\/\"},{\"@type\":\"ListItem\",\"position\":3,\"name\":\"Groepsaccommodaties\"}]},{\"@type\":\"WebSite\",\"@id\":\"https:\/\/debevelanden.nl\/#website\",\"url\":\"https:\/\/debevelanden.nl\/\",\"name\":\"De Bevelanden\",\"description\":\"\",\"potentialAction\":[{\"@type\":\"SearchAction\",\"target\":{\"@type\":\"EntryPoint\",\"urlTemplate\":\"https:\/\/debevelanden.nl\/?s={search_term_string}\"},\"query-input\":{\"@type\":\"PropertyValueSpecification\",\"valueRequired\":true,\"valueName\":\"search_term_string\"}}],\"inLanguage\":\"de\"}]}<\/script>\n<!-- \/ Yoast SEO plugin. -->","yoast_head_json":{"title":"Groepsaccommodaties - De Bevelanden","description":"Ontdek de dorpen van De Bevelanden. Van weids en open tot knus en historisch. Beleef een regio verbonden door water en traditie waar je je direct thuis voelt. - Groepsaccommodaties","robots":{"index":"index","follow":"follow","max-snippet":"max-snippet:-1","max-image-preview":"max-image-preview:large","max-video-preview":"max-video-preview:-1"},"canonical":"https:\/\/debevelanden.nl\/de\/jouw-bezoek\/groepsaccommodaties\/","og_locale":"de_DE","og_type":"article","og_title":"Groepsaccommodaties - De Bevelanden","og_description":"Ontdek de dorpen van De Bevelanden. Van weids en open tot knus en historisch. Beleef een regio verbonden door water en traditie waar je je direct thuis voelt. - Groepsaccommodaties","og_url":"https:\/\/debevelanden.nl\/de\/jouw-bezoek\/groepsaccommodaties\/","og_site_name":"De Bevelanden","article_modified_time":"2026-03-02T13:30:42+00:00","og_image":[{"width":1536,"height":1024,"url":"https:\/\/debevelanden.nl\/wp-content\/uploads\/2026\/02\/ChatGPT-Image-26-feb-2026-13_31_06-kopie.webp","type":"image\/webp"}],"twitter_card":"summary_large_image","schema":{"@context":"https:\/\/schema.org","@graph":[{"@type":"WebPage","@id":"https:\/\/debevelanden.nl\/jouw-bezoek\/groepsaccommodaties\/","url":"https:\/\/debevelanden.nl\/jouw-bezoek\/groepsaccommodaties\/","name":"Groepsaccommodaties - De Bevelanden","isPartOf":{"@id":"https:\/\/debevelanden.nl\/#website"},"primaryImageOfPage":{"@id":"https:\/\/debevelanden.nl\/jouw-bezoek\/groepsaccommodaties\/#primaryimage"},"image":{"@id":"https:\/\/debevelanden.nl\/jouw-bezoek\/groepsaccommodaties\/#primaryimage"},"thumbnailUrl":"https:\/\/debevelanden.nl\/wp-content\/uploads\/2026\/02\/ChatGPT-Image-26-feb-2026-13_31_06-kopie.webp","datePublished":"2026-02-25T14:54:23+00:00","dateModified":"2026-03-02T13:30:42+00:00","description":"Ontdek de dorpen van De Bevelanden. Van weids en open tot knus en historisch. Beleef een regio verbonden door water en traditie waar je je direct thuis voelt. - Groepsaccommodaties","breadcrumb":{"@id":"https:\/\/debevelanden.nl\/jouw-bezoek\/groepsaccommodaties\/#breadcrumb"},"inLanguage":"de","potentialAction":[{"@type":"ReadAction","target":["https:\/\/debevelanden.nl\/jouw-bezoek\/groepsaccommodaties\/"]}]},{"@type":"ImageObject","inLanguage":"de","@id":"https:\/\/debevelanden.nl\/jouw-bezoek\/groepsaccommodaties\/#primaryimage","url":"https:\/\/debevelanden.nl\/wp-content\/uploads\/2026\/02\/ChatGPT-Image-26-feb-2026-13_31_06-kopie.webp","contentUrl":"https:\/\/debevelanden.nl\/wp-content\/uploads\/2026\/02\/ChatGPT-Image-26-feb-2026-13_31_06-kopie.webp","width":1536,"height":1024},{"@type":"BreadcrumbList","@id":"https:\/\/debevelanden.nl\/jouw-bezoek\/groepsaccommodaties\/#breadcrumb","itemListElement":[{"@type":"ListItem","position":1,"name":"Home","item":"https:\/\/debevelanden.nl\/"},{"@type":"ListItem","position":2,"name":"Jouw bezoek","item":"https:\/\/debevelanden.nl\/jouw-bezoek\/"},{"@type":"ListItem","position":3,"name":"Groepsaccommodaties"}]},{"@type":"WebSite","@id":"https:\/\/debevelanden.nl\/#website","url":"https:\/\/debevelanden.nl\/","name":"De Bevelanden","description":"","potentialAction":[{"@type":"SearchAction","target":{"@type":"EntryPoint","urlTemplate":"https:\/\/debevelanden.nl\/?s={search_term_string}"},"query-input":{"@type":"PropertyValueSpecification","valueRequired":true,"valueName":"search_term_string"}}],"inLanguage":"de"}]}},"_links":{"self":[{"href":"https:\/\/debevelanden.nl\/de\/wp-json\/wp\/v2\/pages\/1492","targetHints":{"allow":["GET"]}}],"collection":[{"href":"https:\/\/debevelanden.nl\/de\/wp-json\/wp\/v2\/pages"}],"about":[{"href":"https:\/\/debevelanden.nl\/de\/wp-json\/wp\/v2\/types\/page"}],"author":[{"embeddable":true,"href":"https:\/\/debevelanden.nl\/de\/wp-json\/wp\/v2\/users\/1"}],"replies":[{"embeddable":true,"href":"https:\/\/debevelanden.nl\/de\/wp-json\/wp\/v2\/comments?post=1492"}],"version-history":[{"count":8,"href":"https:\/\/debevelanden.nl\/de\/wp-json\/wp\/v2\/pages\/1492\/revisions"}],"predecessor-version":[{"id":1562,"href":"https:\/\/debevelanden.nl\/de\/wp-json\/wp\/v2\/pages\/1492\/revisions\/1562"}],"up":[{"embeddable":true,"href":"https:\/\/debevelanden.nl\/de\/wp-json\/wp\/v2\/pages\/108"}],"wp:featuredmedia":[{"embeddable":true,"href":"https:\/\/debevelanden.nl\/de\/wp-json\/wp\/v2\/media\/1561"}],"wp:attachment":[{"href":"https:\/\/debevelanden.nl\/de\/wp-json\/wp\/v2\/media?parent=1492"}],"curies":[{"name":"wp","href":"https:\/\/api.w.org\/{rel}","templated":true}]}}