{"id":1666,"date":"2026-03-02T14:24:23","date_gmt":"2026-03-02T13:24:23","guid":{"rendered":"https:\/\/debevelanden.nl\/cookies\/"},"modified":"2026-03-03T09:17:01","modified_gmt":"2026-03-03T08:17:01","slug":"cookies","status":"publish","type":"page","link":"https:\/\/debevelanden.nl\/de\/cookies\/","title":{"rendered":"Kekse"},"content":{"rendered":"<!-- Legal document generated by Complianz | GDPR\/CCPA Cookie Consent https:\/\/wordpress.org\/plugins\/complianz-gdpr -->\n<div id=\"cmplz-document\" class=\"cmplz-document cookie-statement cmplz-document-eu\"><p><i>Dieses Kekserichtlinie wurde zuletzt am 2. M\u00e4rz 2026 aktualisiert und ist f\u00fcr B\u00fcrger und Einwohner mit st\u00e4ndigem Wohnsitz im Europ\u00e4ischen Wirtschaftsraum und der Schweiz g\u00fcltig.<\/i><br><\/p><h2>1. Einf\u00fchrung<\/h2><p>Unsere Website, <a href=\"https:\/\/debevelanden.nl\/de\">https:\/\/debevelanden.nl\/de<\/a> (im Folgenden: \u201cdie Website\u201d) verwendet Cookies und \u00e4hnliche Technologien (der Einfachheit halber werden all diese unter \u201cCookies\u201d zusammengefasst). Cookies werden au\u00dferdem von uns beauftragten Drittparteien platziert. In dem unten stehenden Dokument informieren wir dich \u00fcber die Verwendung von Cookies auf unserer Website.<\/p><h2>2. Was sind Cookies?<\/h2><p>Ein Cookie ist eine einfache kleine Datei, die gemeinsam mit den Seiten einer Internetadresse versendet und vom Webbrowser auf dem PC oder einem anderen Ger\u00e4t gespeichert werden kann. Die darin gespeicherten Informationen k\u00f6nnen w\u00e4hrend folgender Besuche zu unseren oder den Servern relevanter Drittanbieter gesendet werden.<\/p><h2>3. Was sind Skripte?<\/h2><p>Ein Script ist ein St\u00fcck Programmcode, das benutzt wird, um unserer Website Funktionalit\u00e4t und Interaktivit\u00e4t zu erm\u00f6glichen. Dieser Code wird auf unseren Servern oder auf deinem Ger\u00e4t ausgef\u00fchrt.<\/p><h2>4. Was ist ein Web Beacon?<\/h2><p>Ein Web-Beacon (auch Pixel-Tag genannt), ist ein kleines unsichtbares Textfragment oder Bild auf einer Website, das benutzt wird, um den Verkehr auf der Website zu \u00fcberwachen. Um dies zu erm\u00f6glichen werden diverse Daten von dir mittels Web-Beacons gespeichert.<\/p><h2>5. Cookies<\/h2><p class=\"cmplz-subtitle\">5.1 Technische oder funktionale Cookies<\/p><p>Einige Cookies stellen sicher, dass bestimmte Teile der Website ordnungsgem\u00e4\u00df funktionieren und Ihre Benutzereinstellungen weiterhin in Erinnerung bleiben. Durch das Setzen funktionaler Cookies erleichtern wir dir den Besuch unserer Website. Auf diese Weise musst du beim Besuch unserer Website nicht wiederholt dieselben Informationen eingeben, so bleiben Artikel beispielsweise in deinem Warenkorb, bis du bezahlst. Wir k\u00f6nnen diese Cookies ohne deine Einwilligung platzieren.<\/p><p class=\"cmplz-subtitle\">5.2 Analytische Cookies<\/p><p>Wir verwenden analytische Cookies, um das Website-Erlebnis f\u00fcr unsere Nutzer zu optimieren. Mit diesen analytischen Cookies erhalten wir Einblicke in die Nutzung unserer Website. Wir bitten um Ihre Erlaubnis, analytische Cookies zu setzen.<\/p><p class=\"cmplz-subtitle\">5.3 Marketing \/ Tracking-Cookies<\/p><p>Marketing\/Tracking-Cookies sind Cookies oder eine andere Form der lokalen Speicherung, die zur Erstellung von Benutzerprofilen verwendet werden, um Werbung anzuzeigen oder den Benutzer auf dieser Website oder \u00fcber mehrere Websites hinweg f\u00fcr \u00e4hnliche Marketingzwecke zu verfolgen.<\/p><p class=\"cmplz-subtitle\">5.4 Soziale Medien<\/p><p>Auf unserer Website haben wir Inhalte von LinkedIn, WhatsApp, Instagram und Facebook eingebettet, um Webseiten zu bewerben (z. B. \u201cGef\u00e4llt mir\u201d, \u201cPin\u201d) oder zu teilen (z. B. \u201cTweet\u201d) in sozialen Netzwerken wie LinkedIn, WhatsApp, Instagram und Facebook. Dieser Inhalt ist mit einem Code eingebettet, der von LinkedIn, WhatsApp, Instagram und Facebook stammt und Cookies platziert. Diese Inhalte k\u00f6nnen bestimmte Informationen f\u00fcr personalisierte Werbung speichern und verarbeiten.<\/p><p>Bitte lies die Datenschutzerkl\u00e4rung dieser sozialen Netzwerke (die sich regelm\u00e4\u00dfig \u00e4ndern kann), um zu erfahren, wie sie mit deinen (pers\u00f6nlichen) Daten umgehen, die sie mithilfe dieser Cookies verarbeiten. Die abgerufenen Daten werden so weit wie m\u00f6glich anonymisiert. LinkedIn, WhatsApp, Instagram und Facebook hat seine Sitze in den Vereinigten Staaten<\/p><h2>6. Platzierte Cookies<\/h2><div id=\"cmplz-cookies-overview\"><\/div><h2>7. Zustimmung<\/h2><p>Wenn du unsere Website das erste Mal besuchst, zeigen wir dir ein Pop-Up mit einer Erkl\u00e4rung \u00fcber Cookies. Sobald du auf \u201eEinstellungen speichern\u201c klickst, gibst du uns deine Einwilligung alle von dir gew\u00e4hlten Kategorien von Cookies und Plugins wie in dieser Cookie-Erkl\u00e4rung beschrieben zu verwenden. Du kannst die Verwendung von Cookies \u00fcber deinen Browser deaktivieren, aber bitte beachte, dass unsere Website dann unter Umst\u00e4nden nicht richtig funktioniert.<\/p><p class=\"cmplz-subtitle\">7.1 Verwalte deine Einwilligungseinstellungen<\/p><div id=\"cmplz-manage-consent-container-nojavascript\">You loaded the cookie policy without Javascript support. Under AMP, you can use the consent button at the bottom of the page.<\/div><div id=\"cmplz-manage-consent-container\" name=\"cmplz-manage-consent-container\" class=\"cmplz-manage-consent-container\"><\/div><h2>8. Aktivierung\/Deaktivierung und L\u00f6schen von Cookies<\/h2><p>Du kannst deinen Internetbrowser verwenden um automatisch oder manuell Cookies zu l\u00f6schen. Du kannst au\u00dferdem spezifizieren, ob spezielle Cookies nicht platziert werden sollen. Eine andere M\u00f6glichkeit ist es deinen Internetbrowser derart einzurichten, dass du jedes Mal benachrichtigt wirst, wenn ein Cookie platziert wird. F\u00fcr weitere Informationen \u00fcber diese M\u00f6glichkeiten beachte die Anweisungen in der Hilfesektion deines Browsers.<\/p><p>Bitte nehmen Sie zur Kenntnis, dass unsere Website m\u00f6glicherweise nicht richtig funktioniert, wenn alle Cookies deaktiviert sind. Wenn du die Cookies in deinem Browser l\u00f6scht, werden diese neu platziert, wenn du unsere Website erneut besuchst.<\/p><h2>9. Ihre Rechte in Bezug auf personenbezogene Daten<\/h2><p>Du hast folgende Rechte in Bezug auf deine personenbezogenen Daten:<\/p><ul>\n                    <li>Du hast das Recht zu erfahren, warum deine personenbezogenen Daten ben\u00f6tigt werden, was damit passiert und wie lange sie aufbewahrt werden.<\/li>\n                    <li>Auskunftsrecht: Du hast das Recht deine uns bekannten pers\u00f6nlichen Daten einzusehen.\n\t<\/li>\n                    <li>Recht auf Berichtigung: Du hast das Recht wann immer du w\u00fcnscht, deine personenbezogenen Daten zu erg\u00e4nzen, zu korrigieren sowie gel\u00f6scht oder blockiert zu bekommen.<\/li>\n                    <li>Wenn du uns deine Einwilligung zur Verarbeitung deiner Daten erteilst, hast du das Recht diese Einwilligung zu widerrufen und deine personenbezogenen Daten l\u00f6schen zu lassen.<\/li>\n                    <li>Recht auf Daten\u00fcbertragbarkeit: Du hast das Recht, alle deine personenbezogenen Daten von dem f\u00fcr die Verantwortlichen anzufordern und sie vollst\u00e4ndig an einen anderen f\u00fcr die Verantwortlichen zu \u00fcbermitteln.<\/li>\n                    <li>Widerspruchsrecht: Du kannst der Verarbeitung deiner Daten widersprechen. Wir entsprechen dem, es sei denn, es gibt berechtigte Gr\u00fcnde f\u00fcr die Verarbeitung.<\/li>\n                <\/ul><p>Um diese Rechte auszu\u00fcben kontaktiere uns bitte. Bitte beziehe dich auf die Kontaktdaten am Ende dieser Cookie-Erkl\u00e4rung. Wenn du eine Beschwerde dar\u00fcber hast, wie wir deine Daten behandeln, w\u00fcrden wir diese gerne h\u00f6ren, aber du hast auch das Recht diese an die Aufsichtsbeh\u00f6rde (Datenschutzbeh\u00f6rde) zu richten.<\/p><h2>10. Kontaktdaten<\/h2><p>F\u00fcr Fragen und\/oder Kommentare \u00fcber unsere Cookie-Richtlinien und diese Aussage kontaktieren Sie uns bitte mittels der folgenden Kontaktdaten:<\/p><p><span class=\"cmplz-contact-organisation\">De Bevelanden<\/span><br>\n                      <span class=\"cmplz-contact-address\">Voorstraat 31, 4491 EV Wissenkerke<\/span><br>\n                      <span class=\"cmplz-contact-country\">Niederlande<\/span><br>\n                    Website: <span class=\"cmplz-contact-domain\"><a href=\"https:\/\/debevelanden.nl\/de\">https:\/\/debevelanden.nl\/de<\/a><\/span><br>\n                    E-Mail: <span class=\"cmplz-contact-email\"><span class=\"cmplz-obfuscate\">&#098;&#101;l&#101;v&#105;n&#103;@<span class=\"cmplz-fmail-domain\">ex&#046;c&#111;m<\/span>&#100;&#101;b&#101;velanden.nl<\/span><\/span><br>\n                    <span class=\"cmplz-contact-telephone\"><\/span><\/p><p>Diese Cookie-Richtlinie wurde mit <a href=\"https:\/\/cookiedatabase.org\/\" target=\"_blank\">kukidatenbank.org<\/a> am 2. M\u00e4rz 2026 synchronisiert.<\/p><\/div>","protected":false},"excerpt":{"rendered":"","protected":false},"author":1,"featured_media":0,"parent":0,"menu_order":2,"comment_status":"closed","ping_status":"closed","template":"","meta":{"_acf_changed":false,"footnotes":""},"class_list":["post-1666","page","type-page","status-publish","hentry"],"acf":[],"yoast_head":"<!-- This site is optimized with the Yoast SEO plugin v27.0 - https:\/\/yoast.com\/product\/yoast-seo-wordpress\/ -->\n<title>Cookies - De Bevelanden<\/title>\n<meta name=\"description\" content=\"Ontdek de dorpen van De Bevelanden. Van weids en open tot knus en historisch. Beleef een regio verbonden door water en traditie waar je je direct thuis voelt. - Cookies\" \/>\n<meta name=\"robots\" content=\"noindex, nofollow\" \/>\n<meta property=\"og:locale\" content=\"de_DE\" \/>\n<meta property=\"og:type\" content=\"article\" \/>\n<meta property=\"og:title\" content=\"Cookies - De Bevelanden\" \/>\n<meta property=\"og:description\" content=\"Ontdek de dorpen van De Bevelanden. Van weids en open tot knus en historisch. Beleef een regio verbonden door water en traditie waar je je direct thuis voelt. - Cookies\" \/>\n<meta property=\"og:url\" content=\"https:\/\/debevelanden.nl\/de\/cookies\/\" \/>\n<meta property=\"og:site_name\" content=\"De Bevelanden\" \/>\n<meta property=\"article:modified_time\" content=\"2026-03-03T08:17:01+00:00\" \/>\n<meta name=\"twitter:card\" content=\"summary_large_image\" \/>\n<script type=\"application\/ld+json\" class=\"yoast-schema-graph\">{\"@context\":\"https:\/\/schema.org\",\"@graph\":[{\"@type\":\"WebPage\",\"@id\":\"https:\/\/debevelanden.nl\/cookies\/\",\"url\":\"https:\/\/debevelanden.nl\/cookies\/\",\"name\":\"Cookies - De Bevelanden\",\"isPartOf\":{\"@id\":\"https:\/\/debevelanden.nl\/#website\"},\"datePublished\":\"2026-03-02T13:24:23+00:00\",\"dateModified\":\"2026-03-03T08:17:01+00:00\",\"description\":\"Ontdek de dorpen van De Bevelanden. Van weids en open tot knus en historisch. Beleef een regio verbonden door water en traditie waar je je direct thuis voelt. - Cookies\",\"breadcrumb\":{\"@id\":\"https:\/\/debevelanden.nl\/cookies\/#breadcrumb\"},\"inLanguage\":\"de\",\"potentialAction\":[{\"@type\":\"ReadAction\",\"target\":[\"https:\/\/debevelanden.nl\/cookies\/\"]}]},{\"@type\":\"BreadcrumbList\",\"@id\":\"https:\/\/debevelanden.nl\/cookies\/#breadcrumb\",\"itemListElement\":[{\"@type\":\"ListItem\",\"position\":1,\"name\":\"Home\",\"item\":\"https:\/\/debevelanden.nl\/\"},{\"@type\":\"ListItem\",\"position\":2,\"name\":\"Cookies\"}]},{\"@type\":\"WebSite\",\"@id\":\"https:\/\/debevelanden.nl\/#website\",\"url\":\"https:\/\/debevelanden.nl\/\",\"name\":\"De Bevelanden\",\"description\":\"\",\"potentialAction\":[{\"@type\":\"SearchAction\",\"target\":{\"@type\":\"EntryPoint\",\"urlTemplate\":\"https:\/\/debevelanden.nl\/?s={search_term_string}\"},\"query-input\":{\"@type\":\"PropertyValueSpecification\",\"valueRequired\":true,\"valueName\":\"search_term_string\"}}],\"inLanguage\":\"de\"}]}<\/script>\n<!-- \/ Yoast SEO plugin. -->","yoast_head_json":{"title":"Cookies - De Bevelanden","description":"Ontdek de dorpen van De Bevelanden. Van weids en open tot knus en historisch. Beleef een regio verbonden door water en traditie waar je je direct thuis voelt. - Cookies","robots":{"index":"noindex","follow":"nofollow"},"og_locale":"de_DE","og_type":"article","og_title":"Cookies - De Bevelanden","og_description":"Ontdek de dorpen van De Bevelanden. Van weids en open tot knus en historisch. Beleef een regio verbonden door water en traditie waar je je direct thuis voelt. - Cookies","og_url":"https:\/\/debevelanden.nl\/de\/cookies\/","og_site_name":"De Bevelanden","article_modified_time":"2026-03-03T08:17:01+00:00","twitter_card":"summary_large_image","schema":{"@context":"https:\/\/schema.org","@graph":[{"@type":"WebPage","@id":"https:\/\/debevelanden.nl\/cookies\/","url":"https:\/\/debevelanden.nl\/cookies\/","name":"Cookies - De Bevelanden","isPartOf":{"@id":"https:\/\/debevelanden.nl\/#website"},"datePublished":"2026-03-02T13:24:23+00:00","dateModified":"2026-03-03T08:17:01+00:00","description":"Ontdek de dorpen van De Bevelanden. Van weids en open tot knus en historisch. Beleef een regio verbonden door water en traditie waar je je direct thuis voelt. - Cookies","breadcrumb":{"@id":"https:\/\/debevelanden.nl\/cookies\/#breadcrumb"},"inLanguage":"de","potentialAction":[{"@type":"ReadAction","target":["https:\/\/debevelanden.nl\/cookies\/"]}]},{"@type":"BreadcrumbList","@id":"https:\/\/debevelanden.nl\/cookies\/#breadcrumb","itemListElement":[{"@type":"ListItem","position":1,"name":"Home","item":"https:\/\/debevelanden.nl\/"},{"@type":"ListItem","position":2,"name":"Cookies"}]},{"@type":"WebSite","@id":"https:\/\/debevelanden.nl\/#website","url":"https:\/\/debevelanden.nl\/","name":"De Bevelanden","description":"","potentialAction":[{"@type":"SearchAction","target":{"@type":"EntryPoint","urlTemplate":"https:\/\/debevelanden.nl\/?s={search_term_string}"},"query-input":{"@type":"PropertyValueSpecification","valueRequired":true,"valueName":"search_term_string"}}],"inLanguage":"de"}]}},"_links":{"self":[{"href":"https:\/\/debevelanden.nl\/de\/wp-json\/wp\/v2\/pages\/1666","targetHints":{"allow":["GET"]}}],"collection":[{"href":"https:\/\/debevelanden.nl\/de\/wp-json\/wp\/v2\/pages"}],"about":[{"href":"https:\/\/debevelanden.nl\/de\/wp-json\/wp\/v2\/types\/page"}],"author":[{"embeddable":true,"href":"https:\/\/debevelanden.nl\/de\/wp-json\/wp\/v2\/users\/1"}],"replies":[{"embeddable":true,"href":"https:\/\/debevelanden.nl\/de\/wp-json\/wp\/v2\/comments?post=1666"}],"version-history":[{"count":1,"href":"https:\/\/debevelanden.nl\/de\/wp-json\/wp\/v2\/pages\/1666\/revisions"}],"predecessor-version":[{"id":1676,"href":"https:\/\/debevelanden.nl\/de\/wp-json\/wp\/v2\/pages\/1666\/revisions\/1676"}],"wp:attachment":[{"href":"https:\/\/debevelanden.nl\/de\/wp-json\/wp\/v2\/media?parent=1666"}],"curies":[{"name":"wp","href":"https:\/\/api.w.org\/{rel}","templated":true}]}}