{"id":1688,"date":"2026-03-04T08:48:29","date_gmt":"2026-03-04T07:48:29","guid":{"rendered":"https:\/\/debevelanden.nl\/?page_id=1688"},"modified":"2026-03-26T09:53:16","modified_gmt":"2026-03-26T08:53:16","slug":"interreg-beleefbare-schelde","status":"publish","type":"page","link":"https:\/\/debevelanden.nl\/de\/interreg-beleefbare-schelde\/","title":{"rendered":"Interreg (Be)Lebenswerte Schelde"},"content":{"rendered":"<section class=\"block page-header block--page-header\">\n                    <div class=\"block--page-header__shape  block--page-header__shape--reimerswaal\">\n                <svg preserveaspectratio=\"none\"  viewbox=\"0 0 1440 1004\"  class=\"h-100 w-100 d-none d-xl-block\" fill=\"none\" xmlns=\"http:\/\/www.w3.org\/2000\/svg\" aria-hidden=\"true\" focusable=\"false\">\n                    <image href=\"https:\/\/debevelanden.nl\/wp-content\/themes\/debevelanden\/resources\/images\/page-header\/reimerswaal.svg\" class=\"h-100 w-100\" x=\"0\" y=\"0\"\/>\n                <\/svg>\n                <svg preserveaspectratio=\"none\"  viewbox=\"0 0 321 407\"  class=\"h-100 w-100 d-block d-xl-none\" fill=\"none\" xmlns=\"http:\/\/www.w3.org\/2000\/svg\" aria-hidden=\"true\" focusable=\"false\">\n                    <image href=\"https:\/\/debevelanden.nl\/wp-content\/themes\/debevelanden\/resources\/images\/page-header\/reimerswaal-mobile.svg\" class=\"h-100 w-100\" x=\"0\" y=\"0\"\/>\n                <\/svg>\n            <\/div>\n                <div class=\"block pb-11\">\n                            <div data-aos=\"fade-up\">\n                                    <\/div>\n                    <\/div>\n        <div class=\"container\">\n            <div class=\"row\">\n                <div class=\"col-xl-9\">\n                    <div class=\"block--page-header__title\" data-aos=\"fade-up\">\n                        <h1 class=\"mb-2 mb-lg-5 h1\" >\n        <span class=\"d-none d-lg-block\">\n            Interreg (Be)Lebenswerte Schelde\n        <\/span>\n\n        <span class=\"d-block d-lg-none\">\n            Interreg (Be)Lebenswerte Schelde\n        <\/span>\n    <\/h1>\n                    <\/div>\n                <\/div>\n                <div class=\"col-xl-3 mt-auto\">\n                                    <\/div>\n                <div class=\"col-md-11 offset-md-1 mt-6\">\n                    <div data-aos=\"fade-up\" data-aos-delay=\"150\">\n                                                    <figure\n        class=\"image block--page-header__media\"\n        \n    >\n        <img decoding=\"async\"\n            class=\"image__img image-position--center\"\n            src=\"https:\/\/debevelanden.nl\/wp-content\/uploads\/2026\/03\/interreg-2-1.webp\"\n            alt=\"\"\n            loading=\"lazy\"\n        \/>\n                \n    <\/figure>\n                                            <\/div>\n                <\/div>\n            <\/div>\n        <\/div>\n    <\/section>\n\n\n<section class=\"block text block--text\">\n        <div class=\"container\">\n            <div class=\"row justify-content-center\">\n                <div class=\"col-xl-6 col-xxl-5\">\n                                        <div class=\"text-wrapper\"><p>Die Entwicklung von debevelanden.nl wurde erm\u00f6glicht durch einen Beitrag von <a href=\"https:\/\/interregvlaned.eu\/\">Interreg Flandern-Niederlande<\/a> \u00fcber das Projekt <a href=\"https:\/\/interregvlaned.eu\/beleefbare-schelde\/over-ons\">Erlebbare Schelde<\/a>.<\/p>\n<\/div>\n                    \n                                    <\/div>\n            <\/div>\n        <\/div>\n    <\/section>\n\n\n<section class=\"block text block--text block--no-spacing-top\">\n        <div class=\"container\">\n            <div class=\"row justify-content-center\">\n                <div class=\"col-xl-6 col-xxl-5\">\n                    <h2 class=\"wp-block-text h2\" >\n        <span class=\"d-none d-lg-block\">\n            Gemeinsam an einer lebenswerten Schelderegion arbeiten\n        <\/span>\n\n        <span class=\"d-block d-lg-none\">\n            Gemeinsam an einer lebenswerten Schelderegion arbeiten\n        <\/span>\n    <\/h2>\n                    <div class=\"text-wrapper\"><p data-start=\"530\" data-end=\"815\">Lebendige Schelde ist ein grenz\u00fcberschreitendes Kooperationsprojekt zwischen Partnern in den Niederlanden und Flandern. Das Projekt konzentriert sich auf die Steigerung der touristischen Attraktivit\u00e4t der Schelderegion von Zeeland und West-Brabant bis Ost- und West-Flandern und Antwerpen.<\/p>\n<p data-start=\"817\" data-end=\"1130\">Middels innovatieve verhaallijnen, belevingsroutes, fysieke en digitale \u201cpoorten\u201d en samenwerking tussen overheden, erfgoedinstellingen en recreatieve partners wordt de regio als \u00e9\u00e9n samenhangend gebied gepositioneerd. Thema's als water, landschap, klimaat, cultuur en geschiedenis staan hierbij centraal.<\/p>\n<h4>De Bevelanden als Teil des gr\u00f6\u00dferen Ganzen<\/h4>\n<p>Die f\u00fcnf Gemeinden von Beveland: Kapelle, Noord-Beveland, Zuid-Beveland, Borsele, Goes und Reimerswaal bilden einen wesentlichen Bestandteil des Scheldedeltagebiets. Die Landschaft ist gepr\u00e4gt vom jahrhundertelangen Wechselspiel zwischen Mensch und Wasser: von Landgewinnung und Deichen bis hin zu H\u00e4fen, Obstbau und ertrunkenen D\u00f6rfern.<\/p>\n<p>Mit debevelanden.nl bringen wir diese Geschichte auf einer regionalen Plattform zusammen. Das Portal verbindet Besucher, Unternehmer und Einwohner und macht das Angebot in den Bereichen Natur, Kultur, Erholung, Veranstaltungen und Unterkunft \u00fcbersichtlich und zug\u00e4nglich.<\/p>\n<h4>Beitrag zur nachhaltigen touristischen Entwicklung<\/h4>\n<p>Dankzij de ondersteuning vanuit (Be)leefbare Schelde kunnen we:<\/p>\n<ul>\n<li>die touristische Sichtbarkeit der Bevelanden st\u00e4rken<\/li>\n<li>das regionale Angebot besser erschlie\u00dfen und vernetzen<\/li>\n<li>beitragen zur nachhaltigen Verteilung von Besuchern in der Schelderegion<\/li>\n<\/ul>\n<p>Mit dieser Zusammenarbeit bauen wir mit an einer starken, zukunftsf\u00e4higen und erleb\u00adbaren Schelderegion.<\/p>\n<h2>Formelle Subventionserkl\u00e4rung<\/h2>\n<p>Die Entwicklung der regionalen Tourismusplattform debevelanden.nl wurde durch einen finanziellen Beitrag aus dem Projekt erm\u00f6glicht <a href=\"https:\/\/interregvlaned.eu\/beleefbare-schelde\/over-ons\">Erlebbare Schelde<\/a>, die innerhalb des Programms ausgef\u00fchrt wird <a href=\"https:\/\/interregvlaned.eu\/\">Interreg Flandern-Niederlande<\/a>.<\/p>\n<p>Dieses Programm wird unterst\u00fctzt vom <a href=\"https:\/\/www.rijksoverheid.nl\/onderwerpen\/europese-subsidies\/europese-structuur--en-investeringsfondsen\/europees-fonds-voor-regionale-ontwikkeling-efro\">Europ\u00e4ischer Fonds f\u00fcr regionale Entwicklung (EFRE)<\/a> Es stimuliert die grenz\u00fcberschreitende Zusammenarbeit zwischen Partnern in Flandern und den Niederlanden.<\/p>\n<p>Mit diesem Beitrag zielen wir auf die St\u00e4rkung der touristischen und Freizeitm\u00e4\u00dfigen Entwicklung der Schelderegion, die Erh\u00f6hung der Erlebbarkeit des Gebiets und die nachhaltige Verkn\u00fcpfung regionaler Initiativen ab.<\/p>\n<\/div>\n                    \n                                    <\/div>\n            <\/div>\n        <\/div>\n    <\/section>","protected":false},"excerpt":{"rendered":"","protected":false},"author":1,"featured_media":0,"parent":0,"menu_order":1,"comment_status":"closed","ping_status":"closed","template":"","meta":{"_acf_changed":false,"footnotes":""},"class_list":["post-1688","page","type-page","status-publish","hentry"],"acf":[],"yoast_head":"<!-- This site is optimized with the Yoast SEO plugin v27.0 - https:\/\/yoast.com\/product\/yoast-seo-wordpress\/ -->\n<title>Interreg (Be)Leefbare Schelde - De Bevelanden<\/title>\n<meta name=\"description\" content=\"Ontdek de dorpen van De Bevelanden. Van weids en open tot knus en historisch. Beleef een regio verbonden door water en traditie waar je je direct thuis voelt. - Interreg (Be)Leefbare Schelde\" \/>\n<meta name=\"robots\" content=\"index, follow, max-snippet:-1, max-image-preview:large, max-video-preview:-1\" \/>\n<link rel=\"canonical\" href=\"https:\/\/debevelanden.nl\/de\/interreg-beleefbare-schelde\/\" \/>\n<meta property=\"og:locale\" content=\"de_DE\" \/>\n<meta property=\"og:type\" content=\"article\" \/>\n<meta property=\"og:title\" content=\"Interreg (Be)Leefbare Schelde - De Bevelanden\" \/>\n<meta property=\"og:description\" content=\"Ontdek de dorpen van De Bevelanden. Van weids en open tot knus en historisch. Beleef een regio verbonden door water en traditie waar je je direct thuis voelt. - Interreg (Be)Leefbare Schelde\" \/>\n<meta property=\"og:url\" content=\"https:\/\/debevelanden.nl\/de\/interreg-beleefbare-schelde\/\" \/>\n<meta property=\"og:site_name\" content=\"De Bevelanden\" \/>\n<meta property=\"article:modified_time\" content=\"2026-03-26T08:53:16+00:00\" \/>\n<meta name=\"twitter:card\" content=\"summary_large_image\" \/>\n<script type=\"application\/ld+json\" class=\"yoast-schema-graph\">{\"@context\":\"https:\/\/schema.org\",\"@graph\":[{\"@type\":\"WebPage\",\"@id\":\"https:\/\/debevelanden.nl\/interreg-beleefbare-schelde\/\",\"url\":\"https:\/\/debevelanden.nl\/interreg-beleefbare-schelde\/\",\"name\":\"Interreg (Be)Leefbare Schelde - De Bevelanden\",\"isPartOf\":{\"@id\":\"https:\/\/debevelanden.nl\/#website\"},\"datePublished\":\"2026-03-04T07:48:29+00:00\",\"dateModified\":\"2026-03-26T08:53:16+00:00\",\"description\":\"Ontdek de dorpen van De Bevelanden. Van weids en open tot knus en historisch. Beleef een regio verbonden door water en traditie waar je je direct thuis voelt. - Interreg (Be)Leefbare Schelde\",\"breadcrumb\":{\"@id\":\"https:\/\/debevelanden.nl\/interreg-beleefbare-schelde\/#breadcrumb\"},\"inLanguage\":\"de\",\"potentialAction\":[{\"@type\":\"ReadAction\",\"target\":[\"https:\/\/debevelanden.nl\/interreg-beleefbare-schelde\/\"]}]},{\"@type\":\"BreadcrumbList\",\"@id\":\"https:\/\/debevelanden.nl\/interreg-beleefbare-schelde\/#breadcrumb\",\"itemListElement\":[{\"@type\":\"ListItem\",\"position\":1,\"name\":\"Home\",\"item\":\"https:\/\/debevelanden.nl\/\"},{\"@type\":\"ListItem\",\"position\":2,\"name\":\"Interreg (Be)Leefbare Schelde\"}]},{\"@type\":\"WebSite\",\"@id\":\"https:\/\/debevelanden.nl\/#website\",\"url\":\"https:\/\/debevelanden.nl\/\",\"name\":\"De Bevelanden\",\"description\":\"\",\"potentialAction\":[{\"@type\":\"SearchAction\",\"target\":{\"@type\":\"EntryPoint\",\"urlTemplate\":\"https:\/\/debevelanden.nl\/?s={search_term_string}\"},\"query-input\":{\"@type\":\"PropertyValueSpecification\",\"valueRequired\":true,\"valueName\":\"search_term_string\"}}],\"inLanguage\":\"de\"}]}<\/script>\n<!-- \/ Yoast SEO plugin. -->","yoast_head_json":{"title":"Interreg (Be)Leefbare Schelde - De Bevelanden","description":"Ontdek de dorpen van De Bevelanden. Van weids en open tot knus en historisch. Beleef een regio verbonden door water en traditie waar je je direct thuis voelt. - Interreg (Be)Leefbare Schelde","robots":{"index":"index","follow":"follow","max-snippet":"max-snippet:-1","max-image-preview":"max-image-preview:large","max-video-preview":"max-video-preview:-1"},"canonical":"https:\/\/debevelanden.nl\/de\/interreg-beleefbare-schelde\/","og_locale":"de_DE","og_type":"article","og_title":"Interreg (Be)Leefbare Schelde - De Bevelanden","og_description":"Ontdek de dorpen van De Bevelanden. Van weids en open tot knus en historisch. Beleef een regio verbonden door water en traditie waar je je direct thuis voelt. - Interreg (Be)Leefbare Schelde","og_url":"https:\/\/debevelanden.nl\/de\/interreg-beleefbare-schelde\/","og_site_name":"De Bevelanden","article_modified_time":"2026-03-26T08:53:16+00:00","twitter_card":"summary_large_image","schema":{"@context":"https:\/\/schema.org","@graph":[{"@type":"WebPage","@id":"https:\/\/debevelanden.nl\/interreg-beleefbare-schelde\/","url":"https:\/\/debevelanden.nl\/interreg-beleefbare-schelde\/","name":"Interreg (Be)Leefbare Schelde - De Bevelanden","isPartOf":{"@id":"https:\/\/debevelanden.nl\/#website"},"datePublished":"2026-03-04T07:48:29+00:00","dateModified":"2026-03-26T08:53:16+00:00","description":"Ontdek de dorpen van De Bevelanden. Van weids en open tot knus en historisch. Beleef een regio verbonden door water en traditie waar je je direct thuis voelt. - Interreg (Be)Leefbare Schelde","breadcrumb":{"@id":"https:\/\/debevelanden.nl\/interreg-beleefbare-schelde\/#breadcrumb"},"inLanguage":"de","potentialAction":[{"@type":"ReadAction","target":["https:\/\/debevelanden.nl\/interreg-beleefbare-schelde\/"]}]},{"@type":"BreadcrumbList","@id":"https:\/\/debevelanden.nl\/interreg-beleefbare-schelde\/#breadcrumb","itemListElement":[{"@type":"ListItem","position":1,"name":"Home","item":"https:\/\/debevelanden.nl\/"},{"@type":"ListItem","position":2,"name":"Interreg (Be)Leefbare Schelde"}]},{"@type":"WebSite","@id":"https:\/\/debevelanden.nl\/#website","url":"https:\/\/debevelanden.nl\/","name":"De Bevelanden","description":"","potentialAction":[{"@type":"SearchAction","target":{"@type":"EntryPoint","urlTemplate":"https:\/\/debevelanden.nl\/?s={search_term_string}"},"query-input":{"@type":"PropertyValueSpecification","valueRequired":true,"valueName":"search_term_string"}}],"inLanguage":"de"}]}},"_links":{"self":[{"href":"https:\/\/debevelanden.nl\/de\/wp-json\/wp\/v2\/pages\/1688","targetHints":{"allow":["GET"]}}],"collection":[{"href":"https:\/\/debevelanden.nl\/de\/wp-json\/wp\/v2\/pages"}],"about":[{"href":"https:\/\/debevelanden.nl\/de\/wp-json\/wp\/v2\/types\/page"}],"author":[{"embeddable":true,"href":"https:\/\/debevelanden.nl\/de\/wp-json\/wp\/v2\/users\/1"}],"replies":[{"embeddable":true,"href":"https:\/\/debevelanden.nl\/de\/wp-json\/wp\/v2\/comments?post=1688"}],"version-history":[{"count":17,"href":"https:\/\/debevelanden.nl\/de\/wp-json\/wp\/v2\/pages\/1688\/revisions"}],"predecessor-version":[{"id":1760,"href":"https:\/\/debevelanden.nl\/de\/wp-json\/wp\/v2\/pages\/1688\/revisions\/1760"}],"wp:attachment":[{"href":"https:\/\/debevelanden.nl\/de\/wp-json\/wp\/v2\/media?parent=1688"}],"curies":[{"name":"wp","href":"https:\/\/api.w.org\/{rel}","templated":true}]}}